{"id":158459,"date":"2025-12-08T12:55:53","date_gmt":"2025-12-08T09:55:53","guid":{"rendered":"https:\/\/kingarms.ee\/product\/remington-patchwork-jaka\/"},"modified":"2025-12-08T12:59:12","modified_gmt":"2025-12-08T09:59:12","slug":"remington-patchwork-jaka","status":"publish","type":"product","link":"https:\/\/kingarms.ee\/lv\/product\/remington-patchwork-jaka\/","title":{"rendered":"Remington Patchwork jaka"},"content":{"rendered":"","protected":false},"excerpt":{"rendered":"<p>Remington Patchwork jaka ir stil\u012bga, moderna un praktiska izv\u0113le gan akt\u012bvai atp\u016btai, gan ikdienas valk\u0101\u0161anai. Patchwork dizains apvieno da\u017e\u0101das tekst\u016bras un to\u0146us, pie\u0161\u0137irot jakai unik\u0101lu un paman\u0101mu izskatu. Iztur\u012bgs audums pasarg\u0101 no v\u0113ja un viegla lietus, vienlaikus nodro\u0161inot kust\u012bbu br\u012bv\u012bbu un komfortu. Siltin\u0101t\u0101 odere pal\u012bdz saglab\u0101t siltumu v\u0113s\u0101k\u0101 laik\u0101, bet vair\u0101kas kabatas \u013cauj \u0113rti glab\u0101t nepiecie\u0161amos priek\u0161metus. Jaka ir lieliski piem\u0113rota pastaig\u0101m, ce\u013co\u0161anai un akt\u012bvam pils\u0113tas dz\u012bvesveidam. Univers\u0101lais dizains apvieno funkcionalit\u0101ti, iztur\u012bbu un modernu stilu.     <\/p>\n","protected":false},"featured_media":158415,"template":"","meta":{"_acf_changed":false},"product_brand":[],"product_cat":[1071],"product_tag":[],"class_list":{"0":"post-158459","1":"product","2":"type-product","3":"status-publish","4":"has-post-thumbnail","6":"product_cat-apvalks","8":"first","9":"instock","10":"taxable","11":"shipping-taxable","12":"purchasable","13":"product-type-variable"},"acf":[],"_links":{"self":[{"href":"https:\/\/kingarms.ee\/lv\/wp-json\/wp\/v2\/product\/158459","targetHints":{"allow":["GET"]}}],"collection":[{"href":"https:\/\/kingarms.ee\/lv\/wp-json\/wp\/v2\/product"}],"about":[{"href":"https:\/\/kingarms.ee\/lv\/wp-json\/wp\/v2\/types\/product"}],"wp:featuredmedia":[{"embeddable":true,"href":"https:\/\/kingarms.ee\/lv\/wp-json\/wp\/v2\/media\/158415"}],"wp:attachment":[{"href":"https:\/\/kingarms.ee\/lv\/wp-json\/wp\/v2\/media?parent=158459"}],"wp:term":[{"taxonomy":"product_brand","embeddable":true,"href":"https:\/\/kingarms.ee\/lv\/wp-json\/wp\/v2\/product_brand?post=158459"},{"taxonomy":"product_cat","embeddable":true,"href":"https:\/\/kingarms.ee\/lv\/wp-json\/wp\/v2\/product_cat?post=158459"},{"taxonomy":"product_tag","embeddable":true,"href":"https:\/\/kingarms.ee\/lv\/wp-json\/wp\/v2\/product_tag?post=158459"}],"curies":[{"name":"wp","href":"https:\/\/api.w.org\/{rel}","templated":true}]}}