{"id":158523,"date":"2025-12-08T13:13:29","date_gmt":"2025-12-08T10:13:29","guid":{"rendered":"https:\/\/kingarms.ee\/product\/remington-raven-ii-figure-jaka\/"},"modified":"2025-12-08T13:15:40","modified_gmt":"2025-12-08T10:15:40","slug":"remington-raven-ii-figure-jaka","status":"publish","type":"product","link":"https:\/\/kingarms.ee\/lv\/product\/remington-raven-ii-figure-jaka\/","title":{"rendered":"Remington Raven II Figure jaka"},"content":{"rendered":"","protected":false},"excerpt":{"rendered":"<p>Remington Raven II Figure jaka ir moderna, funkcion\u0101la un iztur\u012bga izv\u0113le akt\u012bvai lieto\u0161anai gan pils\u0113t\u0101, gan dab\u0101. Unik\u0101lais Figure raksts pie\u0161\u0137ir jakai dinamisku un stil\u012bgu izskatu, kas izce\u013cas, bet vienlaikus labi sader ar da\u017e\u0101diem ap\u0123\u0113rbiem. Bl\u012bvs audums pasarg\u0101 no v\u0113ja un viegla lietus, nodro\u0161inot komfortu ar\u012b ilgsto\u0161\u0101s pastaig\u0101s. Siltin\u0101t\u0101 odere pal\u012bdz saglab\u0101t siltumu, bet ergonomiskais piegriezums \u013cauj br\u012bvi kust\u0113ties. Vair\u0101kas ietilp\u012bgas kabatas nodro\u0161ina \u0113rtu vietu nepiecie\u0161amaj\u0101m liet\u0101m. \u0160\u012b jaka ir piem\u0113rota ce\u013co\u0161anai, akt\u012bvai atp\u016btai, sportam un ikdienas valk\u0101\u0161anai, apvienojot stilu, iztur\u012bbu un funkcionalit\u0101ti.     <\/p>\n","protected":false},"featured_media":158480,"template":"","meta":{"_acf_changed":false},"product_brand":[],"product_cat":[1071],"product_tag":[],"class_list":{"0":"post-158523","1":"product","2":"type-product","3":"status-publish","4":"has-post-thumbnail","6":"product_cat-apvalks","8":"first","9":"instock","10":"taxable","11":"shipping-taxable","12":"purchasable","13":"product-type-variable"},"acf":[],"_links":{"self":[{"href":"https:\/\/kingarms.ee\/lv\/wp-json\/wp\/v2\/product\/158523","targetHints":{"allow":["GET"]}}],"collection":[{"href":"https:\/\/kingarms.ee\/lv\/wp-json\/wp\/v2\/product"}],"about":[{"href":"https:\/\/kingarms.ee\/lv\/wp-json\/wp\/v2\/types\/product"}],"wp:featuredmedia":[{"embeddable":true,"href":"https:\/\/kingarms.ee\/lv\/wp-json\/wp\/v2\/media\/158480"}],"wp:attachment":[{"href":"https:\/\/kingarms.ee\/lv\/wp-json\/wp\/v2\/media?parent=158523"}],"wp:term":[{"taxonomy":"product_brand","embeddable":true,"href":"https:\/\/kingarms.ee\/lv\/wp-json\/wp\/v2\/product_brand?post=158523"},{"taxonomy":"product_cat","embeddable":true,"href":"https:\/\/kingarms.ee\/lv\/wp-json\/wp\/v2\/product_cat?post=158523"},{"taxonomy":"product_tag","embeddable":true,"href":"https:\/\/kingarms.ee\/lv\/wp-json\/wp\/v2\/product_tag?post=158523"}],"curies":[{"name":"wp","href":"https:\/\/api.w.org\/{rel}","templated":true}]}}