{"id":158877,"date":"2025-12-09T10:37:36","date_gmt":"2025-12-09T07:37:36","guid":{"rendered":"https:\/\/kingarms.ee\/product\/remington-everyday-veste\/"},"modified":"2025-12-09T10:40:33","modified_gmt":"2025-12-09T07:40:33","slug":"remington-everyday-veste","status":"publish","type":"product","link":"https:\/\/kingarms.ee\/lv\/product\/remington-everyday-veste\/","title":{"rendered":"Remington Everyday veste"},"content":{"rendered":"","protected":false},"excerpt":{"rendered":"<p>Remington Everyday veste ir univers\u0101ls, viegls un praktisks modelis ikdienas lieto\u0161anai gan pils\u0113t\u0101, gan dab\u0101. T\u0101 nodro\u0161ina komfortu un siltumu v\u0113s\u0101k\u0101 laik\u0101, saglab\u0101jot kust\u012bbu br\u012bv\u012bbu, pateicoties vieglajam pild\u012bjumam un \u0113rtam piegriezumam. Veste ir izgatavota no iztur\u012bga, elpojo\u0161a materi\u0101la, kas piem\u0113rots pastaig\u0101m, darbam \u0101r\u0101, ce\u013co\u0161anai un akt\u012bvai atp\u016btai. Praktiskas kabatas \u013cauj \u0113rti glab\u0101t nepiecie\u0161am\u0101s lietas, neradot lieku apjomu. T\u0101s vienk\u0101r\u0161ais dizains labi sader ar da\u017e\u0101diem ap\u0123\u0113rbiem un piem\u0113rots gan sieviet\u0113m, gan v\u012brie\u0161iem. \u0160\u012b ir uzticama, praktiska izv\u0113le ikdienai.     <\/p>\n","protected":false},"featured_media":158853,"template":"","meta":{"_acf_changed":false},"product_brand":[],"product_cat":[1093],"product_tag":[],"class_list":{"0":"post-158877","1":"product","2":"type-product","3":"status-publish","4":"has-post-thumbnail","6":"product_cat-vestes-un-zirglietas","8":"first","9":"instock","10":"taxable","11":"shipping-taxable","12":"purchasable","13":"product-type-variable"},"acf":[],"_links":{"self":[{"href":"https:\/\/kingarms.ee\/lv\/wp-json\/wp\/v2\/product\/158877","targetHints":{"allow":["GET"]}}],"collection":[{"href":"https:\/\/kingarms.ee\/lv\/wp-json\/wp\/v2\/product"}],"about":[{"href":"https:\/\/kingarms.ee\/lv\/wp-json\/wp\/v2\/types\/product"}],"wp:featuredmedia":[{"embeddable":true,"href":"https:\/\/kingarms.ee\/lv\/wp-json\/wp\/v2\/media\/158853"}],"wp:attachment":[{"href":"https:\/\/kingarms.ee\/lv\/wp-json\/wp\/v2\/media?parent=158877"}],"wp:term":[{"taxonomy":"product_brand","embeddable":true,"href":"https:\/\/kingarms.ee\/lv\/wp-json\/wp\/v2\/product_brand?post=158877"},{"taxonomy":"product_cat","embeddable":true,"href":"https:\/\/kingarms.ee\/lv\/wp-json\/wp\/v2\/product_cat?post=158877"},{"taxonomy":"product_tag","embeddable":true,"href":"https:\/\/kingarms.ee\/lv\/wp-json\/wp\/v2\/product_tag?post=158877"}],"curies":[{"name":"wp","href":"https:\/\/api.w.org\/{rel}","templated":true}]}}