{"id":158925,"date":"2025-12-09T10:54:09","date_gmt":"2025-12-09T07:54:09","guid":{"rendered":"https:\/\/kingarms.ee\/product\/remington-alabama-summer-figure-kostims\/"},"modified":"2025-12-09T11:04:09","modified_gmt":"2025-12-09T08:04:09","slug":"remington-alabama-summer-figure-kostims","status":"publish","type":"product","link":"https:\/\/kingarms.ee\/lv\/product\/remington-alabama-summer-figure-kostims\/","title":{"rendered":"Remington Alabama Summer Figure kost\u012bms"},"content":{"rendered":"","protected":false},"excerpt":{"rendered":"<p>Remington Alabama Summer Figure kost\u012bms ir viegls un elpojo\u0161s vasaras modelis med\u012bb\u0101m, mak\u0161\u0137er\u0113\u0161anai un akt\u012bvai atp\u016btai silt\u0101 laik\u0101. Materi\u0101ls nodro\u0161ina labu ventil\u0101ciju un \u0101tru \u017e\u016b\u0161anu, kas ir b\u016btiski karst\u0101 un mitr\u0101 vid\u0113. Figure mask\u0113\u0161an\u0101s raksts pal\u012bdz sapl\u016bst ar apk\u0101rtni, samazinot redzam\u012bbu savva\u013cas dz\u012bvniekiem. Jaka un bikses ar ergonomisku piegriezumu nodro\u0161ina br\u012bvas kust\u012bbas un komfortu ilgsto\u0161as valk\u0101\u0161anas laik\u0101. Praktiskas kabatas \u013cauj \u0113rti n\u0113s\u0101t l\u012bdzi ekip\u0113jumu un piederumus. \u0160is kost\u012bms ir lieliska izv\u0113le vasaras med\u012bb\u0101m, p\u0101rg\u0101jieniem un akt\u012bvai br\u012bvdabas atp\u016btai.     <\/p>\n","protected":false},"featured_media":158893,"template":"","meta":{"_acf_changed":false},"product_brand":[],"product_cat":[1073],"product_tag":[],"class_list":{"0":"post-158925","1":"product","2":"type-product","3":"status-publish","4":"has-post-thumbnail","6":"product_cat-kopas","8":"first","9":"instock","10":"taxable","11":"shipping-taxable","12":"purchasable","13":"product-type-variable"},"acf":[],"_links":{"self":[{"href":"https:\/\/kingarms.ee\/lv\/wp-json\/wp\/v2\/product\/158925","targetHints":{"allow":["GET"]}}],"collection":[{"href":"https:\/\/kingarms.ee\/lv\/wp-json\/wp\/v2\/product"}],"about":[{"href":"https:\/\/kingarms.ee\/lv\/wp-json\/wp\/v2\/types\/product"}],"wp:featuredmedia":[{"embeddable":true,"href":"https:\/\/kingarms.ee\/lv\/wp-json\/wp\/v2\/media\/158893"}],"wp:attachment":[{"href":"https:\/\/kingarms.ee\/lv\/wp-json\/wp\/v2\/media?parent=158925"}],"wp:term":[{"taxonomy":"product_brand","embeddable":true,"href":"https:\/\/kingarms.ee\/lv\/wp-json\/wp\/v2\/product_brand?post=158925"},{"taxonomy":"product_cat","embeddable":true,"href":"https:\/\/kingarms.ee\/lv\/wp-json\/wp\/v2\/product_cat?post=158925"},{"taxonomy":"product_tag","embeddable":true,"href":"https:\/\/kingarms.ee\/lv\/wp-json\/wp\/v2\/product_tag?post=158925"}],"curies":[{"name":"wp","href":"https:\/\/api.w.org\/{rel}","templated":true}]}}