{"id":158985,"date":"2025-12-09T11:14:15","date_gmt":"2025-12-09T08:14:15","guid":{"rendered":"https:\/\/kingarms.ee\/product\/remington-alabama-summer-yellow-waterfowl-honeycombs-kostims\/"},"modified":"2025-12-09T11:16:22","modified_gmt":"2025-12-09T08:16:22","slug":"remington-alabama-summer-yellow-waterfowl-honeycombs-kostims","status":"publish","type":"product","link":"https:\/\/kingarms.ee\/lv\/product\/remington-alabama-summer-yellow-waterfowl-honeycombs-kostims\/","title":{"rendered":"Remington Alabama Summer Yellow Waterfowl Honeycombs kost\u012bms"},"content":{"rendered":"","protected":false},"excerpt":{"rendered":"<p>Remington Alabama Summer Yellow Waterfowl Honeycombs kost\u012bms ir viegls vasaras ap\u0123\u0113rbs, kas rad\u012bts \u016bdensputnu med\u012bb\u0101m un akt\u012bvai atp\u016btai silt\u0101 laik\u0101. Honeycombs mask\u0113\u0161an\u0101s raksts ar dzelteniem akcentiem nodro\u0161ina lielisku sapl\u016b\u0161anu ar niedr\u0113m, garu z\u0101li un piekrastes ve\u0123et\u0101ciju, samazinot redzam\u012bbu med\u012bjamajiem dz\u012bvniekiem. Pl\u0101ns, elpojo\u0161s materi\u0101ls efekt\u012bvi izvada mitrumu, \u0101tri \u017e\u016bst un nepie\u013cauj p\u0101rkar\u0161anu intens\u012bvas kust\u012bbas laik\u0101. Jaka un bikses ar anatomisku piegriezumu nodro\u0161ina kust\u012bbu br\u012bv\u012bbu ejot, \u0161aujot vai p\u0101rvietojoties pa nel\u012bdzenu reljefu. Praktiskas kabatas \u013cauj glab\u0101t piederumus, mun\u012bciju un nepiecie\u0161am\u0101s lietas. Lieliska izv\u0113le vasaras med\u012bb\u0101m, mak\u0161\u0137er\u0113\u0161anai, p\u0101rg\u0101jieniem un eksped\u012bcij\u0101m dab\u0101.     <\/p>\n","protected":false},"featured_media":158942,"template":"","meta":{"_acf_changed":false},"product_brand":[],"product_cat":[1073],"product_tag":[],"class_list":{"0":"post-158985","1":"product","2":"type-product","3":"status-publish","4":"has-post-thumbnail","6":"product_cat-kopas","8":"first","9":"instock","10":"taxable","11":"shipping-taxable","12":"purchasable","13":"product-type-variable"},"acf":[],"_links":{"self":[{"href":"https:\/\/kingarms.ee\/lv\/wp-json\/wp\/v2\/product\/158985","targetHints":{"allow":["GET"]}}],"collection":[{"href":"https:\/\/kingarms.ee\/lv\/wp-json\/wp\/v2\/product"}],"about":[{"href":"https:\/\/kingarms.ee\/lv\/wp-json\/wp\/v2\/types\/product"}],"wp:featuredmedia":[{"embeddable":true,"href":"https:\/\/kingarms.ee\/lv\/wp-json\/wp\/v2\/media\/158942"}],"wp:attachment":[{"href":"https:\/\/kingarms.ee\/lv\/wp-json\/wp\/v2\/media?parent=158985"}],"wp:term":[{"taxonomy":"product_brand","embeddable":true,"href":"https:\/\/kingarms.ee\/lv\/wp-json\/wp\/v2\/product_brand?post=158985"},{"taxonomy":"product_cat","embeddable":true,"href":"https:\/\/kingarms.ee\/lv\/wp-json\/wp\/v2\/product_cat?post=158985"},{"taxonomy":"product_tag","embeddable":true,"href":"https:\/\/kingarms.ee\/lv\/wp-json\/wp\/v2\/product_tag?post=158985"}],"curies":[{"name":"wp","href":"https:\/\/api.w.org\/{rel}","templated":true}]}}