{"id":159098,"date":"2025-12-09T11:44:58","date_gmt":"2025-12-09T08:44:58","guid":{"rendered":"https:\/\/kingarms.ee\/product\/remington-alabama-professional-dark-olive-kostims\/"},"modified":"2025-12-09T11:47:33","modified_gmt":"2025-12-09T08:47:33","slug":"remington-alabama-professional-dark-olive-kostims","status":"publish","type":"product","link":"https:\/\/kingarms.ee\/lv\/product\/remington-alabama-professional-dark-olive-kostims\/","title":{"rendered":"Remington Alabama Professional Dark Olive kost\u012bms"},"content":{"rendered":"","protected":false},"excerpt":{"rendered":"<p>Remington Alabama Professional Dark Olive kost\u012bms ir iztur\u012bgs, funkcion\u0101ls un \u0113rts ap\u0123\u0113rbs, kas paredz\u0113ts med\u012bb\u0101m, mak\u0161\u0137er\u0113\u0161anai un ilgsto\u0161ai uztur\u0113\u0161anai dab\u0101. Tas ir izgatavots no bl\u012bva, bet elpojo\u0161a materi\u0101la, kas nodro\u0161ina labu l\u012bdzsvaru starp aizsardz\u012bbu un ventil\u0101ciju, saglab\u0101jot komfortu karst\u0101 laik\u0101 vai akt\u012bvas kust\u012bbas laik\u0101. Tum\u0161i ol\u012bvza\u013cais tonis labi sapl\u016bst ar dabisko vidi, samazinot redzam\u012bbu savva\u013cas dz\u012bvniekiem. Jaka un bikses ar anatomisku piegriezumu nodro\u0161ina kust\u012bbu br\u012bv\u012bbu staig\u0101jot, \u0161aujot vai str\u0101d\u0101jot ar apr\u012bkojumu. Pastiprin\u0101t\u0101s zonas palielina iztur\u012bbu, bet funkcion\u0101l\u0101s kabatas \u013cauj \u0113rti glab\u0101t nepiecie\u0161am\u0101s lietas. Lieliska izv\u0113le medniekiem, p\u0101rg\u0101jienu entuziastiem un akt\u012bv\u0101s atp\u016btas cien\u012bt\u0101jiem.     <\/p>\n","protected":false},"featured_media":159074,"template":"","meta":{"_acf_changed":false},"product_brand":[],"product_cat":[1073],"product_tag":[],"class_list":{"0":"post-159098","1":"product","2":"type-product","3":"status-publish","4":"has-post-thumbnail","6":"product_cat-kopas","8":"first","9":"instock","10":"taxable","11":"shipping-taxable","12":"purchasable","13":"product-type-variable"},"acf":[],"_links":{"self":[{"href":"https:\/\/kingarms.ee\/lv\/wp-json\/wp\/v2\/product\/159098","targetHints":{"allow":["GET"]}}],"collection":[{"href":"https:\/\/kingarms.ee\/lv\/wp-json\/wp\/v2\/product"}],"about":[{"href":"https:\/\/kingarms.ee\/lv\/wp-json\/wp\/v2\/types\/product"}],"wp:featuredmedia":[{"embeddable":true,"href":"https:\/\/kingarms.ee\/lv\/wp-json\/wp\/v2\/media\/159074"}],"wp:attachment":[{"href":"https:\/\/kingarms.ee\/lv\/wp-json\/wp\/v2\/media?parent=159098"}],"wp:term":[{"taxonomy":"product_brand","embeddable":true,"href":"https:\/\/kingarms.ee\/lv\/wp-json\/wp\/v2\/product_brand?post=159098"},{"taxonomy":"product_cat","embeddable":true,"href":"https:\/\/kingarms.ee\/lv\/wp-json\/wp\/v2\/product_cat?post=159098"},{"taxonomy":"product_tag","embeddable":true,"href":"https:\/\/kingarms.ee\/lv\/wp-json\/wp\/v2\/product_tag?post=159098"}],"curies":[{"name":"wp","href":"https:\/\/api.w.org\/{rel}","templated":true}]}}