{"id":159181,"date":"2025-12-09T11:58:11","date_gmt":"2025-12-09T08:58:11","guid":{"rendered":"https:\/\/kingarms.ee\/product\/remington-hay-wave-graphite-vasaras-kostims\/"},"modified":"2025-12-09T12:01:49","modified_gmt":"2025-12-09T09:01:49","slug":"remington-hay-wave-graphite-vasaras-kostims","status":"publish","type":"product","link":"https:\/\/kingarms.ee\/lv\/product\/remington-hay-wave-graphite-vasaras-kostims\/","title":{"rendered":"Remington Hay Wave Graphite vasaras kost\u012bms"},"content":{"rendered":"","protected":false},"excerpt":{"rendered":"<p>Remington Hay Wave Graphite vasaras kost\u012bms ir viegls, elpojo\u0161s un funkcion\u0101ls komplekts, kas paredz\u0113ts med\u012bb\u0101m, mak\u0161\u0137er\u0113\u0161anai un akt\u012bvai atp\u016btai silt\u0101 laik\u0101. Materi\u0101ls nodro\u0161ina labu ventil\u0101ciju un mitruma novad\u012b\u0161anu, \u013caujot justies komfortabli pat karst\u0101s dien\u0101s. Hay Wave mask\u0113\u0161an\u0101s raksts graf\u012bta ton\u012b lieliski sapl\u016bst ar lauku un me\u017ea vidi, samazinot redzam\u012bbu med\u012bjamajiem dz\u012bvniekiem. Jaka un bikses ar anatomisku piegriezumu nodro\u0161ina kust\u012bbu br\u012bv\u012bbu ejot, \u0161aujot vai p\u0101rvietojoties pa nel\u012bdzenu reljefu. Daudz\u0101s funkcion\u0101l\u0101s kabatas nodro\u0161ina vietu apr\u012bkojumam un nepiecie\u0161amaj\u0101m liet\u0101m. Ide\u0101la izv\u0113le vasaras p\u0101rg\u0101jieniem, med\u012bb\u0101m, mak\u0161\u0137er\u0113\u0161anai un akt\u012bvai atp\u016btai dab\u0101.     <\/p>\n","protected":false},"featured_media":159125,"template":"","meta":{"_acf_changed":false},"product_brand":[],"product_cat":[1073],"product_tag":[],"class_list":{"0":"post-159181","1":"product","2":"type-product","3":"status-publish","4":"has-post-thumbnail","6":"product_cat-kopas","8":"first","9":"instock","10":"taxable","11":"shipping-taxable","12":"purchasable","13":"product-type-variable"},"acf":[],"_links":{"self":[{"href":"https:\/\/kingarms.ee\/lv\/wp-json\/wp\/v2\/product\/159181","targetHints":{"allow":["GET"]}}],"collection":[{"href":"https:\/\/kingarms.ee\/lv\/wp-json\/wp\/v2\/product"}],"about":[{"href":"https:\/\/kingarms.ee\/lv\/wp-json\/wp\/v2\/types\/product"}],"wp:featuredmedia":[{"embeddable":true,"href":"https:\/\/kingarms.ee\/lv\/wp-json\/wp\/v2\/media\/159125"}],"wp:attachment":[{"href":"https:\/\/kingarms.ee\/lv\/wp-json\/wp\/v2\/media?parent=159181"}],"wp:term":[{"taxonomy":"product_brand","embeddable":true,"href":"https:\/\/kingarms.ee\/lv\/wp-json\/wp\/v2\/product_brand?post=159181"},{"taxonomy":"product_cat","embeddable":true,"href":"https:\/\/kingarms.ee\/lv\/wp-json\/wp\/v2\/product_cat?post=159181"},{"taxonomy":"product_tag","embeddable":true,"href":"https:\/\/kingarms.ee\/lv\/wp-json\/wp\/v2\/product_tag?post=159181"}],"curies":[{"name":"wp","href":"https:\/\/api.w.org\/{rel}","templated":true}]}}