{"id":159245,"date":"2025-12-09T12:28:59","date_gmt":"2025-12-09T09:28:59","guid":{"rendered":"https:\/\/kingarms.ee\/product\/remington-insect-blocker-kostims\/"},"modified":"2025-12-09T12:31:24","modified_gmt":"2025-12-09T09:31:24","slug":"remington-insect-blocker-kostims","status":"publish","type":"product","link":"https:\/\/kingarms.ee\/lv\/product\/remington-insect-blocker-kostims\/","title":{"rendered":"Remington Insect Blocker kost\u012bms"},"content":{"rendered":"","protected":false},"excerpt":{"rendered":"<p>Remington Insect Blocker kost\u012bms ir viegls, funkcion\u0101ls un aizsarg\u0101jo\u0161s komplekts, kas paredz\u0113ts med\u012bb\u0101m, mak\u0161\u0137er\u0113\u0161anai, p\u0101rg\u0101jieniem un darbam viet\u0101s ar augstu kukai\u0146u aktivit\u0101ti. Materi\u0101ls ir apstr\u0101d\u0101ts ar speci\u0101lu aizsargtehnolo\u0123iju, kas pal\u012bdz atbaid\u012bt odus, kni\u0161\u013cus un \u0113rces, padarot uztur\u0113\u0161anos dab\u0101 daudz \u0113rt\u0101ku un dro\u0161\u0101ku. Audums labi elpo, \u0101tri \u017e\u016bst un nenoslogo \u0137ermeni pat intens\u012bvas kust\u012bbas laik\u0101. Jaka un bikses ar anatomisku piegriezumu nodro\u0161ina br\u012bvas kust\u012bbas staig\u0101jot, \u0161aujot vai veicot da\u017e\u0101dus uzdevumus. Funkcion\u0101l\u0101s kabatas nodro\u0161ina vietu nepiecie\u0161amajiem priek\u0161metiem. \u0160is kost\u012bms ir lieliska izv\u0113le eksped\u012bcij\u0101m, me\u017ea tak\u0101m, vasaras med\u012bb\u0101m un cit\u0101m \u0101ra aktivit\u0101t\u0113m, kur svar\u012bga ir aizsardz\u012bba pret kukai\u0146iem.     <\/p>\n","protected":false},"featured_media":159204,"template":"","meta":{"_acf_changed":false},"product_brand":[],"product_cat":[1073],"product_tag":[],"class_list":{"0":"post-159245","1":"product","2":"type-product","3":"status-publish","4":"has-post-thumbnail","6":"product_cat-kopas","8":"first","9":"instock","10":"taxable","11":"shipping-taxable","12":"purchasable","13":"product-type-variable"},"acf":[],"_links":{"self":[{"href":"https:\/\/kingarms.ee\/lv\/wp-json\/wp\/v2\/product\/159245","targetHints":{"allow":["GET"]}}],"collection":[{"href":"https:\/\/kingarms.ee\/lv\/wp-json\/wp\/v2\/product"}],"about":[{"href":"https:\/\/kingarms.ee\/lv\/wp-json\/wp\/v2\/types\/product"}],"wp:featuredmedia":[{"embeddable":true,"href":"https:\/\/kingarms.ee\/lv\/wp-json\/wp\/v2\/media\/159204"}],"wp:attachment":[{"href":"https:\/\/kingarms.ee\/lv\/wp-json\/wp\/v2\/media?parent=159245"}],"wp:term":[{"taxonomy":"product_brand","embeddable":true,"href":"https:\/\/kingarms.ee\/lv\/wp-json\/wp\/v2\/product_brand?post=159245"},{"taxonomy":"product_cat","embeddable":true,"href":"https:\/\/kingarms.ee\/lv\/wp-json\/wp\/v2\/product_cat?post=159245"},{"taxonomy":"product_tag","embeddable":true,"href":"https:\/\/kingarms.ee\/lv\/wp-json\/wp\/v2\/product_tag?post=159245"}],"curies":[{"name":"wp","href":"https:\/\/api.w.org\/{rel}","templated":true}]}}