{"id":159318,"date":"2025-12-09T12:45:20","date_gmt":"2025-12-09T09:45:20","guid":{"rendered":"https:\/\/kingarms.ee\/product\/remington-protest-orange-anoraks\/"},"modified":"2025-12-09T12:47:19","modified_gmt":"2025-12-09T09:47:19","slug":"remington-protest-orange-anoraks","status":"publish","type":"product","link":"https:\/\/kingarms.ee\/lv\/product\/remington-protest-orange-anoraks\/","title":{"rendered":"Remington Protest Orange anoraks"},"content":{"rendered":"","protected":false},"excerpt":{"rendered":"<p>Remington Protest Orange anoraks ir spilgts, praktisks un iztur\u012bgs ap\u0123\u0113rbs, kas piem\u0113rots med\u012bb\u0101m, \u0101ra aktivit\u0101t\u0113m un ikdienas lieto\u0161anai. Ko\u0161\u0101 sign\u0101lkr\u0101sa nodro\u0161ina lielisku redzam\u012bbu me\u017e\u0101 un atkl\u0101t\u0101 vid\u0113, palielinot dro\u0161\u012bbu kolekt\u012bvaj\u0101s med\u012bb\u0101s un str\u0101d\u0101jot dab\u0101. Iztur\u012bgs, nodilumiztur\u012bgs materi\u0101ls aizsarg\u0101 no v\u0113ja un viegla lietus, savuk\u0101rt elpojo\u0161\u0101 strukt\u016bra nodro\u0161ina komfortu akt\u012bvas kust\u012bbas laik\u0101. Br\u012bvs, ergonomisks piegriezums \u013cauj kust\u0113ties bez ierobe\u017eojumiem \u2014 ejot, \u0161aujot vai lietojot apr\u012bkojumu. Praktiskas kabatas \u013cauj \u0113rti glab\u0101t nepiecie\u0161amos piederumus. Lieliska izv\u0113le tiem, kas mekl\u0113 dro\u0161\u012bbu, funkcionalit\u0101ti un m\u016bsdien\u012bgu dizainu.     <\/p>\n","protected":false},"featured_media":159263,"template":"","meta":{"_acf_changed":false},"product_brand":[],"product_cat":[1071],"product_tag":[],"class_list":{"0":"post-159318","1":"product","2":"type-product","3":"status-publish","4":"has-post-thumbnail","6":"product_cat-apvalks","8":"first","9":"instock","10":"taxable","11":"shipping-taxable","12":"purchasable","13":"product-type-variable"},"acf":[],"_links":{"self":[{"href":"https:\/\/kingarms.ee\/lv\/wp-json\/wp\/v2\/product\/159318","targetHints":{"allow":["GET"]}}],"collection":[{"href":"https:\/\/kingarms.ee\/lv\/wp-json\/wp\/v2\/product"}],"about":[{"href":"https:\/\/kingarms.ee\/lv\/wp-json\/wp\/v2\/types\/product"}],"wp:featuredmedia":[{"embeddable":true,"href":"https:\/\/kingarms.ee\/lv\/wp-json\/wp\/v2\/media\/159263"}],"wp:attachment":[{"href":"https:\/\/kingarms.ee\/lv\/wp-json\/wp\/v2\/media?parent=159318"}],"wp:term":[{"taxonomy":"product_brand","embeddable":true,"href":"https:\/\/kingarms.ee\/lv\/wp-json\/wp\/v2\/product_brand?post=159318"},{"taxonomy":"product_cat","embeddable":true,"href":"https:\/\/kingarms.ee\/lv\/wp-json\/wp\/v2\/product_cat?post=159318"},{"taxonomy":"product_tag","embeddable":true,"href":"https:\/\/kingarms.ee\/lv\/wp-json\/wp\/v2\/product_tag?post=159318"}],"curies":[{"name":"wp","href":"https:\/\/api.w.org\/{rel}","templated":true}]}}