{"id":159389,"date":"2025-12-09T13:09:19","date_gmt":"2025-12-09T10:09:19","guid":{"rendered":"https:\/\/kingarms.ee\/product\/remington-cadiz-dzemperis-ar-kapuci\/"},"modified":"2025-12-09T13:14:29","modified_gmt":"2025-12-09T10:14:29","slug":"remington-cadiz-dzemperis-ar-kapuci","status":"publish","type":"product","link":"https:\/\/kingarms.ee\/lv\/product\/remington-cadiz-dzemperis-ar-kapuci\/","title":{"rendered":"Remington Cadiz d\u017eemperis ar kapuci"},"content":{"rendered":"","protected":false},"excerpt":{"rendered":"<p>Remington Cadiz d\u017eemperis ar kapuci ir stil\u012bgs un \u0113rts ap\u0123\u0113rbs, kas piem\u0113rots gan akt\u012bvai atp\u016btai, gan ikdienas valk\u0101\u0161anai. M\u012bksts un pat\u012bkams materi\u0101ls nodro\u0161ina komfortu visas dienas garum\u0101, savuk\u0101rt bl\u012bvais audums labi saglab\u0101 siltumu v\u0113s\u0101k\u0101 laik\u0101. Br\u012bvais piegriezums neierobe\u017eo kust\u012bbas, bet regul\u0113jam\u0101 kapuce pasarg\u0101 no v\u0113ja un neliela lietus. Moderns, lakonisks dizains \u013cauj viegli saska\u0146ot d\u017eemperi ar da\u017e\u0101diem ap\u0123\u0113rbiem. Liel\u0101 priek\u0161\u0113j\u0101 kengeru kabata ir \u0113rta vieta nepiecie\u0161amaj\u0101m liet\u0101m vai roku sasild\u012b\u0161anai. Remington Cadiz ir lieliska izv\u0113le pastaig\u0101m, treni\u0146iem un pils\u0113tas aktivit\u0101t\u0113m.     <\/p>\n","protected":false},"featured_media":159344,"template":"","meta":{"_acf_changed":false},"product_brand":[],"product_cat":[1071],"product_tag":[],"class_list":{"0":"post-159389","1":"product","2":"type-product","3":"status-publish","4":"has-post-thumbnail","6":"product_cat-apvalks","8":"first","9":"instock","10":"taxable","11":"shipping-taxable","12":"purchasable","13":"product-type-variable"},"acf":[],"_links":{"self":[{"href":"https:\/\/kingarms.ee\/lv\/wp-json\/wp\/v2\/product\/159389","targetHints":{"allow":["GET"]}}],"collection":[{"href":"https:\/\/kingarms.ee\/lv\/wp-json\/wp\/v2\/product"}],"about":[{"href":"https:\/\/kingarms.ee\/lv\/wp-json\/wp\/v2\/types\/product"}],"wp:featuredmedia":[{"embeddable":true,"href":"https:\/\/kingarms.ee\/lv\/wp-json\/wp\/v2\/media\/159344"}],"wp:attachment":[{"href":"https:\/\/kingarms.ee\/lv\/wp-json\/wp\/v2\/media?parent=159389"}],"wp:term":[{"taxonomy":"product_brand","embeddable":true,"href":"https:\/\/kingarms.ee\/lv\/wp-json\/wp\/v2\/product_brand?post=159389"},{"taxonomy":"product_cat","embeddable":true,"href":"https:\/\/kingarms.ee\/lv\/wp-json\/wp\/v2\/product_cat?post=159389"},{"taxonomy":"product_tag","embeddable":true,"href":"https:\/\/kingarms.ee\/lv\/wp-json\/wp\/v2\/product_tag?post=159389"}],"curies":[{"name":"wp","href":"https:\/\/api.w.org\/{rel}","templated":true}]}}