{"id":159505,"date":"2025-12-09T14:00:17","date_gmt":"2025-12-09T11:00:17","guid":{"rendered":"https:\/\/kingarms.ee\/product\/remington-sweater-weather-brown-dzemperis\/"},"modified":"2025-12-09T14:02:34","modified_gmt":"2025-12-09T11:02:34","slug":"remington-sweater-weather-brown-dzemperis","status":"publish","type":"product","link":"https:\/\/kingarms.ee\/lv\/product\/remington-sweater-weather-brown-dzemperis\/","title":{"rendered":"Remington Sweater Weather Brown d\u017eemperis"},"content":{"rendered":"","protected":false},"excerpt":{"rendered":"<p>Remington Sweater Weather Brown d\u017eemperis ir silts, m\u012bksts un daudzpus\u012bgs ap\u0123\u0113rbs, kas piem\u0113rots v\u0113s\u0101k\u0101m dien\u0101m, pastaig\u0101m dab\u0101 un ikdienas lieto\u0161anai. Pat\u012bkamais materi\u0101ls labi saglab\u0101 siltumu un neizraisa p\u0101rkar\u0161anu, \u013caujot to valk\u0101t ilgsto\u0161i. Klasiskais br\u016bnais tonis viegli kombin\u0113jas ar da\u017e\u0101diem t\u0113rpiem, padarot \u0161o d\u017eemperi par praktisku garderobes sast\u0101vda\u013cu. Elast\u012bg\u0101s aproces un apkakle nodro\u0161ina papildu komfortu, bet t\u012brais, m\u016bsdien\u012bgais piegriezums izskat\u0101s labi, neierobe\u017eojot kust\u012bbas. Lieliska izv\u0113le gan br\u012bv\u0101 dab\u0101, gan mier\u012bg\u0101m pils\u0113tas dien\u0101m. Sweater Weather apvieno stilu, komfortu un iztur\u012bbu.     <\/p>\n","protected":false},"featured_media":159484,"template":"","meta":{"_acf_changed":false},"product_brand":[],"product_cat":[1071],"product_tag":[],"class_list":{"0":"post-159505","1":"product","2":"type-product","3":"status-publish","4":"has-post-thumbnail","6":"product_cat-apvalks","8":"first","9":"instock","10":"taxable","11":"shipping-taxable","12":"purchasable","13":"product-type-variable"},"acf":[],"_links":{"self":[{"href":"https:\/\/kingarms.ee\/lv\/wp-json\/wp\/v2\/product\/159505","targetHints":{"allow":["GET"]}}],"collection":[{"href":"https:\/\/kingarms.ee\/lv\/wp-json\/wp\/v2\/product"}],"about":[{"href":"https:\/\/kingarms.ee\/lv\/wp-json\/wp\/v2\/types\/product"}],"wp:featuredmedia":[{"embeddable":true,"href":"https:\/\/kingarms.ee\/lv\/wp-json\/wp\/v2\/media\/159484"}],"wp:attachment":[{"href":"https:\/\/kingarms.ee\/lv\/wp-json\/wp\/v2\/media?parent=159505"}],"wp:term":[{"taxonomy":"product_brand","embeddable":true,"href":"https:\/\/kingarms.ee\/lv\/wp-json\/wp\/v2\/product_brand?post=159505"},{"taxonomy":"product_cat","embeddable":true,"href":"https:\/\/kingarms.ee\/lv\/wp-json\/wp\/v2\/product_cat?post=159505"},{"taxonomy":"product_tag","embeddable":true,"href":"https:\/\/kingarms.ee\/lv\/wp-json\/wp\/v2\/product_tag?post=159505"}],"curies":[{"name":"wp","href":"https:\/\/api.w.org\/{rel}","templated":true}]}}