{"id":159637,"date":"2025-12-09T14:55:06","date_gmt":"2025-12-09T11:55:06","guid":{"rendered":"https:\/\/kingarms.ee\/product\/remington-marall-dzemperis-ar-kapuci\/"},"modified":"2025-12-09T14:57:28","modified_gmt":"2025-12-09T11:57:28","slug":"remington-marall-dzemperis-ar-kapuci","status":"publish","type":"product","link":"https:\/\/kingarms.ee\/lv\/product\/remington-marall-dzemperis-ar-kapuci\/","title":{"rendered":"Remington \u201cMarall\u201d d\u017eemperis ar kapuci"},"content":{"rendered":"","protected":false},"excerpt":{"rendered":"<p>Remington \u201cMarall\u201d d\u017eemperis ar kapuci ir silts, \u0113rts un praktisks ap\u0123\u0113rbs, kas piem\u0113rots med\u012bb\u0101m, atp\u016btai dab\u0101 un ikdienas valk\u0101\u0161anai. M\u012bksts, elpojo\u0161s materi\u0101ls nodro\u0161ina komfortu un labi saglab\u0101 siltumu ar\u012b ilgsto\u0161i lietojot. Dabisk\u0101, \u0101ra aktivit\u0101\u0161u est\u0113tik\u0101 veidotais dizains \u013cauj to viegli saska\u0146ot ar da\u017e\u0101diem t\u0113rpiem. Br\u012bvais piegriezums nodro\u0161ina kust\u012bbu br\u012bv\u012bbu, bet regul\u0113jam\u0101 kapuce pasarg\u0101 no v\u0113ja un viegla lietus. Pla\u0161a \u201ekenguru\u201d kabata ir \u0113rta lietu glab\u0101\u0161anai un roku sild\u012b\u0161anai. \u201cMarall\u201d ir lieliska izv\u0113le pastaig\u0101m, med\u012bb\u0101m, sportam un pils\u0113tas ikdienai.     <\/p>\n","protected":false},"featured_media":159622,"template":"","meta":{"_acf_changed":false},"product_brand":[],"product_cat":[1070],"product_tag":[],"class_list":{"0":"post-159637","1":"product","2":"type-product","3":"status-publish","4":"has-post-thumbnail","6":"product_cat-bluzes-krekli","8":"first","9":"instock","10":"taxable","11":"shipping-taxable","12":"purchasable","13":"product-type-variable"},"acf":[],"_links":{"self":[{"href":"https:\/\/kingarms.ee\/lv\/wp-json\/wp\/v2\/product\/159637","targetHints":{"allow":["GET"]}}],"collection":[{"href":"https:\/\/kingarms.ee\/lv\/wp-json\/wp\/v2\/product"}],"about":[{"href":"https:\/\/kingarms.ee\/lv\/wp-json\/wp\/v2\/types\/product"}],"wp:featuredmedia":[{"embeddable":true,"href":"https:\/\/kingarms.ee\/lv\/wp-json\/wp\/v2\/media\/159622"}],"wp:attachment":[{"href":"https:\/\/kingarms.ee\/lv\/wp-json\/wp\/v2\/media?parent=159637"}],"wp:term":[{"taxonomy":"product_brand","embeddable":true,"href":"https:\/\/kingarms.ee\/lv\/wp-json\/wp\/v2\/product_brand?post=159637"},{"taxonomy":"product_cat","embeddable":true,"href":"https:\/\/kingarms.ee\/lv\/wp-json\/wp\/v2\/product_cat?post=159637"},{"taxonomy":"product_tag","embeddable":true,"href":"https:\/\/kingarms.ee\/lv\/wp-json\/wp\/v2\/product_tag?post=159637"}],"curies":[{"name":"wp","href":"https:\/\/api.w.org\/{rel}","templated":true}]}}