{"id":159683,"date":"2025-12-09T15:12:15","date_gmt":"2025-12-09T12:12:15","guid":{"rendered":"https:\/\/kingarms.ee\/product\/remington-availability\/"},"modified":"2025-12-09T15:14:58","modified_gmt":"2025-12-09T12:14:58","slug":"remington-availability","status":"publish","type":"product","link":"https:\/\/kingarms.ee\/lv\/product\/remington-availability\/","title":{"rendered":"Remington Availability"},"content":{"rendered":"","protected":false},"excerpt":{"rendered":"<p>Remington Availability ir univers\u0101ls Remington s\u0113rijas modelis, kas piem\u0113rots \u0101ra aktivit\u0101t\u0113m, med\u012bb\u0101m un ikdienas valk\u0101\u0161anai. Tas apvieno funkcionalit\u0101ti, komfortu un m\u016bsdien\u012bgu dizainu, padarot to par lielisku izv\u0113li cilv\u0113kiem, kuri nov\u0113rt\u0113 praktiskumu un kvalit\u0101ti. Materi\u0101ls ir iztur\u012bgs, pat\u012bkams un labi saglab\u0101 siltumu, vienlaikus nodro\u0161inot br\u012bvas kust\u012bbas. Pat ilgsto\u0161as lieto\u0161anas laik\u0101 tas saglab\u0101 komfortu. P\u0101rdom\u0101t\u0101 konstrukcija nodro\u0161ina \u0113rtu piegul\u0161anu un kust\u012bbu br\u012bv\u012bbu pastaig\u0101s, darb\u0101 vai treni\u0146os. Availability s\u0113rija pied\u0101v\u0101 uzticam\u012bbu, iztur\u012bbu un stilu, kas piem\u0113rots jebkuram gadalaikam.     <\/p>\n","protected":false},"featured_media":159651,"template":"","meta":{"_acf_changed":false},"product_brand":[],"product_cat":[1070],"product_tag":[],"class_list":{"0":"post-159683","1":"product","2":"type-product","3":"status-publish","4":"has-post-thumbnail","6":"product_cat-bluzes-krekli","8":"first","9":"instock","10":"taxable","11":"shipping-taxable","12":"purchasable","13":"product-type-variable"},"acf":[],"_links":{"self":[{"href":"https:\/\/kingarms.ee\/lv\/wp-json\/wp\/v2\/product\/159683","targetHints":{"allow":["GET"]}}],"collection":[{"href":"https:\/\/kingarms.ee\/lv\/wp-json\/wp\/v2\/product"}],"about":[{"href":"https:\/\/kingarms.ee\/lv\/wp-json\/wp\/v2\/types\/product"}],"wp:featuredmedia":[{"embeddable":true,"href":"https:\/\/kingarms.ee\/lv\/wp-json\/wp\/v2\/media\/159651"}],"wp:attachment":[{"href":"https:\/\/kingarms.ee\/lv\/wp-json\/wp\/v2\/media?parent=159683"}],"wp:term":[{"taxonomy":"product_brand","embeddable":true,"href":"https:\/\/kingarms.ee\/lv\/wp-json\/wp\/v2\/product_brand?post=159683"},{"taxonomy":"product_cat","embeddable":true,"href":"https:\/\/kingarms.ee\/lv\/wp-json\/wp\/v2\/product_cat?post=159683"},{"taxonomy":"product_tag","embeddable":true,"href":"https:\/\/kingarms.ee\/lv\/wp-json\/wp\/v2\/product_tag?post=159683"}],"curies":[{"name":"wp","href":"https:\/\/api.w.org\/{rel}","templated":true}]}}