{"id":159734,"date":"2025-12-09T15:24:33","date_gmt":"2025-12-09T12:24:33","guid":{"rendered":"https:\/\/kingarms.ee\/product\/remington-fishing-style-orange-krekls-ar-garam-piedurknem\/"},"modified":"2025-12-09T15:27:18","modified_gmt":"2025-12-09T12:27:18","slug":"remington-fishing-style-orange-krekls-ar-garam-piedurknem","status":"publish","type":"product","link":"https:\/\/kingarms.ee\/lv\/product\/remington-fishing-style-orange-krekls-ar-garam-piedurknem\/","title":{"rendered":"Remington Fishing Style Orange krekls ar gar\u0101m piedurkn\u0113m"},"content":{"rendered":"","protected":false},"excerpt":{"rendered":"<p>Remington Fishing Style Orange krekls ar gar\u0101m piedurkn\u0113m ir funkcion\u0101ls un spilgts modelis, kas rad\u012bts mak\u0161\u0137er\u0113\u0161anai un akt\u012bvai atp\u016btai dab\u0101. Viegls, elpojo\u0161s materi\u0101ls labi novada mitrumu un nodro\u0161ina komfortu ar\u012b karst\u0101 laik\u0101. Gar\u0101s piedurknes pasarg\u0101 rokas no saules, v\u0113ja un kukai\u0146iem, kas ir \u012bpa\u0161i svar\u012bgi, ilgsto\u0161i uzturoties pie \u016bdens. Ko\u0161\u0101 oran\u017e\u0101 kr\u0101sa uzlabo redzam\u012bbu un pie\u0161\u0137ir dinamisku izskatu. Br\u012bvais piegriezums nodro\u0161ina kust\u012bbu br\u012bv\u012bbu metienu veik\u0161anai un p\u0101rvieto\u0161an\u0101s laik\u0101. Ide\u0101li piem\u0113rots mak\u0161\u0137er\u0113\u0161anai, p\u0101rg\u0101jieniem un ikdienas \u0101ra aktivit\u0101t\u0113m.     <\/p>\n","protected":false},"featured_media":159700,"template":"","meta":{"_acf_changed":false},"product_brand":[],"product_cat":[1070],"product_tag":[],"class_list":{"0":"post-159734","1":"product","2":"type-product","3":"status-publish","4":"has-post-thumbnail","6":"product_cat-bluzes-krekli","8":"first","9":"instock","10":"taxable","11":"shipping-taxable","12":"purchasable","13":"product-type-variable"},"acf":[],"_links":{"self":[{"href":"https:\/\/kingarms.ee\/lv\/wp-json\/wp\/v2\/product\/159734","targetHints":{"allow":["GET"]}}],"collection":[{"href":"https:\/\/kingarms.ee\/lv\/wp-json\/wp\/v2\/product"}],"about":[{"href":"https:\/\/kingarms.ee\/lv\/wp-json\/wp\/v2\/types\/product"}],"wp:featuredmedia":[{"embeddable":true,"href":"https:\/\/kingarms.ee\/lv\/wp-json\/wp\/v2\/media\/159700"}],"wp:attachment":[{"href":"https:\/\/kingarms.ee\/lv\/wp-json\/wp\/v2\/media?parent=159734"}],"wp:term":[{"taxonomy":"product_brand","embeddable":true,"href":"https:\/\/kingarms.ee\/lv\/wp-json\/wp\/v2\/product_brand?post=159734"},{"taxonomy":"product_cat","embeddable":true,"href":"https:\/\/kingarms.ee\/lv\/wp-json\/wp\/v2\/product_cat?post=159734"},{"taxonomy":"product_tag","embeddable":true,"href":"https:\/\/kingarms.ee\/lv\/wp-json\/wp\/v2\/product_tag?post=159734"}],"curies":[{"name":"wp","href":"https:\/\/api.w.org\/{rel}","templated":true}]}}