{"id":160439,"date":"2026-05-05T23:14:38","date_gmt":"2026-05-05T20:14:38","guid":{"rendered":"https:\/\/kingarms.ee\/product\/hatsan-optima-blitz-4-5mm-32j\/"},"modified":"2026-05-05T23:14:38","modified_gmt":"2026-05-05T20:14:38","slug":"hatsan-optima-blitz-4-5mm-32j","status":"publish","type":"product","link":"https:\/\/kingarms.ee\/lv\/product\/hatsan-optima-blitz-4-5mm-32j\/","title":{"rendered":"Hatsan Optima Blitz 4.5mm (32J)"},"content":{"rendered":"","protected":false},"excerpt":{"rendered":"<p data-start=\"1349\" data-end=\"1957\">T\u0101 ir moderna PCP pneimatisk\u0101 \u0161autene, kas izce\u013cas ar augstu precizit\u0101ti un p\u0101rdom\u0101tu konstrukciju. Kalibrs 4,5 mm (.177) un 17 J ener\u0123ija padara to piem\u0113rotu gan sporta \u0161au\u0161anai, gan izklaidei bez nepiecie\u0161am\u012bbas p\u0113c at\u013caujas. Garais 660 mm ner\u016bs\u0113jo\u0161\u0101 t\u0113rauda stobrs nodro\u0161ina stabilu un prec\u012bzu \u0161\u0101vienu, savuk\u0101rt ietilp\u012bgais 700 cm\u00b3 gaisa rezervu\u0101rs \u013cauj veikt l\u012bdz pat 175 \u0161\u0101vieniem ar vienu uzpildi. \u0160autene apr\u012bkota ar 21 vietas magaz\u012bnu diabolo tipa lod\u012bt\u0113m un atbalsta gan vien\u0161\u0101viena, gan autom\u0101tisko re\u017e\u012bmu. Papildus ir 22 mm Picatinny sliede optikas vai kolimatora uzst\u0101d\u012b\u0161anai, ieb\u016bv\u0113ts manometrs un spiediena regulators.    <\/p>\n<p data-start=\"1959\" data-end=\"2536\" data-is-last-node=\"\" data-is-only-node=\"\">Konstrukcij\u0101 izmantoti iztur\u012bgi un moderni materi\u0101li: oglek\u013ca \u0161\u0137iedras balons, oksid\u0113ts p\u0101rkl\u0101jums un melna apdare nodro\u0161ina gan uzticam\u012bbu, gan stil\u012bgu izskatu. Regul\u0113jama laide un vaiga balsts, pistoles tipa rokturis un p\u0101rn\u0113s\u0101\u0161anas rokturis nodro\u0161ina \u0113rtu lieto\u0161anu. Integr\u0113t\u0101s sist\u0113mas, piem\u0113ram, Anti-Knock System\u00ae un Air-Operated System\u00ae, uzlabo dro\u0161\u012bbu un darb\u012bbas stabilit\u0101ti. Komplekt\u0101 ietilpst tr\u012bs magaz\u012bnas, bl\u012bvju komplekts, magaz\u012bnas uzvilk\u0161anas atsl\u0113ga un Quick Fill uzpildes adapteris. Maksim\u0101lais darba spiediens ir 300 bar, un ra\u017eot\u0101ja garantija ir 2 gadi.    <\/p>\n","protected":false},"featured_media":160433,"template":"","meta":{"_acf_changed":false},"product_brand":[],"product_cat":[1004,1008],"product_tag":[],"class_list":{"0":"post-160439","1":"product","2":"type-product","3":"status-publish","4":"has-post-thumbnail","6":"product_cat-lidmasinas","7":"product_cat-pcp-hpa","9":"first","10":"instock","11":"taxable","12":"shipping-taxable","13":"purchasable","14":"product-type-simple"},"acf":[],"_links":{"self":[{"href":"https:\/\/kingarms.ee\/lv\/wp-json\/wp\/v2\/product\/160439","targetHints":{"allow":["GET"]}}],"collection":[{"href":"https:\/\/kingarms.ee\/lv\/wp-json\/wp\/v2\/product"}],"about":[{"href":"https:\/\/kingarms.ee\/lv\/wp-json\/wp\/v2\/types\/product"}],"wp:featuredmedia":[{"embeddable":true,"href":"https:\/\/kingarms.ee\/lv\/wp-json\/wp\/v2\/media\/160433"}],"wp:attachment":[{"href":"https:\/\/kingarms.ee\/lv\/wp-json\/wp\/v2\/media?parent=160439"}],"wp:term":[{"taxonomy":"product_brand","embeddable":true,"href":"https:\/\/kingarms.ee\/lv\/wp-json\/wp\/v2\/product_brand?post=160439"},{"taxonomy":"product_cat","embeddable":true,"href":"https:\/\/kingarms.ee\/lv\/wp-json\/wp\/v2\/product_cat?post=160439"},{"taxonomy":"product_tag","embeddable":true,"href":"https:\/\/kingarms.ee\/lv\/wp-json\/wp\/v2\/product_tag?post=160439"}],"curies":[{"name":"wp","href":"https:\/\/api.w.org\/{rel}","templated":true}]}}