{"id":160510,"date":"2026-05-05T23:24:31","date_gmt":"2026-05-05T20:24:31","guid":{"rendered":"https:\/\/kingarms.ee\/product\/umarex-pcp-notos-4-5mm-23j\/"},"modified":"2026-05-05T23:24:31","modified_gmt":"2026-05-05T20:24:31","slug":"umarex-pcp-notos-4-5mm-23j","status":"publish","type":"product","link":"https:\/\/kingarms.ee\/lv\/product\/umarex-pcp-notos-4-5mm-23j\/","title":{"rendered":"Umarex PCP Notos 4.5mm (23J)"},"content":{"rendered":"","protected":false},"excerpt":{"rendered":"<p data-start=\"1232\" data-end=\"1711\">Umarex UX Notos Carbine Set 4,5 mm PCP pneimatisk\u0101 \u0161autene ir moderna un kompakta karab\u012bne, kas piem\u0113rota gan ies\u0101c\u0113jiem, gan pieredz\u0113ju\u0161iem \u0161\u0101v\u0113jiem. PCP sist\u0113ma nodro\u0161ina stabilu \u0161\u0101viena ener\u0123iju, augstu atk\u0101rtojam\u012bbu un precizit\u0101ti, padarot to ide\u0101li piem\u0113rotu sporta un izklaides \u0161au\u0161anai. 300 mm v\u012bt\u0146otais stobrs nodro\u0161ina labu precizit\u0101ti, bet integr\u0113tais trok\u0161\u0146u sl\u0101p\u0113t\u0101js samazina \u0161\u0101viena ska\u0146u. \u0160autene apr\u012bkota ar 9 \u0161\u0101vienu rot\u0113jo\u0161o magaz\u012bnu un pied\u0101v\u0101 ar\u012b vien\u0161\u0101viena iel\u0101des iesp\u0113ju.   <\/p>\n<p data-start=\"1713\" data-end=\"2211\">Viegl\u0101 un ergonomisk\u0101 konstrukcija ietver regul\u0113jamu \u010detru poz\u012bciju laidi un divpak\u0101pju spr\u016bdu, kas uzlabo kontroli un komfortu. Ieb\u016bv\u0113ts manometrs un 250 bar gaisa rezervu\u0101rs nodro\u0161ina uzticamu darb\u012bbu. Picatinny sliede \u013cauj uzst\u0101d\u012bt optiku. Komplekt\u0101 ietilpst 3\u20139\u00d740 optiskais t\u0113m\u0113klis ar apgaismojumu un teleskopiskais divk\u0101jis, \u013caujot nekav\u0113joties s\u0101kt prec\u012bzu \u0161au\u0161anu.    <\/p>\n","protected":false},"featured_media":160505,"template":"","meta":{"_acf_changed":false},"product_brand":[],"product_cat":[1004,1008],"product_tag":[],"class_list":{"0":"post-160510","1":"product","2":"type-product","3":"status-publish","4":"has-post-thumbnail","6":"product_cat-lidmasinas","7":"product_cat-pcp-hpa","9":"first","10":"instock","11":"taxable","12":"shipping-taxable","13":"purchasable","14":"product-type-simple"},"acf":[],"_links":{"self":[{"href":"https:\/\/kingarms.ee\/lv\/wp-json\/wp\/v2\/product\/160510","targetHints":{"allow":["GET"]}}],"collection":[{"href":"https:\/\/kingarms.ee\/lv\/wp-json\/wp\/v2\/product"}],"about":[{"href":"https:\/\/kingarms.ee\/lv\/wp-json\/wp\/v2\/types\/product"}],"wp:featuredmedia":[{"embeddable":true,"href":"https:\/\/kingarms.ee\/lv\/wp-json\/wp\/v2\/media\/160505"}],"wp:attachment":[{"href":"https:\/\/kingarms.ee\/lv\/wp-json\/wp\/v2\/media?parent=160510"}],"wp:term":[{"taxonomy":"product_brand","embeddable":true,"href":"https:\/\/kingarms.ee\/lv\/wp-json\/wp\/v2\/product_brand?post=160510"},{"taxonomy":"product_cat","embeddable":true,"href":"https:\/\/kingarms.ee\/lv\/wp-json\/wp\/v2\/product_cat?post=160510"},{"taxonomy":"product_tag","embeddable":true,"href":"https:\/\/kingarms.ee\/lv\/wp-json\/wp\/v2\/product_tag?post=160510"}],"curies":[{"name":"wp","href":"https:\/\/api.w.org\/{rel}","templated":true}]}}