{"id":191033,"date":"2026-05-09T23:34:37","date_gmt":"2026-05-09T20:34:37","guid":{"rendered":"https:\/\/kingarms.ee\/product\/razorgun-3-disku-veja-merkis\/"},"modified":"2026-05-09T23:34:37","modified_gmt":"2026-05-09T20:34:37","slug":"razorgun-3-disku-veja-merkis","status":"publish","type":"product","link":"https:\/\/kingarms.ee\/lv\/product\/razorgun-3-disku-veja-merkis\/","title":{"rendered":"RazorGun 3 disku v\u0113ja m\u0113r\u0137is<br\/><br\/><br\/><br\/><br\/>"},"content":{"rendered":"","protected":false},"excerpt":{"rendered":"<p data-start=\"13\" data-end=\"521\">RGun pneimatisk\u0101 iero\u010da m\u0113r\u0137is ir moderns un piln\u012bb\u0101 gatavs risin\u0101jums \u0161au\u0161anas treni\u0146iem uzreiz p\u0113c iepakojuma atv\u0113r\u0161anas. Komplekt\u0101 ietilpst iztur\u012bgi met\u0101la stat\u012bvi, 10 lielas pap\u012bra m\u0113r\u0137lapas 43 \u00d7 64 cm izm\u0113r\u0101, k\u0101 ar\u012b pati kartona kaste, kuru var izmantot k\u0101 papildu silueta m\u0113r\u0137i. Inovat\u012bv\u0101 konstrukcija neprasa koka d\u0113\u013cus vai papildu stiprin\u0101jumus, padarot komplektu praktisku un \u0113rtu gan ies\u0101c\u0113jiem, gan pieredz\u0113ju\u0161iem \u0161\u0101v\u0113jiem.  <\/p>\n<p data-start=\"523\" data-end=\"992\">Regul\u0113jam\u0101 pamatne \u013cauj viegli piestiprin\u0101t m\u0113r\u0137us ar diametru no 20 l\u012bdz 61 cm, savuk\u0101rt redzam\u0101s izm\u0113ru atz\u012bmes pal\u012bdz \u0101tri izv\u0113l\u0113ties pareizo poz\u012bciju. Iztur\u012bg\u0101 t\u0113rauda konstrukcija ir notur\u012bga pret v\u0113ju un intens\u012bvu lieto\u0161anu, bet \u010detri zemes stiprin\u0101jumi nodro\u0161ina papildu stabilit\u0101ti \u0101ra apst\u0101k\u013cos. RGun m\u0113r\u0137is ir lieliski piem\u0113rots lieto\u0161anai d\u0101rz\u0101, \u0161autuv\u0113 vai \u0161au\u0161anas klub\u0101, nodro\u0161inot uzticamu un \u0113rtu treni\u0146u pieredzi katr\u0101 reiz\u0113.  <\/p>\n","protected":false},"featured_media":190979,"template":"","meta":{"_acf_changed":false},"product_brand":[],"product_cat":[1063],"product_tag":[],"class_list":{"0":"post-191033","1":"product","2":"type-product","3":"status-publish","4":"has-post-thumbnail","6":"product_cat-merki","8":"first","9":"instock","10":"taxable","11":"shipping-taxable","12":"purchasable","13":"product-type-simple"},"acf":[],"_links":{"self":[{"href":"https:\/\/kingarms.ee\/lv\/wp-json\/wp\/v2\/product\/191033","targetHints":{"allow":["GET"]}}],"collection":[{"href":"https:\/\/kingarms.ee\/lv\/wp-json\/wp\/v2\/product"}],"about":[{"href":"https:\/\/kingarms.ee\/lv\/wp-json\/wp\/v2\/types\/product"}],"wp:featuredmedia":[{"embeddable":true,"href":"https:\/\/kingarms.ee\/lv\/wp-json\/wp\/v2\/media\/190979"}],"wp:attachment":[{"href":"https:\/\/kingarms.ee\/lv\/wp-json\/wp\/v2\/media?parent=191033"}],"wp:term":[{"taxonomy":"product_brand","embeddable":true,"href":"https:\/\/kingarms.ee\/lv\/wp-json\/wp\/v2\/product_brand?post=191033"},{"taxonomy":"product_cat","embeddable":true,"href":"https:\/\/kingarms.ee\/lv\/wp-json\/wp\/v2\/product_cat?post=191033"},{"taxonomy":"product_tag","embeddable":true,"href":"https:\/\/kingarms.ee\/lv\/wp-json\/wp\/v2\/product_tag?post=191033"}],"curies":[{"name":"wp","href":"https:\/\/api.w.org\/{rel}","templated":true}]}}