{"id":191070,"date":"2026-05-11T11:13:44","date_gmt":"2026-05-11T08:13:44","guid":{"rendered":"https:\/\/kingarms.ee\/product\/umarex-blamer-45-mm\/"},"modified":"2026-05-11T11:13:44","modified_gmt":"2026-05-11T08:13:44","slug":"umarex-blamer-45-mm","status":"publish","type":"product","link":"https:\/\/kingarms.ee\/lv\/product\/umarex-blamer-45-mm\/","title":{"rendered":"Umarex BlaMer 4,5 mm"},"content":{"rendered":"","protected":false},"excerpt":{"rendered":"<p data-start=\"13\" data-end=\"521\">Umarex BlaMer 4,5 mm BB pneimatiskais pistole izskata zi\u0146\u0101 atg\u0101dina le\u0123end\u0101ro Colt 1911 milit\u0101ro pistoli un ir paredz\u0113ta izklaides \u0161au\u0161anai. Viegl\u0101 polim\u0113ra konstrukcija un darb\u012bba ar 12 g CO2 kapsul\u0101m padara \u0161o modeli \u0113rtu ies\u0101c\u0113jiem un jaun\u0101kiem lietot\u0101jiem pieaugu\u0161o uzraudz\u012bb\u0101. 16 BB lod\u012b\u0161u ietilp\u012bg\u0101 magaz\u012bna un s\u0101kuma \u0101trums 105 m\/s nodro\u0161ina prec\u012bzu un pat\u012bkamu \u0161au\u0161anu, savuk\u0101rt Blow-Back sist\u0113ma rada re\u0101listisku atsitiena efektu.  <\/p>\n<p data-start=\"523\" data-end=\"998\">Pistole apr\u012bkota ar Single Action spr\u016bda meh\u0101nismu, kam ir \u012bss un viegls spr\u016bda g\u0101jiens prec\u012bz\u0101kai \u0161au\u0161anai. \u0160\u0137iedru optikas priek\u0161\u0113jais t\u0113meklis atvieglo m\u0113r\u0137\u0113\u0161anu v\u0101j\u0101 apgaismojum\u0101, bet 22 mm Picatinny sliede zem stobra \u013cauj piestiprin\u0101t papildu aksesu\u0101rus, piem\u0113ram, luktur\u012bti vai l\u0101zera t\u0113m\u0113kli. Modelim ir divas dro\u0161\u012bbas sist\u0113mas dro\u0161\u0101kai lieto\u0161anai, un viena CO2 kapsula nodro\u0161ina aptuveni 32 vienm\u0113r\u012bgas jaudas \u0161\u0101vienus.  <\/p>\n","protected":false},"featured_media":191041,"template":"","meta":{"_acf_changed":false},"product_brand":[],"product_cat":[1004,1005],"product_tag":[],"class_list":{"0":"post-191070","1":"product","2":"type-product","3":"status-publish","4":"has-post-thumbnail","6":"product_cat-lidmasinas","7":"product_cat-rokas-pistoles-lv","9":"first","10":"instock","11":"taxable","12":"shipping-taxable","13":"purchasable","14":"product-type-simple"},"acf":[],"_links":{"self":[{"href":"https:\/\/kingarms.ee\/lv\/wp-json\/wp\/v2\/product\/191070","targetHints":{"allow":["GET"]}}],"collection":[{"href":"https:\/\/kingarms.ee\/lv\/wp-json\/wp\/v2\/product"}],"about":[{"href":"https:\/\/kingarms.ee\/lv\/wp-json\/wp\/v2\/types\/product"}],"wp:featuredmedia":[{"embeddable":true,"href":"https:\/\/kingarms.ee\/lv\/wp-json\/wp\/v2\/media\/191041"}],"wp:attachment":[{"href":"https:\/\/kingarms.ee\/lv\/wp-json\/wp\/v2\/media?parent=191070"}],"wp:term":[{"taxonomy":"product_brand","embeddable":true,"href":"https:\/\/kingarms.ee\/lv\/wp-json\/wp\/v2\/product_brand?post=191070"},{"taxonomy":"product_cat","embeddable":true,"href":"https:\/\/kingarms.ee\/lv\/wp-json\/wp\/v2\/product_cat?post=191070"},{"taxonomy":"product_tag","embeddable":true,"href":"https:\/\/kingarms.ee\/lv\/wp-json\/wp\/v2\/product_tag?post=191070"}],"curies":[{"name":"wp","href":"https:\/\/api.w.org\/{rel}","templated":true}]}}