{"id":191112,"date":"2026-05-11T11:33:59","date_gmt":"2026-05-11T08:33:59","guid":{"rendered":"https:\/\/kingarms.ee\/product\/umarex-spa-100-45-mm\/"},"modified":"2026-05-11T11:33:59","modified_gmt":"2026-05-11T08:33:59","slug":"umarex-spa-100-45-mm","status":"publish","type":"product","link":"https:\/\/kingarms.ee\/lv\/product\/umarex-spa-100-45-mm\/","title":{"rendered":"Umarex SPA 100 4,5 mm"},"content":{"rendered":"","protected":false},"excerpt":{"rendered":"<p data-start=\"13\" data-end=\"431\">Umarex SPA 100 4,5 mm Diabolo pneimatiskais pistole ir lieliska izv\u0113le tiem, kas v\u0113las s\u0101kt nodarboties ar izklaides \u0161au\u0161anu. Vienk\u0101r\u0161\u0101 un uzticam\u0101 konstrukcija, viegl\u0101 uzvilk\u0161ana un laba precizit\u0101te padara \u0161o modeli piem\u0113rotu da\u017e\u0101da vecuma lietot\u0101jiem. Rievotais stobrs un Diabolo tipa lod\u012b\u0161u izmanto\u0161ana nodro\u0161ina stabilu un prec\u012bzu \u0161au\u0161anu, savuk\u0101rt m\u0113ren\u0101 jauda \u013cauj viegli uzvilkt pistoli, \u012bpa\u0161i ies\u0101c\u0113jiem.  <\/p>\n<p data-start=\"433\" data-end=\"984\">Viegls, bet iztur\u012bgs polim\u0113ra korpuss nodro\u0161ina komfortu un ilgm\u016b\u017e\u012bbu, bet tekstur\u0113tais rokturis uzlabo satv\u0113rienu \u0161au\u0161anas laik\u0101. Pistole apr\u012bkota ar meh\u0101niskajiem t\u0113m\u0113k\u013ciem ar spilgtiem punktiem \u0113rt\u0101kai m\u0113r\u0137\u0113\u0161anai, k\u0101 ar\u012b div\u0101m autom\u0101tisk\u0101m dro\u0161\u012bbas sist\u0113m\u0101m \u2014 roktura dro\u0161in\u0101t\u0101ju un sl\u012bdo\u0161o dro\u0161in\u0101t\u0101ju \u2014 liel\u0101kai dro\u0161\u012bbai lieto\u0161anas laik\u0101. Vien\u0161\u0101viena lau\u017eam\u0101 stobra konstrukcija neprasa CO2 kapsulas vai citus \u0101r\u0113jos ener\u0123ijas avotus, t\u0101p\u0113c modeli ir viegli lietot un uztur\u0113t.  <\/p>\n","protected":false},"featured_media":191077,"template":"","meta":{"_acf_changed":false},"product_brand":[],"product_cat":[1004,1005],"product_tag":[],"class_list":{"0":"post-191112","1":"product","2":"type-product","3":"status-publish","4":"has-post-thumbnail","6":"product_cat-lidmasinas","7":"product_cat-rokas-pistoles-lv","9":"first","10":"instock","11":"taxable","12":"shipping-taxable","13":"purchasable","14":"product-type-simple"},"acf":[],"_links":{"self":[{"href":"https:\/\/kingarms.ee\/lv\/wp-json\/wp\/v2\/product\/191112","targetHints":{"allow":["GET"]}}],"collection":[{"href":"https:\/\/kingarms.ee\/lv\/wp-json\/wp\/v2\/product"}],"about":[{"href":"https:\/\/kingarms.ee\/lv\/wp-json\/wp\/v2\/types\/product"}],"wp:featuredmedia":[{"embeddable":true,"href":"https:\/\/kingarms.ee\/lv\/wp-json\/wp\/v2\/media\/191077"}],"wp:attachment":[{"href":"https:\/\/kingarms.ee\/lv\/wp-json\/wp\/v2\/media?parent=191112"}],"wp:term":[{"taxonomy":"product_brand","embeddable":true,"href":"https:\/\/kingarms.ee\/lv\/wp-json\/wp\/v2\/product_brand?post=191112"},{"taxonomy":"product_cat","embeddable":true,"href":"https:\/\/kingarms.ee\/lv\/wp-json\/wp\/v2\/product_cat?post=191112"},{"taxonomy":"product_tag","embeddable":true,"href":"https:\/\/kingarms.ee\/lv\/wp-json\/wp\/v2\/product_tag?post=191112"}],"curies":[{"name":"wp","href":"https:\/\/api.w.org\/{rel}","templated":true}]}}