{"id":191149,"date":"2026-05-11T12:15:58","date_gmt":"2026-05-11T09:15:58","guid":{"rendered":"https:\/\/kingarms.ee\/product\/umarex-spa-60-45-mm\/"},"modified":"2026-05-11T12:15:58","modified_gmt":"2026-05-11T09:15:58","slug":"umarex-spa-60-45-mm","status":"publish","type":"product","link":"https:\/\/kingarms.ee\/lv\/product\/umarex-spa-60-45-mm\/","title":{"rendered":"Umarex SPA 60 4,5 mm"},"content":{"rendered":"","protected":false},"excerpt":{"rendered":"<p data-start=\"13\" data-end=\"417\">Umarex SPA 60 4,5 mm Diabolo pneimatiskais pistole ir lieliska izv\u0113le tiem, kas s\u0101k nodarboties ar izklaides \u0161au\u0161anu. Vienk\u0101r\u0161\u0101 un uzticam\u0101 konstrukcija, viegl\u0101 lieto\u0161ana un laba precizit\u0101te, ko nodro\u0161ina rievotais stobrs un Diabolo tipa lod\u012btes, padara \u0161o modeli piem\u0113rotu da\u017e\u0101da vecuma lietot\u0101jiem. M\u0113ren\u0101 jauda \u013cauj \u013coti viegli uzvilkt pistoli, t\u0101d\u0113\u013c tas ir \u012bpa\u0161i piem\u0113rots ies\u0101c\u0113jiem.  <\/p>\n<p data-start=\"419\" data-end=\"925\">Viegls, bet iztur\u012bgs polim\u0113ra korpuss nodro\u0161ina komfortu un ilgm\u016b\u017e\u012bbu, savuk\u0101rt tekstur\u0113tais rokturis garant\u0113 dro\u0161u satv\u0113rienu \u0161au\u0161anas laik\u0101. Pistole apr\u012bkota ar meh\u0101niskajiem t\u0113m\u0113k\u013ciem ar spilgtiem punktiem \u0113rt\u0101kai m\u0113r\u0137\u0113\u0161anai, k\u0101 ar\u012b div\u0101m autom\u0101tisk\u0101m dro\u0161\u012bbas sist\u0113m\u0101m \u2014 roktura dro\u0161in\u0101t\u0101ju un sl\u012bdo\u0161o dro\u0161in\u0101t\u0101ju \u2014 dro\u0161\u0101kai lieto\u0161anai. Vien\u0161\u0101viena lau\u017eam\u0101 stobra konstrukcija neprasa CO2 kapsulas vai citus \u0101r\u0113jos ener\u0123ijas avotus, t\u0101p\u0113c modeli ir viegli lietot un uztur\u0113t.  <\/p>\n","protected":false},"featured_media":191120,"template":"","meta":{"_acf_changed":false},"product_brand":[],"product_cat":[1004,1005],"product_tag":[],"class_list":{"0":"post-191149","1":"product","2":"type-product","3":"status-publish","4":"has-post-thumbnail","6":"product_cat-lidmasinas","7":"product_cat-rokas-pistoles-lv","9":"first","10":"instock","11":"taxable","12":"shipping-taxable","13":"purchasable","14":"product-type-simple"},"acf":[],"_links":{"self":[{"href":"https:\/\/kingarms.ee\/lv\/wp-json\/wp\/v2\/product\/191149","targetHints":{"allow":["GET"]}}],"collection":[{"href":"https:\/\/kingarms.ee\/lv\/wp-json\/wp\/v2\/product"}],"about":[{"href":"https:\/\/kingarms.ee\/lv\/wp-json\/wp\/v2\/types\/product"}],"wp:featuredmedia":[{"embeddable":true,"href":"https:\/\/kingarms.ee\/lv\/wp-json\/wp\/v2\/media\/191120"}],"wp:attachment":[{"href":"https:\/\/kingarms.ee\/lv\/wp-json\/wp\/v2\/media?parent=191149"}],"wp:term":[{"taxonomy":"product_brand","embeddable":true,"href":"https:\/\/kingarms.ee\/lv\/wp-json\/wp\/v2\/product_brand?post=191149"},{"taxonomy":"product_cat","embeddable":true,"href":"https:\/\/kingarms.ee\/lv\/wp-json\/wp\/v2\/product_cat?post=191149"},{"taxonomy":"product_tag","embeddable":true,"href":"https:\/\/kingarms.ee\/lv\/wp-json\/wp\/v2\/product_tag?post=191149"}],"curies":[{"name":"wp","href":"https:\/\/api.w.org\/{rel}","templated":true}]}}