{"id":191187,"date":"2026-05-11T13:54:27","date_gmt":"2026-05-11T10:54:27","guid":{"rendered":"https:\/\/kingarms.ee\/product\/ux-2011-45-mm-co2\/"},"modified":"2026-05-11T13:54:27","modified_gmt":"2026-05-11T10:54:27","slug":"ux-2011-45-mm-co2","status":"publish","type":"product","link":"https:\/\/kingarms.ee\/lv\/product\/ux-2011-45-mm-co2\/","title":{"rendered":"UX 2011 4,5 mm CO2"},"content":{"rendered":"","protected":false},"excerpt":{"rendered":"<p data-start=\"13\" data-end=\"548\">UX 2011 4,5 mm CO\u2082 pneimatiskais pistole ir iedvesmots no le\u0123end\u0101r\u0101s Colt 1911 platformas un paredz\u0113ts dinamiskai izklaides \u0161au\u0161anai bez licenc\u0113m un sare\u017e\u0123\u012bt\u0101m formalit\u0101t\u0113m. Modernais sportiskais dizains ar mas\u012bvu aizsl\u0113gu, portinga atver\u0113m un izteiksm\u012bgo zelta kr\u0101sas stobru pie\u0161\u0137ir modelim agres\u012bvu un unik\u0101lu izskatu. Viegl\u0101 polim\u0113ra konstrukcija nodro\u0161ina \u0113rtu lieto\u0161anu, bet tekstur\u0113tais rokturis garant\u0113 dro\u0161u satv\u0113rienu un lab\u0101ku kontroli \u0161au\u0161anas laik\u0101.  <\/p>\n<p data-start=\"550\" data-end=\"1067\">Pistole darbojas ar standarta 12 g CO\u2082 kapsulu un sasniedz s\u0101kuma \u0101trumu l\u012bdz 130 m\/s. Pateicoties Non Blow Back (NBB) sist\u0113mai, modelis ir \u012bpa\u0161i ekonomisks un \u013cauj veikt l\u012bdz aptuveni 140 \u0161\u0101vieniem ar vienu kapsulu. Magazin\u0101 ietilpst 18 t\u0113rauda BB lod\u012btes 4,5 mm kalibr\u0101, savuk\u0101rt DAO spr\u016bda meh\u0101nisms nodro\u0161ina vienk\u0101r\u0161u un uzticamu darb\u012bbu. UX 2011 ir lieliski piem\u0113rots m\u0113r\u0137u, sk\u0101rde\u0146u un reakt\u012bvo m\u0113r\u0137u \u0161au\u0161anai, apvienojot modernu dizainu, precizit\u0101ti un pat\u012bkamu lieto\u0161anas pieredzi.   <\/p>\n","protected":false},"featured_media":191157,"template":"","meta":{"_acf_changed":false},"product_brand":[],"product_cat":[1004,1005],"product_tag":[],"class_list":{"0":"post-191187","1":"product","2":"type-product","3":"status-publish","4":"has-post-thumbnail","6":"product_cat-lidmasinas","7":"product_cat-rokas-pistoles-lv","9":"first","10":"instock","11":"taxable","12":"shipping-taxable","13":"purchasable","14":"product-type-simple"},"acf":[],"_links":{"self":[{"href":"https:\/\/kingarms.ee\/lv\/wp-json\/wp\/v2\/product\/191187","targetHints":{"allow":["GET"]}}],"collection":[{"href":"https:\/\/kingarms.ee\/lv\/wp-json\/wp\/v2\/product"}],"about":[{"href":"https:\/\/kingarms.ee\/lv\/wp-json\/wp\/v2\/types\/product"}],"wp:featuredmedia":[{"embeddable":true,"href":"https:\/\/kingarms.ee\/lv\/wp-json\/wp\/v2\/media\/191157"}],"wp:attachment":[{"href":"https:\/\/kingarms.ee\/lv\/wp-json\/wp\/v2\/media?parent=191187"}],"wp:term":[{"taxonomy":"product_brand","embeddable":true,"href":"https:\/\/kingarms.ee\/lv\/wp-json\/wp\/v2\/product_brand?post=191187"},{"taxonomy":"product_cat","embeddable":true,"href":"https:\/\/kingarms.ee\/lv\/wp-json\/wp\/v2\/product_cat?post=191187"},{"taxonomy":"product_tag","embeddable":true,"href":"https:\/\/kingarms.ee\/lv\/wp-json\/wp\/v2\/product_tag?post=191187"}],"curies":[{"name":"wp","href":"https:\/\/api.w.org\/{rel}","templated":true}]}}