{"id":191211,"date":"2026-05-11T14:04:36","date_gmt":"2026-05-11T11:04:36","guid":{"rendered":"https:\/\/kingarms.ee\/product\/sw-629-trust-me-45-mm-co2\/"},"modified":"2026-05-11T14:04:36","modified_gmt":"2026-05-11T11:04:36","slug":"sw-629-trust-me-45-mm-co2","status":"publish","type":"product","link":"https:\/\/kingarms.ee\/lv\/product\/sw-629-trust-me-45-mm-co2\/","title":{"rendered":"S&#038;W 629 Trust Me 4,5 mm CO2"},"content":{"rendered":"","protected":false},"excerpt":{"rendered":"<p data-start=\"13\" data-end=\"548\">Smith &#038; Wesson 629 \u201cTrust Me\u201d 4,5 mm Diabolo pneimatiskais revolveris ir uzticama le\u0123end\u0101r\u0101 revolvera kopija, kas apvieno klasisku dizainu ar modern\u0101m tehnolo\u0123ij\u0101m. Piln\u012bb\u0101 met\u0101la konstrukcija, elegantie baltie roktura pane\u013ci un tematiskie grav\u0113jumi pie\u0161\u0137ir modelim \u012bpa\u0161u izskatu. Revolverim ir re\u0101listiska uzl\u0101des sist\u0113ma ar met\u0101la patronu imit\u0101cij\u0101m, kas atg\u0101dina \u012bstu mun\u012bciju, bet darb\u012bbu nodro\u0161ina standarta 12 g CO\u2082 kapsula, kas ievietota roktur\u012b.  <\/p>\n<p data-start=\"550\" data-end=\"1099\">Modelis apr\u012bkots ar dubult\u0101s un vienk\u0101r\u0161\u0101s darb\u012bbas (DA\/SA) spr\u016bda meh\u0101nismu, kas nodro\u0161ina vienm\u0113r\u012bgu un prec\u012bzu \u0161au\u0161anu. Regul\u0113jamais aizmugur\u0113jais t\u0113meklis un priek\u0161\u0113jais t\u0113meklis ar sarkanu punktu atvieglo \u0101tru m\u0113r\u0137\u0113\u0161anu, savuk\u0101rt rot\u0113jo\u0161ais 6 patronu cilindrs pie\u0161\u0137ir autentisku revolvera saj\u016btu. P\u0113c \u0161\u0101viena patronu imit\u0101cijas iesp\u0113jams izstumt ar izmet\u0113ju glu\u017ei k\u0101 \u012bstam revolverim. Smith &#038; Wesson 629 \u201cTrust Me\u201d ir lieliska izv\u0113le klasisko revolveru cien\u012bt\u0101jiem un re\u0101listiskai izklaides \u0161au\u0161anai.   <\/p>\n","protected":false},"featured_media":191194,"template":"","meta":{"_acf_changed":false},"product_brand":[],"product_cat":[1004,1005],"product_tag":[],"class_list":{"0":"post-191211","1":"product","2":"type-product","3":"status-publish","4":"has-post-thumbnail","6":"product_cat-lidmasinas","7":"product_cat-rokas-pistoles-lv","9":"first","10":"instock","11":"taxable","12":"shipping-taxable","13":"purchasable","14":"product-type-simple"},"acf":[],"_links":{"self":[{"href":"https:\/\/kingarms.ee\/lv\/wp-json\/wp\/v2\/product\/191211","targetHints":{"allow":["GET"]}}],"collection":[{"href":"https:\/\/kingarms.ee\/lv\/wp-json\/wp\/v2\/product"}],"about":[{"href":"https:\/\/kingarms.ee\/lv\/wp-json\/wp\/v2\/types\/product"}],"wp:featuredmedia":[{"embeddable":true,"href":"https:\/\/kingarms.ee\/lv\/wp-json\/wp\/v2\/media\/191194"}],"wp:attachment":[{"href":"https:\/\/kingarms.ee\/lv\/wp-json\/wp\/v2\/media?parent=191211"}],"wp:term":[{"taxonomy":"product_brand","embeddable":true,"href":"https:\/\/kingarms.ee\/lv\/wp-json\/wp\/v2\/product_brand?post=191211"},{"taxonomy":"product_cat","embeddable":true,"href":"https:\/\/kingarms.ee\/lv\/wp-json\/wp\/v2\/product_cat?post=191211"},{"taxonomy":"product_tag","embeddable":true,"href":"https:\/\/kingarms.ee\/lv\/wp-json\/wp\/v2\/product_tag?post=191211"}],"curies":[{"name":"wp","href":"https:\/\/api.w.org\/{rel}","templated":true}]}}