{"id":191248,"date":"2026-05-11T15:53:46","date_gmt":"2026-05-11T12:53:46","guid":{"rendered":"https:\/\/kingarms.ee\/product\/smithwesson-m29-45-mm\/"},"modified":"2026-05-11T15:53:46","modified_gmt":"2026-05-11T12:53:46","slug":"smithwesson-m29-45-mm","status":"publish","type":"product","link":"https:\/\/kingarms.ee\/lv\/product\/smithwesson-m29-45-mm\/","title":{"rendered":"Smith&#038;Wesson M29 4,5 mm"},"content":{"rendered":"","protected":false},"excerpt":{"rendered":"<p data-start=\"13\" data-end=\"544\">Smith &#038; Wesson M29 4,5 mm 8 3\/8&#8243; pneimatiskais revolveris ir re\u0101listiska CO\u2082 darbin\u0101ma le\u0123end\u0101r\u0101 Magnum M29 kopija, kas k\u013cuva slavena \u201cNet\u012br\u0101 Harija\u201d filmu s\u0113rij\u0101 ar Klintu \u012astvudu galvenaj\u0101 lom\u0101. Smag\u0101 piln\u012bb\u0101 met\u0101la konstrukcija, kas sver vair\u0101k nek\u0101 1 kg, garais 8 3\/8 collu stobrs un ori\u0123in\u0101lie Smith &#038; Wesson mar\u0137\u0113jumi nodro\u0161ina \u012bpa\u0161i autentisku \u0161au\u0161anas pieredzi. Klasisko dizainu papildina koka imit\u0101cijas roktura pane\u013ci, savuk\u0101rt regul\u0113jamie t\u0113mek\u013ci \u013cauj prec\u012bzi \u0161aut ar\u012b liel\u0101kos att\u0101lumos.  <\/p>\n<p data-start=\"546\" data-end=\"1169\">Revolverim ir re\u0101listiska uzl\u0101des sist\u0113ma ar met\u0101la patronu imit\u0101cij\u0101m, kur\u0101s ievieto 4,5 mm BB t\u0113rauda lod\u012btes. P\u0113c \u0161\u0101viena patronu imit\u0101cijas var izstumt ar izmet\u0113ju glu\u017ei k\u0101 \u012bstam revolverim. Modelis darbojas ar 12 g CO\u2082 kapsulu, sasniedzot l\u012bdz 135 m\/s s\u0101kuma \u0101trumu un l\u012bdz pat 160 vienm\u0113r\u012bgas jaudas \u0161\u0101vieniem ar vienu kapsulu. SA\/DA spr\u016bda meh\u0101nisms \u013cauj \u0161aut gan dubult\u0101s, gan vienk\u0101r\u0161\u0101s darb\u012bbas re\u017e\u012bm\u0101, padarot Smith &#038; Wesson M29 par lielisku izv\u0113li klasisko revolveru cien\u012bt\u0101jiem un re\u0101listiskai izklaides \u0161au\u0161anai.   <\/p>\n","protected":false},"featured_media":191219,"template":"","meta":{"_acf_changed":false},"product_brand":[],"product_cat":[1004,1005],"product_tag":[],"class_list":{"0":"post-191248","1":"product","2":"type-product","3":"status-publish","4":"has-post-thumbnail","6":"product_cat-lidmasinas","7":"product_cat-rokas-pistoles-lv","9":"first","10":"instock","11":"taxable","12":"shipping-taxable","13":"purchasable","14":"product-type-simple"},"acf":[],"_links":{"self":[{"href":"https:\/\/kingarms.ee\/lv\/wp-json\/wp\/v2\/product\/191248","targetHints":{"allow":["GET"]}}],"collection":[{"href":"https:\/\/kingarms.ee\/lv\/wp-json\/wp\/v2\/product"}],"about":[{"href":"https:\/\/kingarms.ee\/lv\/wp-json\/wp\/v2\/types\/product"}],"wp:featuredmedia":[{"embeddable":true,"href":"https:\/\/kingarms.ee\/lv\/wp-json\/wp\/v2\/media\/191219"}],"wp:attachment":[{"href":"https:\/\/kingarms.ee\/lv\/wp-json\/wp\/v2\/media?parent=191248"}],"wp:term":[{"taxonomy":"product_brand","embeddable":true,"href":"https:\/\/kingarms.ee\/lv\/wp-json\/wp\/v2\/product_brand?post=191248"},{"taxonomy":"product_cat","embeddable":true,"href":"https:\/\/kingarms.ee\/lv\/wp-json\/wp\/v2\/product_cat?post=191248"},{"taxonomy":"product_tag","embeddable":true,"href":"https:\/\/kingarms.ee\/lv\/wp-json\/wp\/v2\/product_tag?post=191248"}],"curies":[{"name":"wp","href":"https:\/\/api.w.org\/{rel}","templated":true}]}}