{"id":191273,"date":"2026-05-11T16:08:28","date_gmt":"2026-05-11T13:08:28","guid":{"rendered":"https:\/\/kingarms.ee\/product\/umarex-power-potential-45-mm-350-pcs\/"},"modified":"2026-05-11T16:08:28","modified_gmt":"2026-05-11T13:08:28","slug":"umarex-power-potential-45-mm-350-pcs","status":"publish","type":"product","link":"https:\/\/kingarms.ee\/lv\/product\/umarex-power-potential-45-mm-350-pcs\/","title":{"rendered":"Umarex Power Potential 4,5 mm 350 pcs."},"content":{"rendered":"","protected":false},"excerpt":{"rendered":"<p data-start=\"13\" data-end=\"364\">Umarex Power Potential 4,5\/350 ir smagas hollow point tipa pneimatisko iero\u010du lod\u012btes, kas paredz\u0113tas izklaides \u0161au\u0161anai. Katras lod\u012btes svars ir 0,67 g, padarot t\u0101s piem\u0113rotas \u0161au\u0161anai \u012bs\u0101s un vid\u0113j\u0101s distanc\u0113s ar stabilu lidojuma trajektoriju un augstu trieciena ener\u0123iju. Speci\u0101l\u0101 dob\u0101 galvi\u0146a veicina izteiktu deform\u0101ciju p\u0113c tr\u0101p\u012bjuma m\u0113r\u0137\u012b, padarot \u0161au\u0161anu daudz iespaid\u012bg\u0101ku.  <\/p>\n<p data-start=\"366\" data-end=\"698\">Pateicoties hollow point konstrukcijai, Umarex Power Potential lod\u012btes ir lieliski piem\u0113rotas \u0161au\u0161anai pa bund\u017e\u0101m, m\u0113r\u0137iem un citiem reakt\u012bviem objektiem. Efekt\u012bg\u0101 m\u0113r\u0137a sadal\u012b\u0161an\u0101s padara katru \u0161au\u0161anas sesiju aizraujo\u0161\u0101ku, savuk\u0101rt augst\u0101 izgatavo\u0161anas kvalit\u0101te nodro\u0161ina stabilu precizit\u0101ti un uzticamu veiktsp\u0113ju. <\/p>\n","protected":false},"featured_media":191255,"template":"","meta":{"_acf_changed":false},"product_brand":[],"product_cat":[1047,1045],"product_tag":[],"class_list":{"0":"post-191273","1":"product","2":"type-product","3":"status-publish","4":"has-post-thumbnail","6":"product_cat-airuna-4-5-mm","7":"product_cat-lastoltar-ir-narstants-lv","9":"first","10":"instock","11":"taxable","12":"shipping-taxable","13":"purchasable","14":"product-type-simple"},"acf":[],"_links":{"self":[{"href":"https:\/\/kingarms.ee\/lv\/wp-json\/wp\/v2\/product\/191273","targetHints":{"allow":["GET"]}}],"collection":[{"href":"https:\/\/kingarms.ee\/lv\/wp-json\/wp\/v2\/product"}],"about":[{"href":"https:\/\/kingarms.ee\/lv\/wp-json\/wp\/v2\/types\/product"}],"wp:featuredmedia":[{"embeddable":true,"href":"https:\/\/kingarms.ee\/lv\/wp-json\/wp\/v2\/media\/191255"}],"wp:attachment":[{"href":"https:\/\/kingarms.ee\/lv\/wp-json\/wp\/v2\/media?parent=191273"}],"wp:term":[{"taxonomy":"product_brand","embeddable":true,"href":"https:\/\/kingarms.ee\/lv\/wp-json\/wp\/v2\/product_brand?post=191273"},{"taxonomy":"product_cat","embeddable":true,"href":"https:\/\/kingarms.ee\/lv\/wp-json\/wp\/v2\/product_cat?post=191273"},{"taxonomy":"product_tag","embeddable":true,"href":"https:\/\/kingarms.ee\/lv\/wp-json\/wp\/v2\/product_tag?post=191273"}],"curies":[{"name":"wp","href":"https:\/\/api.w.org\/{rel}","templated":true}]}}