{"id":191336,"date":"2026-05-13T23:32:24","date_gmt":"2026-05-13T20:32:24","guid":{"rendered":"https:\/\/kingarms.ee\/product\/pneimatiskais-loks-fx-redback\/"},"modified":"2026-05-13T23:32:24","modified_gmt":"2026-05-13T20:32:24","slug":"pneimatiskais-loks-fx-redback","status":"publish","type":"product","link":"https:\/\/kingarms.ee\/lv\/product\/pneimatiskais-loks-fx-redback\/","title":{"rendered":"Pneimatiskais loks FX Redback"},"content":{"rendered":"","protected":false},"excerpt":{"rendered":"<p data-start=\"74\" data-end=\"815\">Airbow FX Redback ir jaud\u012bga PCP sist\u0113mas pneimatisk\u0101 platforma \u0161au\u0161anai ar bult\u0101m, kur\u0101 FX Airguns p\u0101rbaud\u012bt\u0101s tehnolo\u0123ijas ir piel\u0101gotas \u012bpa\u0161i bultu iz\u0161au\u0161anai. Redback priek\u0161\u0113j\u0101 da\u013c\u0101 atrodas veseli asto\u0146i 9 mm (.35) stobri, kuros iesp\u0113jams ievietot kop\u0101 asto\u0146as bultas; pavelkot s\u0101nu sviru, stobru bloks pagrie\u017eas un n\u0101kam\u0101 bulta tiek sagatavota \u0161\u0101vienam. Stabilai jaudai un precizit\u0101tei modelis ir apr\u012bkots ar 480 cc PCP cilindru, kas atrodas laidn\u0113 un kura uzpildes spiediens ir l\u012bdz 250 bar, k\u0101 ar\u012b ar prec\u012bzi regul\u0113jamu AMP regulatoru, kas pal\u012bdz nodro\u0161in\u0101t vienm\u0113r\u012bgu katras bultas \u0101trumu. Korpusa labaj\u0101 pus\u0113 atrodas divi Wika manometri: viens r\u0101da regulatora spiedienu, otrs \u2014 PCP cilindra spiedienu. Augstum\u0101 regul\u0113jamais laidnes gals pal\u012bdz ie\u0146emt \u0113rtu un pareizu \u0161au\u0161anas poz\u012bciju.    <\/p>\n<p data-start=\"817\" data-end=\"1685\">FX Redback pied\u0101v\u0101 pla\u0161as regul\u0113\u0161anas iesp\u0113jas, lai piel\u0101gotu ier\u012bci \u0161\u0101v\u0113ja vajadz\u012bb\u0101m. Quick Tune sist\u0113ma \u013cauj regul\u0113t \u0101mura atsperes priek\u0161spriegojumu ar makroregul\u0113\u0161anas riteni 23 lielos so\u013cos, bet p\u0113c tam veikt prec\u012bzu iestat\u012b\u0161anu ar mikroregul\u0113\u0161anas riteni. Quick Set Trigger spr\u016bda meh\u0101nisms ar\u012b ir piln\u012bb\u0101 regul\u0113jams: iesp\u0113jams main\u012bt spr\u016bda poz\u012bciju, abas spr\u016bda pak\u0101pes, spr\u016bda m\u0113l\u012btes augstumu un t\u0101s pagriezienu v\u0113lamaj\u0101 virzien\u0101. Aug\u0161pus\u0113 atrodas Weaver\/Picatinny optikas sliede ar 60 MOA sl\u012bpumu, kas pal\u012bdz kompens\u0113t bultu izteikt\u0101ko, lokveida trajektoriju liel\u0101k\u0101s distanc\u0113s. Apak\u0161\u0101 ir Arca piederumu sliede ar vair\u0101k\u0101m M-LOK atver\u0113m bipoda, tripoda, balans\u0113\u0161anas atsvaru vai citu aksesu\u0101ru stiprin\u0101\u0161anai. FX Redback sver 3200 g un ir 106 cm gar\u0161; abpus\u0113ji lietojam\u0101 laidne un ergonomiskais rokturis ir izgatavoti no triecieniztur\u012bga sint\u0113tiska materi\u0101la ar raupju virsmu dro\u0161\u0101kam satv\u0113rienam. Komplekt\u0101 ietilpst koferis un uzpildes adapteris; bultas komplekt\u0101 nav iek\u013cautas, j\u0101izmanto 9 mm (.35) stobram piem\u0113rotas bultas.     <\/p>\n","protected":false},"featured_media":191295,"template":"","meta":{"_acf_changed":false},"product_brand":[],"product_cat":[1004,1008],"product_tag":[],"class_list":{"0":"post-191336","1":"product","2":"type-product","3":"status-publish","4":"has-post-thumbnail","6":"product_cat-lidmasinas","7":"product_cat-pcp-hpa","9":"first","10":"instock","11":"taxable","12":"shipping-taxable","13":"purchasable","14":"product-type-simple"},"acf":[],"_links":{"self":[{"href":"https:\/\/kingarms.ee\/lv\/wp-json\/wp\/v2\/product\/191336","targetHints":{"allow":["GET"]}}],"collection":[{"href":"https:\/\/kingarms.ee\/lv\/wp-json\/wp\/v2\/product"}],"about":[{"href":"https:\/\/kingarms.ee\/lv\/wp-json\/wp\/v2\/types\/product"}],"wp:featuredmedia":[{"embeddable":true,"href":"https:\/\/kingarms.ee\/lv\/wp-json\/wp\/v2\/media\/191295"}],"wp:attachment":[{"href":"https:\/\/kingarms.ee\/lv\/wp-json\/wp\/v2\/media?parent=191336"}],"wp:term":[{"taxonomy":"product_brand","embeddable":true,"href":"https:\/\/kingarms.ee\/lv\/wp-json\/wp\/v2\/product_brand?post=191336"},{"taxonomy":"product_cat","embeddable":true,"href":"https:\/\/kingarms.ee\/lv\/wp-json\/wp\/v2\/product_cat?post=191336"},{"taxonomy":"product_tag","embeddable":true,"href":"https:\/\/kingarms.ee\/lv\/wp-json\/wp\/v2\/product_tag?post=191336"}],"curies":[{"name":"wp","href":"https:\/\/api.w.org\/{rel}","templated":true}]}}