{"id":191348,"date":"2026-05-13T23:46:11","date_gmt":"2026-05-13T20:46:11","guid":{"rendered":"https:\/\/kingarms.ee\/product\/pneimatiska-loka-bultas-air-venturi-air-bolt-35-cal\/"},"modified":"2026-05-13T23:46:11","modified_gmt":"2026-05-13T20:46:11","slug":"pneimatiska-loka-bultas-air-venturi-air-bolt-35-cal","status":"publish","type":"product","link":"https:\/\/kingarms.ee\/lv\/product\/pneimatiska-loka-bultas-air-venturi-air-bolt-35-cal\/","title":{"rendered":"Pneimatisk\u0101 loka bultas Air Venturi Air Bolt .35 Cal"},"content":{"rendered":"","protected":false},"excerpt":{"rendered":"<p data-start=\"220\" data-end=\"669\">Air Venturi Air Bolt .35 Cal bultas ir paredz\u0113tas lieto\u0161anai ar 9 mm (.35\u2019\u2019) pneimatiskajiem lokiem vai sader\u012bg\u0101m pneimatiskaj\u0101m sist\u0113m\u0101m, kuru stobra garums p\u0101rsniedz 53 cm jeb 21 collu. T\u0101s ir piem\u0113rotas \u0161\u0101v\u0113jiem, kuriem nepiecie\u0161amas pareizi piel\u0101gotas bultas airbow platformai ar atbilsto\u0161u svaru, stabilu lidojumu un uzticamu darb\u012bbu. Katras bultas kop\u0113jais svars ir 375 graini jeb 24,3 grami, ieskaitot 100 grainu jeb 6,5 gramu bultas uzgali.  <\/p>\n<p data-start=\"671\" data-end=\"1011\">Bultas k\u0101ts ir izgatavots no High Modulus oglek\u013ca \u0161\u0137iedras \u2014 \u012bpa\u0161i stingra un kvalitat\u012bva oglek\u013ca \u0161\u0137iedras veida. \u0160\u0101da konstrukcija pal\u012bdz samazin\u0101t lieci, uzlabot lidojuma stabilit\u0101ti un nodro\u0161in\u0101t vienm\u0113r\u012bg\u0101ku trajektoriju. Air Venturi Air Bolt .35 Cal bultu garums ir 584 mm, materi\u0101ls \u2014 karbons, un t\u0101s ir paredz\u0113tas lieto\u0161anai ar pneimatiskajiem lokiem. Iepakojum\u0101 ir 6 bultas.   <\/p>\n","protected":false},"featured_media":191343,"template":"","meta":{"_acf_changed":false},"product_brand":[],"product_cat":[1016],"product_tag":[],"class_list":{"0":"post-191348","1":"product","2":"type-product","3":"status-publish","4":"has-post-thumbnail","6":"product_cat-bultas-bultas-dalas","8":"first","9":"instock","10":"taxable","11":"shipping-taxable","12":"purchasable","13":"product-type-simple"},"acf":[],"_links":{"self":[{"href":"https:\/\/kingarms.ee\/lv\/wp-json\/wp\/v2\/product\/191348","targetHints":{"allow":["GET"]}}],"collection":[{"href":"https:\/\/kingarms.ee\/lv\/wp-json\/wp\/v2\/product"}],"about":[{"href":"https:\/\/kingarms.ee\/lv\/wp-json\/wp\/v2\/types\/product"}],"wp:featuredmedia":[{"embeddable":true,"href":"https:\/\/kingarms.ee\/lv\/wp-json\/wp\/v2\/media\/191343"}],"wp:attachment":[{"href":"https:\/\/kingarms.ee\/lv\/wp-json\/wp\/v2\/media?parent=191348"}],"wp:term":[{"taxonomy":"product_brand","embeddable":true,"href":"https:\/\/kingarms.ee\/lv\/wp-json\/wp\/v2\/product_brand?post=191348"},{"taxonomy":"product_cat","embeddable":true,"href":"https:\/\/kingarms.ee\/lv\/wp-json\/wp\/v2\/product_cat?post=191348"},{"taxonomy":"product_tag","embeddable":true,"href":"https:\/\/kingarms.ee\/lv\/wp-json\/wp\/v2\/product_tag?post=191348"}],"curies":[{"name":"wp","href":"https:\/\/api.w.org\/{rel}","templated":true}]}}