{"id":191360,"date":"2026-05-14T08:47:00","date_gmt":"2026-05-14T05:47:00","guid":{"rendered":"https:\/\/kingarms.ee\/product\/pcp-pneimatiska-sautene-fx-boss\/"},"modified":"2026-05-14T08:47:00","modified_gmt":"2026-05-14T05:47:00","slug":"pcp-pneimatiska-sautene-fx-boss","status":"publish","type":"product","link":"https:\/\/kingarms.ee\/lv\/product\/pcp-pneimatiska-sautene-fx-boss\/","title":{"rendered":"PCP pneimatisk\u0101 \u0161autene FX Boss"},"content":{"rendered":"","protected":false},"excerpt":{"rendered":"<h3 data-section-id=\"1ksh902\" data-start=\"211\" data-end=\"234\">PCP pneimatisk\u0101 \u0161autene FX Boss<\/h3>\n<p data-start=\"236\" data-end=\"941\">FX Boss ir augstas kvalit\u0101tes PCP pneimatisk\u0101 \u0161autene no Zviedrijas ra\u017eot\u0101ja FX Airguns, kas izstr\u0101d\u0101ta lielai jaudai, precizit\u0101tei un \u0161au\u0161anai liel\u0101k\u0101s distanc\u0113s. FX Airguns ir paz\u012bstams ar inovat\u012bviem tehniskajiem risin\u0101jumiem, izcilu precizit\u0101ti un uzticamu veiktsp\u0113ju, un Boss modelis piln\u012bb\u0101 attaisno savu nosaukumu. \u0160autene ir apr\u012bkota ar \u012bpa\u0161i izgatavotu 7,62 mm (.30) Smooth Twist stobru, kas \u0101tri pier\u0101d\u012bjis sevi gan sacens\u012bb\u0101s, gan praktiskos lauka apst\u0101k\u013cos. Regul\u0113ta darb\u012bbas sist\u0113ma, 500 cc gaisa cilindrs un uzpildes spiediens l\u012bdz 250 bar \u013cauj sasniegt aptuveni 110 J jaudu un l\u012bdz 48 \u0161\u0101vieniem ar vienu uzpildi. FX Boss ir paredz\u0113ta nopietnai lieto\u0161anai \u0101rpus telp\u0101m, smag\u0101k\u0101m lod\u0113m un p\u0101rliecino\u0161ai \u0161au\u0161anai liel\u0101k\u0101 att\u0101lum\u0101.    <\/p>\n<p data-start=\"943\" data-end=\"1598\">Modelis tiek pieg\u0101d\u0101ts ar 9 \u0161\u0101vienu aptveri .30 kalibra lod\u0113m, ta\u010du to iesp\u0113jams izmantot ar\u012b viena \u0161\u0101viena re\u017e\u012bm\u0101. S\u0101nu sviras uzvilk\u0161anas sist\u0113ma nodro\u0161ina \u0113rtu un vienm\u0113r\u012bgu darb\u012bbu, bet divpak\u0101pju regul\u0113jamais match-klases spr\u016bds \u013cauj prec\u012bzi kontrol\u0113t katru \u0161\u0101vienu. Labro\u010diem paredz\u0113t\u0101 thumbhole tipa laidne ir izgatavota no sint\u0113tiska materi\u0101la un p\u0101rkl\u0101ta ar m\u012bkstu, laikapst\u0101k\u013ciem iztur\u012bgu p\u0101rkl\u0101jumu, kas nodro\u0161ina \u0113rtu un dro\u0161u satv\u0113rienu. FX Boss sver 3400 g, stobra garums ir 610 mm, bet kop\u0113jais garums \u2014 1195 mm. Atkl\u0101to t\u0113m\u0113k\u013cu nav, un optiskais t\u0113m\u0113klis komplekt\u0101 nav iek\u013cauts; optikas uzst\u0101d\u012b\u0161anai paredz\u0113ta 11 mm Dovetail sliede. Komplekt\u0101 ietilpst koferis, uzpildes zonde un aptvere.     <\/p>\n","protected":false},"featured_media":191624,"template":"","meta":{"_acf_changed":false},"product_brand":[],"product_cat":[1004,1008],"product_tag":[],"class_list":{"0":"post-191360","1":"product","2":"type-product","3":"status-publish","4":"has-post-thumbnail","6":"product_cat-lidmasinas","7":"product_cat-pcp-hpa","9":"first","10":"instock","11":"taxable","12":"shipping-taxable","13":"purchasable","14":"product-type-simple"},"acf":[],"_links":{"self":[{"href":"https:\/\/kingarms.ee\/lv\/wp-json\/wp\/v2\/product\/191360","targetHints":{"allow":["GET"]}}],"collection":[{"href":"https:\/\/kingarms.ee\/lv\/wp-json\/wp\/v2\/product"}],"about":[{"href":"https:\/\/kingarms.ee\/lv\/wp-json\/wp\/v2\/types\/product"}],"wp:featuredmedia":[{"embeddable":true,"href":"https:\/\/kingarms.ee\/lv\/wp-json\/wp\/v2\/media\/191624"}],"wp:attachment":[{"href":"https:\/\/kingarms.ee\/lv\/wp-json\/wp\/v2\/media?parent=191360"}],"wp:term":[{"taxonomy":"product_brand","embeddable":true,"href":"https:\/\/kingarms.ee\/lv\/wp-json\/wp\/v2\/product_brand?post=191360"},{"taxonomy":"product_cat","embeddable":true,"href":"https:\/\/kingarms.ee\/lv\/wp-json\/wp\/v2\/product_cat?post=191360"},{"taxonomy":"product_tag","embeddable":true,"href":"https:\/\/kingarms.ee\/lv\/wp-json\/wp\/v2\/product_tag?post=191360"}],"curies":[{"name":"wp","href":"https:\/\/api.w.org\/{rel}","templated":true}]}}