{"id":191390,"date":"2026-05-14T09:06:56","date_gmt":"2026-05-14T06:06:56","guid":{"rendered":"https:\/\/kingarms.ee\/product\/agn-technology-netvor-ws\/"},"modified":"2026-05-14T09:06:56","modified_gmt":"2026-05-14T06:06:56","slug":"agn-technology-netvor-ws","status":"publish","type":"product","link":"https:\/\/kingarms.ee\/lv\/product\/agn-technology-netvor-ws\/","title":{"rendered":"AGN Technology Netvor WS"},"content":{"rendered":"","protected":false},"excerpt":{"rendered":"<p data-start=\"255\" data-end=\"982\">AGN Technology Netvor WS ir jaud\u012bga 11,43 mm (.45) kalibra PCP pneimatisk\u0101 \u0161autene, kas paredz\u0113ta slug tipa lo\u017eu \u0161au\u0161anai, izmantojot viena \u0161\u0101viena iel\u0101des paliktni. S\u0101nu svira atrodas korpusa kreisaj\u0101 pus\u0113 un ir viegli lietojama, \u012bpa\u0161i tad, ja \u0161autene tiek stabiliz\u0113ta ar bipodu, \u0161au\u0161anas balstu vai tripodu. \u0160im nol\u016bkam priek\u0161\u0113j\u0101s da\u013cas apak\u0161\u0101 ir Weaver\/Picatinny piederumu sliede, kas \u013cauj \u0113rti uzst\u0101d\u012bt bipodu vai citu piem\u0113rotu balsta apr\u012bkojumu. Sa\u012bsin\u0101jums WS mode\u013ca nosaukum\u0101 noz\u012bm\u0113 Wood Stock \u2014 \u0161\u012b versija ir apr\u012bkota ar koka thumbhole tipa laidni, kas \u0113rti un stingri iegu\u013c rok\u0101s. Laidnes gal\u0101 ir gumijas pleca balsts \u0113rt\u0101kai novieto\u0161anai pret plecu, savuk\u0101rt ergonomiskajam rokturim ir viegli izveidotas pirkstu rievas.    <\/p>\n<p data-start=\"984\" data-end=\"1654\">Uz darb\u012bbas meh\u0101nisma aug\u0161da\u013cas atrodas Weaver\/Picatinny optikas sliede, kas \u013cauj uzst\u0101d\u012bt piem\u0113rotu optisko t\u0113m\u0113kli un pilnv\u0113rt\u012bgi izmantot \u0161autenes precizit\u0101tes potenci\u0101lu; optiskais t\u0113m\u0113klis komplekt\u0101 nav iek\u013cauts. Zem 860 mm stobra atrodas 580 cc PCP cilindrs ar uzpildes spiedienu l\u012bdz 300 bar. Korpusa kreisaj\u0101 pus\u0113 eso\u0161ais manometrs \u013cauj p\u0101rbaud\u012bt atliku\u0161o spiedienu, un sist\u0113ma ir regul\u0113ta uz 200 bar. Netvor WS nodro\u0161ina l\u012bdz 610 J ener\u0123iju, sver 4555 g un t\u0101s kop\u0113jais garums ir 1040 mm. Atkl\u0101to t\u0113m\u0113k\u013cu nav, bet abpus\u0113ji lietojam\u0101 laidne ir izgatavota no koka. Ap stobru ir barrel shroud apvalks, bet gal\u0101 \u2014 11\/16-24 UNEF v\u012btne ar v\u012btnes aizsargu. Komplekt\u0101 ietilpst uzpildes komplekts, stobra bremze, O-gredzeni un \u0161autenes soma.      <\/p>\n","protected":false},"featured_media":191421,"template":"","meta":{"_acf_changed":false},"product_brand":[],"product_cat":[1004,1008],"product_tag":[],"class_list":{"0":"post-191390","1":"product","2":"type-product","3":"status-publish","4":"has-post-thumbnail","6":"product_cat-lidmasinas","7":"product_cat-pcp-hpa","9":"first","10":"instock","11":"taxable","12":"shipping-taxable","13":"purchasable","14":"product-type-simple"},"acf":[],"_links":{"self":[{"href":"https:\/\/kingarms.ee\/lv\/wp-json\/wp\/v2\/product\/191390","targetHints":{"allow":["GET"]}}],"collection":[{"href":"https:\/\/kingarms.ee\/lv\/wp-json\/wp\/v2\/product"}],"about":[{"href":"https:\/\/kingarms.ee\/lv\/wp-json\/wp\/v2\/types\/product"}],"wp:featuredmedia":[{"embeddable":true,"href":"https:\/\/kingarms.ee\/lv\/wp-json\/wp\/v2\/media\/191421"}],"wp:attachment":[{"href":"https:\/\/kingarms.ee\/lv\/wp-json\/wp\/v2\/media?parent=191390"}],"wp:term":[{"taxonomy":"product_brand","embeddable":true,"href":"https:\/\/kingarms.ee\/lv\/wp-json\/wp\/v2\/product_brand?post=191390"},{"taxonomy":"product_cat","embeddable":true,"href":"https:\/\/kingarms.ee\/lv\/wp-json\/wp\/v2\/product_cat?post=191390"},{"taxonomy":"product_tag","embeddable":true,"href":"https:\/\/kingarms.ee\/lv\/wp-json\/wp\/v2\/product_tag?post=191390"}],"curies":[{"name":"wp","href":"https:\/\/api.w.org\/{rel}","templated":true}]}}