{"id":191415,"date":"2026-05-14T09:19:01","date_gmt":"2026-05-14T06:19:01","guid":{"rendered":"https:\/\/kingarms.ee\/product\/agn-technology-netvor-ps\/"},"modified":"2026-05-14T09:19:01","modified_gmt":"2026-05-14T06:19:01","slug":"agn-technology-netvor-ps","status":"publish","type":"product","link":"https:\/\/kingarms.ee\/lv\/product\/agn-technology-netvor-ps\/","title":{"rendered":"AGN Technology Netvor PS"},"content":{"rendered":"","protected":false},"excerpt":{"rendered":"<p data-start=\"200\" data-end=\"885\">AGN Technology Netvor PS ir jaud\u012bga 11,43 mm (.45) kalibra PCP pneimatisk\u0101 \u0161autene, kas paredz\u0113ta slug tipa lo\u017eu \u0161au\u0161anai, izmantojot viena \u0161\u0101viena iel\u0101des paliktni. S\u0101nu svira atrodas korpusa kreisaj\u0101 pus\u0113 un ir viegli lietojama, \u012bpa\u0161i tad, ja \u0161autene tiek stabiliz\u0113ta ar bipodu, \u0161au\u0161anas balstu vai tripodu. \u0160im nol\u016bkam priek\u0161\u0113j\u0101s da\u013cas apak\u0161\u0101 ir Weaver\/Picatinny piederumu sliede, kas \u013cauj \u0113rti uzst\u0101d\u012bt bipodu vai citu sader\u012bgu balsta apr\u012bkojumu. Sa\u012bsin\u0101jums PS mode\u013ca nosaukum\u0101 noz\u012bm\u0113 Plastic Stock \u2014 \u0161\u012b versija ir apr\u012bkota ar sint\u0113tiska materi\u0101la laidni, kas \u0113rti iegu\u013c rok\u0101s un ir piem\u0113rota praktiskai lieto\u0161anai. Laidnes gal\u0101 ir gumijas pleca balsts, kas nodro\u0161ina \u0113rt\u0101ku novieto\u0161anu pret plecu.    <\/p>\n<p data-start=\"887\" data-end=\"1570\">Uz darb\u012bbas meh\u0101nisma aug\u0161da\u013cas atrodas Weaver\/Picatinny optikas sliede, kas \u013cauj uzst\u0101d\u012bt piem\u0113rotu optisko t\u0113m\u0113kli un pilnv\u0113rt\u012bgi izmantot \u0161autenes precizit\u0101tes potenci\u0101lu; optiskais t\u0113m\u0113klis komplekt\u0101 nav iek\u013cauts. Zem 860 mm stobra atrodas 580 cc PCP cilindrs ar uzpildes spiedienu l\u012bdz 300 bar. Korpusa kreisaj\u0101 pus\u0113 eso\u0161ais manometrs \u013cauj p\u0101rbaud\u012bt atliku\u0161o spiedienu, savuk\u0101rt pati sist\u0113ma ir regul\u0113ta uz 200 bar. AGN Technology Netvor PS nodro\u0161ina l\u012bdz 610 J ener\u0123iju, sver 4785 g un t\u0101s kop\u0113jais garums ir 1040 mm. Atkl\u0101to t\u0113m\u0113k\u013cu nav, bet abpus\u0113ji lietojam\u0101 laidne ir izgatavota no sint\u0113tiska materi\u0101la. Ap stobru ir barrel shroud apvalks, bet gal\u0101 \u2014 11\/16-24 UNEF v\u012btne ar v\u012btnes aizsargu. Komplekt\u0101 ietilpst uzpildes komplekts, stobra bremze, O-gredzeni un \u0161autenes soma.      <\/p>\n","protected":false},"featured_media":191397,"template":"","meta":{"_acf_changed":false},"product_brand":[],"product_cat":[1008],"product_tag":[],"class_list":{"0":"post-191415","1":"product","2":"type-product","3":"status-publish","4":"has-post-thumbnail","6":"product_cat-pcp-hpa","8":"first","9":"instock","10":"taxable","11":"shipping-taxable","12":"purchasable","13":"product-type-simple"},"acf":[],"_links":{"self":[{"href":"https:\/\/kingarms.ee\/lv\/wp-json\/wp\/v2\/product\/191415","targetHints":{"allow":["GET"]}}],"collection":[{"href":"https:\/\/kingarms.ee\/lv\/wp-json\/wp\/v2\/product"}],"about":[{"href":"https:\/\/kingarms.ee\/lv\/wp-json\/wp\/v2\/types\/product"}],"wp:featuredmedia":[{"embeddable":true,"href":"https:\/\/kingarms.ee\/lv\/wp-json\/wp\/v2\/media\/191397"}],"wp:attachment":[{"href":"https:\/\/kingarms.ee\/lv\/wp-json\/wp\/v2\/media?parent=191415"}],"wp:term":[{"taxonomy":"product_brand","embeddable":true,"href":"https:\/\/kingarms.ee\/lv\/wp-json\/wp\/v2\/product_brand?post=191415"},{"taxonomy":"product_cat","embeddable":true,"href":"https:\/\/kingarms.ee\/lv\/wp-json\/wp\/v2\/product_cat?post=191415"},{"taxonomy":"product_tag","embeddable":true,"href":"https:\/\/kingarms.ee\/lv\/wp-json\/wp\/v2\/product_tag?post=191415"}],"curies":[{"name":"wp","href":"https:\/\/api.w.org\/{rel}","templated":true}]}}