{"id":191471,"date":"2026-05-14T10:14:16","date_gmt":"2026-05-14T07:14:16","guid":{"rendered":"https:\/\/kingarms.ee\/product\/anschutz-9015-one-field-target\/"},"modified":"2026-05-14T10:14:16","modified_gmt":"2026-05-14T07:14:16","slug":"anschutz-9015-one-field-target","status":"publish","type":"product","link":"https:\/\/kingarms.ee\/lv\/product\/anschutz-9015-one-field-target\/","title":{"rendered":"Ansch\u00fctz 9015 ONE Field Target"},"content":{"rendered":"","protected":false},"excerpt":{"rendered":"<p data-start=\"296\" data-end=\"1028\">Ansch\u00fctz Model 9015 Field Target ir augstas klases match tipa PCP pneimatisk\u0101 \u0161autene, kas piem\u0113rota da\u017e\u0101da l\u012bme\u0146a \u0161\u0101v\u0113jiem un vair\u0101k\u0101m discipl\u012bn\u0101m \u2014 no junioriem l\u012bdz pieaugu\u0161ajiem, no senioriem l\u012bdz benchrest \u0161\u0101v\u0113jiem. Jaunizstr\u0101d\u0101t\u0101 augstas veiktsp\u0113jas stobra sist\u0113ma ir rad\u012bta maksim\u0101lai precizit\u0101tei un bez atsitiena pa\u0101trina 10,5 grainu diabolo lod\u012btes l\u012bdz vid\u0113jam \u0101trumam aptuveni 690 p\u0113das sekund\u0113. Regul\u0113t\u0101 PCP sist\u0113ma darbojas ar 200 bar uzpildes spiedienu un nodro\u0161ina apm\u0113ram 100 \u0161\u0101vienus ar vienu uzpildi. Mode\u013ca kalibrs ir 4,5 mm (.177), ener\u0123ija \u2014 aptuveni 15 J, bet uzvilk\u0161ana notiek ar s\u0101nu sviru. \u0160autenei nav aptveres un atkl\u0101to t\u0113m\u0113k\u013cu, optiskais t\u0113m\u0113klis komplekt\u0101 nav iek\u013cauts; optikas uzst\u0101d\u012b\u0161anai paredz\u0113ta 11 mm Dovetail sliede.    <\/p>\n<p data-start=\"1030\" data-end=\"1807\">9015 Field Target laidne ir veidota p\u0113c principa, ka dizainam un tehnolo\u0123ijai j\u0101darbojas kop\u0101 vienot\u0101, ergonomisk\u0101 sist\u0113m\u0101. \u012apa\u0161i \u0161aur\u0101 un inovat\u012bv\u0101 konstrukcija sniedz \u0161\u0101v\u0113jam neparastu br\u012bv\u012bbas saj\u016btu \u0161au\u0161anas poz\u012bcij\u0101, savuk\u0101rt daudzas nep\u0101rtrauktas regul\u0113\u0161anas iesp\u0113jas \u013cauj prec\u012bzi piel\u0101got laidni individu\u0101lajai \u0137erme\u0146a uzb\u016bvei, tehnikai un v\u0113lm\u0113m. Visas deta\u013cas, kas tie\u0161i saskaras ar \u0161\u0101v\u0113ja \u0137ermeni, ir izgatavotas no augstv\u0113rt\u012bga valrieksta koka, nodro\u0161inot dabisku un komfortablu saj\u016btu. Ner\u016bs\u0113jo\u0161\u0101 t\u0113rauda un augstas iztur\u012bbas alum\u012bnija izmanto\u0161ana pie\u0161\u0137ir Field Target laidnei izcilu stabilit\u0101ti, aizsardz\u012bbu pret koroziju un ilgu kalpo\u0161anas laiku. \u0160autenes svars ir 1930 g, stobra garums 592 mm, bet kop\u0113jais garums regul\u0113jams 920\u20131024 mm robe\u017e\u0101s. Komplekt\u0101 ietilpst koferis, uzpildes zonde un instrumenti.      <\/p>\n","protected":false},"featured_media":191429,"template":"","meta":{"_acf_changed":false},"product_brand":[],"product_cat":[1004,1008],"product_tag":[],"class_list":{"0":"post-191471","1":"product","2":"type-product","3":"status-publish","4":"has-post-thumbnail","6":"product_cat-lidmasinas","7":"product_cat-pcp-hpa","9":"first","10":"instock","11":"taxable","12":"shipping-taxable","13":"purchasable","14":"product-type-simple"},"acf":[],"_links":{"self":[{"href":"https:\/\/kingarms.ee\/lv\/wp-json\/wp\/v2\/product\/191471","targetHints":{"allow":["GET"]}}],"collection":[{"href":"https:\/\/kingarms.ee\/lv\/wp-json\/wp\/v2\/product"}],"about":[{"href":"https:\/\/kingarms.ee\/lv\/wp-json\/wp\/v2\/types\/product"}],"wp:featuredmedia":[{"embeddable":true,"href":"https:\/\/kingarms.ee\/lv\/wp-json\/wp\/v2\/media\/191429"}],"wp:attachment":[{"href":"https:\/\/kingarms.ee\/lv\/wp-json\/wp\/v2\/media?parent=191471"}],"wp:term":[{"taxonomy":"product_brand","embeddable":true,"href":"https:\/\/kingarms.ee\/lv\/wp-json\/wp\/v2\/product_brand?post=191471"},{"taxonomy":"product_cat","embeddable":true,"href":"https:\/\/kingarms.ee\/lv\/wp-json\/wp\/v2\/product_cat?post=191471"},{"taxonomy":"product_tag","embeddable":true,"href":"https:\/\/kingarms.ee\/lv\/wp-json\/wp\/v2\/product_tag?post=191471"}],"curies":[{"name":"wp","href":"https:\/\/api.w.org\/{rel}","templated":true}]}}