{"id":191514,"date":"2026-05-14T10:26:50","date_gmt":"2026-05-14T07:26:50","guid":{"rendered":"https:\/\/kingarms.ee\/product\/fx-impact-m4-standard-copper\/"},"modified":"2026-05-14T10:26:50","modified_gmt":"2026-05-14T07:26:50","slug":"fx-impact-m4-standard-copper","status":"publish","type":"product","link":"https:\/\/kingarms.ee\/lv\/product\/fx-impact-m4-standard-copper\/","title":{"rendered":"FX Impact M4 Standard &#8211; Copper"},"content":{"rendered":"","protected":false},"excerpt":{"rendered":"<p data-start=\"287\" data-end=\"1211\">FX Impact M4 Standard Copper ir ceturt\u0101s paaudzes versija vienai no FX Airguns veiksm\u012bg\u0101kaj\u0101m univers\u0101laj\u0101m PCP platform\u0101m. T\u0101 apvieno \u013coti augstu precizit\u0101ti, modul\u0101ru konstrukciju un pla\u0161as regul\u0113\u0161anas iesp\u0113jas, t\u0101p\u0113c ir piem\u0113rota gandr\u012bz jebkurai \u0161au\u0161anas discipl\u012bnai \u2014 no benchrest l\u012bdz pras\u012bgai lieto\u0161anai \u0101rpus telp\u0101m. Sal\u012bdzinot ar Impact M3, M4 model\u012b ieviesti gan b\u016btiski, gan smalk\u0101ki uzlabojumi, kas palielina stingr\u012bbu, stabilit\u0101ti un lieto\u0161anas \u0113rtumu. Iepriek\u0161\u0113j\u0101 Dual Regulator sist\u0113ma ir aizst\u0101ta ar vienu sp\u0113c\u012bg\u0101ku un vienm\u0113r\u012bg\u0101ku AMP MKIII regulatoru ar misi\u0146a virzuli, kas nodro\u0161ina lab\u0101ku atk\u0101rtotas piepildes pl\u016bsmu un sp\u0113j iztur\u0113t darba spiedienu l\u012bdz 170 bar, kam\u0113r cilindra uzpildes spiediens ir 250 bar. 480 cc gaisa cilindrs, 75 cc Power Plenum 750 gaisa buferis un Superior STX stobra sist\u0113ma nodro\u0161ina lielu jaudas rezervi gan diabolo lod\u012bt\u0113m, gan smag\u0101kiem slug tipa \u0161\u0101vi\u0146iem. Pieejamie kalibri ir 4,5 mm (.177), 5,5 mm (.22), 6,35 mm (.25), 7,62 mm (.30) un 9 mm (.35), ar ener\u0123iju l\u012bdz 47, 60, 85, 130 vai 150 J atkar\u012bb\u0101 no versijas.    <\/p>\n<p data-start=\"1213\" data-end=\"2291\">FX Impact M4 Standard Copper ir paredz\u0113ta \u0161\u0101v\u0113jam, kur\u0161 v\u0113las prec\u012bzi piel\u0101got ieroci savai discipl\u012bnai, distancei un mun\u012bcijas tipam. Regulatoru var regul\u0113t ar skr\u016bvi aiz spr\u016bda meh\u0101nisma spr\u016bda aizsarga iek\u0161pus\u0113, v\u0101rsta atsperes priek\u0161spriegojumu \u2014 ar priek\u0161\u0113jo jaudas regulatoru, bet \u0101mura atsperes priek\u0161spriegojumu \u2014 ar Quick Tune sist\u0113mu, kur\u0101 makroregul\u0113\u0161ana pied\u0101v\u0101 16 liel\u0101kus so\u013cus, bet mikroregul\u0113\u0161ana \u013cauj veikt \u013coti prec\u012bzu iestat\u012b\u0161anu. Jaunais Quick Set Trigger \u013cauj ar vienu skr\u016bvi p\u0101rsl\u0113gties no gar\u0101ka un prognoz\u0113jama spr\u016bda g\u0101jiena lauka lieto\u0161anai uz \u013coti vieglu sporta spr\u016bdu ar t\u012bru un asu p\u0101rtraukuma punktu; papildus regul\u0113jama visa spr\u016bda mezgla poz\u012bcija, abas pak\u0101pes, spr\u016bda m\u0113l\u012btes augstums un pagrieziena le\u0146\u0137is. Pastiprin\u0101t\u0101 aug\u0161\u0113j\u0101 pl\u0101ksne ir biez\u0101ka un apr\u012bkota ar Dovetail sliedi, pa kuru 30 MOA Picatinny sliedi var p\u0101rb\u012bd\u012bt vajadz\u012bgaj\u0101 poz\u012bcij\u0101, nodro\u0161inot liel\u0101ku optikas mont\u0101\u017eas br\u012bv\u012bbu un pla\u0161\u0101ku korekciju diapazonu t\u0101l\u0101m distanc\u0113m. S\u0101nos un apak\u0161\u0101 ir papildu Picatinny sliedes, tostarp bipoda mont\u0101\u017eai, k\u0101 ar\u012b abpus\u0113ji p\u0101rstat\u0101ma s\u0101nu uzvilk\u0161anas svira, augstum\u0101 regul\u0113jams pleca balsts, ergonomisks AR15 stila UG1 rokturis un atjaunota lielas ietilp\u012bbas aptvere no iztur\u012bg\u0101kiem materi\u0101liem. \u0160autene sver 3100 g, stobra garums ir 600 mm, kop\u0113jais garums \u2014 860 mm; atkl\u0101to t\u0113m\u0113k\u013cu un optikas komplekt\u0101 nav, komplekt\u0101 ietilpst koferis, uzpildes adapteris un aptvere.     <\/p>\n","protected":false},"featured_media":191478,"template":"","meta":{"_acf_changed":false},"product_brand":[],"product_cat":[1004,1008],"product_tag":[],"class_list":{"0":"post-191514","1":"product","2":"type-product","3":"status-publish","4":"has-post-thumbnail","6":"product_cat-lidmasinas","7":"product_cat-pcp-hpa","9":"first","10":"instock","11":"taxable","12":"shipping-taxable","13":"purchasable","14":"product-type-simple"},"acf":[],"_links":{"self":[{"href":"https:\/\/kingarms.ee\/lv\/wp-json\/wp\/v2\/product\/191514","targetHints":{"allow":["GET"]}}],"collection":[{"href":"https:\/\/kingarms.ee\/lv\/wp-json\/wp\/v2\/product"}],"about":[{"href":"https:\/\/kingarms.ee\/lv\/wp-json\/wp\/v2\/types\/product"}],"wp:featuredmedia":[{"embeddable":true,"href":"https:\/\/kingarms.ee\/lv\/wp-json\/wp\/v2\/media\/191478"}],"wp:attachment":[{"href":"https:\/\/kingarms.ee\/lv\/wp-json\/wp\/v2\/media?parent=191514"}],"wp:term":[{"taxonomy":"product_brand","embeddable":true,"href":"https:\/\/kingarms.ee\/lv\/wp-json\/wp\/v2\/product_brand?post=191514"},{"taxonomy":"product_cat","embeddable":true,"href":"https:\/\/kingarms.ee\/lv\/wp-json\/wp\/v2\/product_cat?post=191514"},{"taxonomy":"product_tag","embeddable":true,"href":"https:\/\/kingarms.ee\/lv\/wp-json\/wp\/v2\/product_tag?post=191514"}],"curies":[{"name":"wp","href":"https:\/\/api.w.org\/{rel}","templated":true}]}}