{"id":191527,"date":"2026-05-14T10:45:03","date_gmt":"2026-05-14T07:45:03","guid":{"rendered":"https:\/\/kingarms.ee\/product\/fx-crown-mkii-synthetic\/"},"modified":"2026-05-14T10:45:03","modified_gmt":"2026-05-14T07:45:03","slug":"fx-crown-mkii-synthetic","status":"publish","type":"product","link":"https:\/\/kingarms.ee\/lv\/product\/fx-crown-mkii-synthetic\/","title":{"rendered":"FX Crown MKII Synthetic"},"content":{"rendered":"","protected":false},"excerpt":{"rendered":"<p data-start=\"215\" data-end=\"953\">FX Crown MKII Synthetic ir ori\u0123in\u0101l\u0101 FX Crown mode\u013ca p\u0113ctecis, kas pied\u0101v\u0101 liel\u0101ku jaudu, precizit\u0101ti un pla\u0161\u0101kas regul\u0113\u0161anas iesp\u0113jas. Sal\u012bdzinot ar iepriek\u0161\u0113jo versiju, \u0161im modelim ir par 28% liel\u0101ks plenum, liel\u0101ks 6,5 mm v\u0101rsts un optimiz\u0113ti gaisa kan\u0101li, kas nodro\u0161ina iev\u0113rojami augst\u0101ku veiktsp\u0113ju. \u0160\u012b sportisk\u0101 PCP pneimatisk\u0101 \u0161autene ir apr\u012bkota ar 20 MOA Weaver\/Picatinny sliedi, kas sniedz pla\u0161\u0101ku optisk\u0101 t\u0113m\u0113k\u013ca augstuma korekciju diapazonu, \u012bpa\u0161i \u0161aujot liel\u0101k\u0101s distanc\u0113s. Modelis pieejams 4,5 mm (.177), 5,5 mm (.22), 6,35 mm (.25) un 7,62 mm (.30) kalibros, ar ener\u0123iju l\u012bdz 40, 60 vai 105 J atkar\u012bb\u0101 no versijas un regul\u0113jumiem. 480 cc oglek\u013ca \u0161\u0137iedras gaisa cilindru iesp\u0113jams uzpild\u012bt l\u012bdz 250 bar spiedienam, bet regul\u0113t\u0101 PCP sist\u0113ma pal\u012bdz nodro\u0161in\u0101t stabilu un vienm\u0113r\u012bgu darb\u012bbu.    <\/p>\n<p data-start=\"955\" data-end=\"2010\">K\u0101 ierasts FX mode\u013ciem, Crown MKII Synthetic iesp\u0113jams \u013coti prec\u012bzi piel\u0101got izv\u0113l\u0113tajam kalibram un mun\u012bcijai. \u0160autenei ir \u0101r\u0113ji regul\u0113jams AMP regulators, regul\u0113jams v\u0101rsts un paz\u012bstamais jaudas regul\u0113\u0161anas ritenis, ar kuru iesp\u0113jams veikt gan makro-, gan mikroregul\u0113\u0161anu \u0101mura atsperes priek\u0161spriegojumam. Superlight STX jeb Smooth Twist X stobra sist\u0113ma izmanto main\u0101mus lainerus, kas \u013cauj \u0101tri main\u012bt v\u012btnes soli un pat kalibru; rievojums tiek iespiests no \u0101rpuses, radot \u013coti gludu, zemas berzes stobra kan\u0101lu ar prec\u012bz\u0101m pielaid\u0113m. FX Match spr\u016bda meh\u0101nisms ir \u013coti smalki regul\u0113jams: iesp\u0113jams main\u012bt pirm\u0101s pak\u0101pes garumu un da\u013c\u0113ji svaru, k\u0101 ar\u012b otr\u0101s pak\u0101pes garumu un svaru, sasniedzot \u013coti vieglu spr\u016bda g\u0101jienu \u2014 pat zem 500 g. Kop\u0161anu nepraso\u0161\u0101 sint\u0113tisk\u0101 laidne ir piem\u0113rota abpus\u0113jai lieto\u0161anai, tai ir ergonomiska thumbhole forma, paaugstin\u0101ts vaiga balsts un regul\u0113jams m\u012bksts gumijas pleca balsts. \u0160autene sver 2812 g, stobra garums ir 600 mm, kop\u0113jais garums \u2014 1022 mm; atkl\u0101to t\u0113m\u0113k\u013cu nav, optika komplekt\u0101 nav iek\u013cauta, komplekt\u0101 ietilpst koferis, uzpildes zonde un aptvere.     <\/p>\n","protected":false},"featured_media":191522,"template":"","meta":{"_acf_changed":false},"product_brand":[],"product_cat":[1004,1008],"product_tag":[],"class_list":{"0":"post-191527","1":"product","2":"type-product","3":"status-publish","4":"has-post-thumbnail","6":"product_cat-lidmasinas","7":"product_cat-pcp-hpa","9":"first","10":"instock","11":"taxable","12":"shipping-taxable","13":"purchasable","14":"product-type-simple"},"acf":[],"_links":{"self":[{"href":"https:\/\/kingarms.ee\/lv\/wp-json\/wp\/v2\/product\/191527","targetHints":{"allow":["GET"]}}],"collection":[{"href":"https:\/\/kingarms.ee\/lv\/wp-json\/wp\/v2\/product"}],"about":[{"href":"https:\/\/kingarms.ee\/lv\/wp-json\/wp\/v2\/types\/product"}],"wp:featuredmedia":[{"embeddable":true,"href":"https:\/\/kingarms.ee\/lv\/wp-json\/wp\/v2\/media\/191522"}],"wp:attachment":[{"href":"https:\/\/kingarms.ee\/lv\/wp-json\/wp\/v2\/media?parent=191527"}],"wp:term":[{"taxonomy":"product_brand","embeddable":true,"href":"https:\/\/kingarms.ee\/lv\/wp-json\/wp\/v2\/product_brand?post=191527"},{"taxonomy":"product_cat","embeddable":true,"href":"https:\/\/kingarms.ee\/lv\/wp-json\/wp\/v2\/product_cat?post=191527"},{"taxonomy":"product_tag","embeddable":true,"href":"https:\/\/kingarms.ee\/lv\/wp-json\/wp\/v2\/product_tag?post=191527"}],"curies":[{"name":"wp","href":"https:\/\/api.w.org\/{rel}","templated":true}]}}