{"id":191673,"date":"2026-05-14T11:48:44","date_gmt":"2026-05-14T08:48:44","guid":{"rendered":"https:\/\/kingarms.ee\/product\/agn-technology-vulcan-3-500-bps\/"},"modified":"2026-05-14T11:48:44","modified_gmt":"2026-05-14T08:48:44","slug":"agn-technology-vulcan-3-500-bps","status":"publish","type":"product","link":"https:\/\/kingarms.ee\/lv\/product\/agn-technology-vulcan-3-500-bps\/","title":{"rendered":"AGN Technology Vulcan 3 500 BPS"},"content":{"rendered":"","protected":false},"excerpt":{"rendered":"<p data-start=\"270\" data-end=\"1191\">AGN Technology Vulcan 3 500 BPS ir Vulcan s\u0113rijas tre\u0161\u0101s paaudzes PCP pneimatisk\u0101 \u0161autene, kas izstr\u0101d\u0101ta ar liel\u0101ku gaisa ietilp\u012bbu, lab\u0101ku lieto\u0161anas \u0113rtumu un pilnveidotu \u0161au\u0161anas pieredzi. Vulcan 3 s\u0113rija ir pieejama 500 un 700 versij\u0101s, kas galvenok\u0101rt at\u0161\u0137iras ar stobra garumu un gaisa ietilp\u012bbu; \u0161is 500 modelis ir apr\u012bkots ar 500 mm CZ auksti kaltu stobru, 480 cc oglek\u013ca \u0161\u0137iedras gaisa cilindru un kop\u0113jo saspiest\u0101 gaisa ietilp\u012bbu 615 cc. Sal\u012bdzinot ar iepriek\u0161\u0113j\u0101m paaudz\u0113m, gaisa rezerve ir iev\u0113rojami palielin\u0101ta, jo \u0101r\u0113jais un iek\u0161\u0113jais gaisa cilindrs darbojas kop\u0101. Iek\u0161\u0113jais cilindrs ar regulatora pal\u012bdz\u012bbu ir sadal\u012bts div\u0101s atsevi\u0161\u0137\u0101s da\u013c\u0101s, kas \u013cauj izv\u0113l\u0113ties liel\u0101ku plenum jaud\u012bg\u0101kiem \u0161\u0101vieniem vai maz\u0101ku plenum zem\u0101kas jaudas \u0161au\u0161anai. \u0160autene darbojas ar 300 bar uzpildes spiedienu, izmanto regul\u0113tu PCP sist\u0113mu un ir pieejama 4,5 mm (.177), 5,5 mm (.22), 6,35 mm (.25) un 7,62 mm (.30) kalibros, ar ener\u0123iju l\u012bdz 24, 42, 62 vai 102 J atkar\u012bb\u0101 no kalibra.    <\/p>\n<p data-start=\"1193\" data-end=\"2140\">Uzlabot\u0101 BPS sint\u0113tisk\u0101 laidne ir piem\u0113rota abpus\u0113jai lieto\u0161anai, un tai ir nedaudz paaugstin\u0101ts pleca balsts, kas nodro\u0161ina \u0113rt\u0101ku \u0161au\u0161anas poz\u012bciju. Monobloks ir izgatavots k\u0101 viena deta\u013ca kop\u0101 ar Weaver\/Picatinny sliedi, kurai ir 20 MOA sl\u012bpums \u0113rt\u0101kai optikas regul\u0113\u0161anai liel\u0101k\u0101s distanc\u0113s. P\u0113c aug\u0161\u0113j\u0101s Weaver\/Picatinny sliedes no\u0146em\u0161anas s\u0101nu uzvilk\u0161anas sviru iesp\u0113jams uzst\u0101d\u012bt ab\u0101s \u0161autenes pus\u0113s. Vulcan 3 ska\u0146as moderators ir palielin\u0101ts un uzlabots: liel\u0101ks iek\u0161\u0113jais tilpums \u013cauj efekt\u012bv\u0101k samazin\u0101t \u0161\u0101viena ska\u0146u, un nepiecie\u0161am\u012bbas gad\u012bjum\u0101 pie stobra gala var pievienot papildu moderatoru. Priek\u0161\u0113j\u0101 da\u013c\u0101 ir Weaver\/Picatinny sliede bipoda vai citu piederumu stiprin\u0101\u0161anai, un to iesp\u0113jams viegli no\u0146emt, atskr\u016bv\u0113jot tikai divas skr\u016bves. AGN p\u0101rdom\u0101t\u0101 aptveru konstrukcija saglab\u0101 sader\u012bbu ar iepriek\u0161\u0113jo Vulcan paaud\u017eu aptver\u0113m, t\u0101p\u0113c t\u0101s var izmantot ar\u012b ar Vulcan 3. \u0160autene sver 3600 g, t\u0101s kop\u0113jais garums ir 800 mm, atkl\u0101to t\u0113m\u0113k\u013cu un optikas komplekt\u0101 nav. Komplekt\u0101 ietilpst 2 aptveres, uzpildes komplekts, O-gredzeni un m\u012bksts futr\u0101lis.      <\/p>\n","protected":false},"featured_media":191662,"template":"","meta":{"_acf_changed":false},"product_brand":[],"product_cat":[1004,1008],"product_tag":[],"class_list":{"0":"post-191673","1":"product","2":"type-product","3":"status-publish","4":"has-post-thumbnail","6":"product_cat-lidmasinas","7":"product_cat-pcp-hpa","9":"first","10":"instock","11":"taxable","12":"shipping-taxable","13":"purchasable","14":"product-type-simple"},"acf":[],"_links":{"self":[{"href":"https:\/\/kingarms.ee\/lv\/wp-json\/wp\/v2\/product\/191673","targetHints":{"allow":["GET"]}}],"collection":[{"href":"https:\/\/kingarms.ee\/lv\/wp-json\/wp\/v2\/product"}],"about":[{"href":"https:\/\/kingarms.ee\/lv\/wp-json\/wp\/v2\/types\/product"}],"wp:featuredmedia":[{"embeddable":true,"href":"https:\/\/kingarms.ee\/lv\/wp-json\/wp\/v2\/media\/191662"}],"wp:attachment":[{"href":"https:\/\/kingarms.ee\/lv\/wp-json\/wp\/v2\/media?parent=191673"}],"wp:term":[{"taxonomy":"product_brand","embeddable":true,"href":"https:\/\/kingarms.ee\/lv\/wp-json\/wp\/v2\/product_brand?post=191673"},{"taxonomy":"product_cat","embeddable":true,"href":"https:\/\/kingarms.ee\/lv\/wp-json\/wp\/v2\/product_cat?post=191673"},{"taxonomy":"product_tag","embeddable":true,"href":"https:\/\/kingarms.ee\/lv\/wp-json\/wp\/v2\/product_tag?post=191673"}],"curies":[{"name":"wp","href":"https:\/\/api.w.org\/{rel}","templated":true}]}}