{"id":191695,"date":"2026-05-14T23:07:43","date_gmt":"2026-05-14T20:07:43","guid":{"rendered":"https:\/\/kingarms.ee\/product\/fx-dynamic-express-600\/"},"modified":"2026-05-14T23:07:43","modified_gmt":"2026-05-14T20:07:43","slug":"fx-dynamic-express-600","status":"publish","type":"product","link":"https:\/\/kingarms.ee\/lv\/product\/fx-dynamic-express-600\/","title":{"rendered":"FX Dynamic Express 600"},"content":{"rendered":"","protected":false},"excerpt":{"rendered":"<p data-start=\"282\" data-end=\"1031\">FX Dynamic Express 600 ir veidota uz FX Panthera platformas b\u0101zes, ta\u010du tai ir liel\u0101ks gaisa balons, cita laidne un jauns rokturis. Iepriek\u0161\u0113jais 300 cc balons ir aizst\u0101ts ar 480 cc balonu, lai palielin\u0101tu \u0161\u0101vienu skaitu, un tagad tas savienojas tie\u0161i ar darb\u012bbas meh\u0101nismu. Laidne ir veidota ap \u0161o balonu, un pleca balstu iesp\u0113jams regul\u0113t vertik\u0101li; sal\u012bdzinot ar Panthera, \u0161\u0101da konstrukcija palielina \u0161autenes garumu par 40 mm. Nulles le\u0146\u0137a rokturis ir aizst\u0101ts ar sl\u012bpu AR-15 tipa rokturi. Modelis pieejams 4,5 mm (.177), 5,5 mm (.22), 6,35 mm (.25), 7,62 mm (.30) un 9 mm (.35) kalibros. Kop\u0113j\u0101 gaisa ietilp\u012bba ir 636 cc, ko veido 480 cc balons un 156 cc Magnum XL plenum; uzpildes spiediens ir 250 bar, bet ener\u0123ija atkar\u012bb\u0101 no versijas sasniedz l\u012bdz 111, 123, 176 vai 234 J.     <\/p>\n<p data-start=\"1033\" data-end=\"2285\">FX Dynamic Express 600 ir konstru\u0113ta maksim\u0101li \u0101trai un efekt\u012bvai gaisa pl\u016bsmai, \u012bpa\u0161i slug tipa \u0161\u0101vi\u0146u lieto\u0161anai. Viens AMP MKII regulators ir apr\u012bkots ar savu manometru un \u013cauj prec\u012bzi pazemin\u0101t balona spiedienu l\u012bdz izv\u0113l\u0113tajai mun\u012bcijai piem\u0113rotam plenum spiedienam. Dynamic Plenum Magnum XL ar 156 cc tilpumu atrodas ap stobru un tur regul\u0113to gaisu gatavu n\u0101kamajam \u0161\u0101vienam. Dynamic Block iek\u0161pus\u0113 ir \u012bpa\u0161i liela iel\u0101des da\u013ca, kas \u013cauj izmantot l\u012bdz 13 mm garus slug \u0161\u0101vi\u0146us, savuk\u0101rt jaunais viengabala High Power\/Short Impulse v\u0101rsts nodro\u0161ina lielu un \u013coti \u0101tru gaisa pl\u016bsmu. Quick Tune sist\u0113ma \u013cauj regul\u0113t \u0101mura atsperes priek\u0161spriegojumu ar numur\u0113tu makroregul\u0113\u0161anas riteni un prec\u012bzu mikroregul\u0113\u0161anu. Superior STX stobra sist\u0113ma izmanto main\u0101mu laineri, kura rievojums iespiests no \u0101rpuses, lai stobra iek\u0161puse b\u016btu p\u0113c iesp\u0113jas glud\u0101ka un bl\u012bv\u0113jums ap \u0161\u0101vi\u0146u \u2014 maksim\u0101li labs. \u0160autenei ir smalki regul\u0113jams match spr\u016bds ar spr\u016bda m\u0113l\u012btes le\u0146\u0137a un augstuma regul\u0113\u0161anu, abpus\u0113ji p\u0101rstat\u0101ma \u012bsa g\u0101jiena s\u0101nu svira, 17,75 collu Arca sliede vis\u0101 priek\u0161\u0113j\u0101s da\u013cas garum\u0101 ar M-LOK ligzd\u0101m, barricade block atk\u0101rtojamai pozicion\u0113\u0161anai un 20 MOA Weaver\/Picatinny optikas sliede t\u0101l\u0101m distanc\u0113m. Svars ir 3400 g, stobra garums 600 mm, kop\u0113jais garums 1105 mm; atkl\u0101to t\u0113m\u0113k\u013cu un optikas komplekt\u0101 nav, komplekt\u0101 ietilpst koferis, uzpildes zonde un aptvere.     <\/p>\n","protected":false},"featured_media":191690,"template":"","meta":{"_acf_changed":false},"product_brand":[],"product_cat":[1004,1008],"product_tag":[],"class_list":{"0":"post-191695","1":"product","2":"type-product","3":"status-publish","4":"has-post-thumbnail","6":"product_cat-lidmasinas","7":"product_cat-pcp-hpa","9":"first","10":"instock","11":"taxable","12":"shipping-taxable","13":"purchasable","14":"product-type-simple"},"acf":[],"_links":{"self":[{"href":"https:\/\/kingarms.ee\/lv\/wp-json\/wp\/v2\/product\/191695","targetHints":{"allow":["GET"]}}],"collection":[{"href":"https:\/\/kingarms.ee\/lv\/wp-json\/wp\/v2\/product"}],"about":[{"href":"https:\/\/kingarms.ee\/lv\/wp-json\/wp\/v2\/types\/product"}],"wp:featuredmedia":[{"embeddable":true,"href":"https:\/\/kingarms.ee\/lv\/wp-json\/wp\/v2\/media\/191690"}],"wp:attachment":[{"href":"https:\/\/kingarms.ee\/lv\/wp-json\/wp\/v2\/media?parent=191695"}],"wp:term":[{"taxonomy":"product_brand","embeddable":true,"href":"https:\/\/kingarms.ee\/lv\/wp-json\/wp\/v2\/product_brand?post=191695"},{"taxonomy":"product_cat","embeddable":true,"href":"https:\/\/kingarms.ee\/lv\/wp-json\/wp\/v2\/product_cat?post=191695"},{"taxonomy":"product_tag","embeddable":true,"href":"https:\/\/kingarms.ee\/lv\/wp-json\/wp\/v2\/product_tag?post=191695"}],"curies":[{"name":"wp","href":"https:\/\/api.w.org\/{rel}","templated":true}]}}