{"id":191743,"date":"2026-05-14T23:22:06","date_gmt":"2026-05-14T20:22:06","guid":{"rendered":"https:\/\/kingarms.ee\/product\/fx-drs-pro-mdt-700\/"},"modified":"2026-05-14T23:22:06","modified_gmt":"2026-05-14T20:22:06","slug":"fx-drs-pro-mdt-700","status":"publish","type":"product","link":"https:\/\/kingarms.ee\/lv\/product\/fx-drs-pro-mdt-700\/","title":{"rendered":"FX DRS Pro MDT 700"},"content":{"rendered":"","protected":false},"excerpt":{"rendered":"<p data-start=\"310\" data-end=\"1157\">FX DRS Pro MDT 700 ir jaud\u012bga PCP pneimatisk\u0101 \u0161autene ar m\u016bsdien\u012bgu sportisku dizainu, kas izstr\u0101d\u0101ta prec\u012bzai \u0161au\u0161anai liel\u0101s distanc\u0113s un PRS tipa sacens\u012bb\u0101m ar slug \u0161\u0101vi\u0146iem. Pirmais, kas piesaista uzman\u012bbu, ir zemais profils: zem stobra nav ierast\u0101 gaisa cilindra, jo 307 cc gaisa rezervu\u0101rs ir novietots ap stobru shroud konstrukcijas veid\u0101. \u0160is risin\u0101jums pie\u0161\u0137ir \u0161autenei t\u012bras, minim\u0101listiskas l\u012bnijas, atvieglo transport\u0113\u0161anu un glab\u0101\u0161anu, k\u0101 ar\u012b pal\u012bdz ieg\u016bt stabil\u0101ku \u0161au\u0161anas poz\u012bciju. Modelis izmanto regul\u0113tu PCP sist\u0113mu ar 230 bar uzpildes spiedienu un ir pieejams 4,5 mm (.177), 5,5 mm (.22) un 6,35 mm (.25) kalibros, ar ener\u0123iju l\u012bdz 56, 98 vai 113 J atkar\u012bb\u0101 no versijas un regul\u0113jumiem. 700 mm Superior STX stobra sist\u0113mai ir iz\u0146emams laineris ar no \u0101rpuses iespiestu rievojumu, kas nodro\u0161ina gludu, zemas berzes stobra kan\u0101lu un labu bl\u012bv\u0113jumu ap slug \u0161\u0101vi\u0146u.    <\/p>\n<p data-start=\"1159\" data-end=\"2192\">FX DRS Pro MDT 700 galven\u0101 \u012bpatn\u012bba ir MDT ACC Elite alum\u012bnija \u0161asija, ko MDT \u012bpa\u0161i piel\u0101gojis FX DRS Pro platformai. T\u0101 ir viegla, \u013coti stingra un paredz\u0113ta atk\u0101rtojamai pozicion\u0113\u0161anai sacens\u012bbu \u0161au\u0161an\u0101. \u012apa\u0161a uzman\u012bba piev\u0113rsta balansam: barricade block p\u0101rvietots vair\u0101k uz aizmuguri nek\u0101 parasti, kas nodro\u0161ina \u013coti labu pamata l\u012bdzsvaru. MDT Premiere GEN2 laidnes aizmugur\u0113j\u0101 da\u013ca ar\u012b ir izgatavota no viegla alum\u012bnija, tai ir garuma regul\u0113\u0161ana un augstum\u0101 regul\u0113jams vaiga balsts. Iek\u0161\u0113ji \u0161autene apr\u012bkota ar \u0101r\u0113ji regul\u0113jamu MkII AMP regulatoru, regul\u0113jamu \u0101mura atsperes priek\u0161spriegojumu, 63 cc SHP plenum un Slug Power kit, kur\u0101 ietilpst slug probe un smag\u0101ks \u0101mura atsvars. Piln\u012bb\u0101 regul\u0113jamais match-klases spr\u016bds \u013cauj piel\u0101got abas pak\u0101pes, bet spr\u016bda m\u0113l\u012bti var regul\u0113t p\u0113c att\u0101luma, augstuma un pagrieziena; spr\u016bda p\u0101rtraukums ir \u013coti t\u012brs, un sp\u0113ku var iestat\u012bt \u012bpa\u0161i vieglu. Standart\u0101 komplekt\u0101 ir mini aptvere un zema 30 MOA Weaver\/Picatinny sliede, savuk\u0101rt M-LOK ligzd\u0101s iesp\u0113jams ievietot papildu svarus balansa prec\u012bzai regul\u0113\u0161anai. \u0160autene sver 3500 g, t\u0101s kop\u0113jais garums regul\u0113jams 1115\u20131141 mm robe\u017e\u0101s, atkl\u0101to t\u0113m\u0113k\u013cu un optikas komplekt\u0101 nav; komplekt\u0101 ietilpst koferis, uzpildes zonde un aptvere.      <\/p>\n","protected":false},"featured_media":191702,"template":"","meta":{"_acf_changed":false},"product_brand":[],"product_cat":[1004,1008],"product_tag":[],"class_list":{"0":"post-191743","1":"product","2":"type-product","3":"status-publish","4":"has-post-thumbnail","6":"product_cat-lidmasinas","7":"product_cat-pcp-hpa","9":"first","10":"instock","11":"taxable","12":"shipping-taxable","13":"purchasable","14":"product-type-simple"},"acf":[],"_links":{"self":[{"href":"https:\/\/kingarms.ee\/lv\/wp-json\/wp\/v2\/product\/191743","targetHints":{"allow":["GET"]}}],"collection":[{"href":"https:\/\/kingarms.ee\/lv\/wp-json\/wp\/v2\/product"}],"about":[{"href":"https:\/\/kingarms.ee\/lv\/wp-json\/wp\/v2\/types\/product"}],"wp:featuredmedia":[{"embeddable":true,"href":"https:\/\/kingarms.ee\/lv\/wp-json\/wp\/v2\/media\/191702"}],"wp:attachment":[{"href":"https:\/\/kingarms.ee\/lv\/wp-json\/wp\/v2\/media?parent=191743"}],"wp:term":[{"taxonomy":"product_brand","embeddable":true,"href":"https:\/\/kingarms.ee\/lv\/wp-json\/wp\/v2\/product_brand?post=191743"},{"taxonomy":"product_cat","embeddable":true,"href":"https:\/\/kingarms.ee\/lv\/wp-json\/wp\/v2\/product_cat?post=191743"},{"taxonomy":"product_tag","embeddable":true,"href":"https:\/\/kingarms.ee\/lv\/wp-json\/wp\/v2\/product_tag?post=191743"}],"curies":[{"name":"wp","href":"https:\/\/api.w.org\/{rel}","templated":true}]}}