{"id":191774,"date":"2026-05-14T23:33:25","date_gmt":"2026-05-14T20:33:25","guid":{"rendered":"https:\/\/kingarms.ee\/product\/fx-leopard-compact-tube\/"},"modified":"2026-05-14T23:33:25","modified_gmt":"2026-05-14T20:33:25","slug":"fx-leopard-compact-tube","status":"publish","type":"product","link":"https:\/\/kingarms.ee\/lv\/product\/fx-leopard-compact-tube\/","title":{"rendered":"FX Leopard Compact Tube"},"content":{"rendered":"","protected":false},"excerpt":{"rendered":"<p data-start=\"317\" data-end=\"1058\">FX Leopard Compact Tube ir kompakta bullpup tipa PCP pneimatisk\u0101 \u0161autene, kas vien\u0101 veiktsp\u0113j\u012bg\u0101 platform\u0101 apvieno precizit\u0101ti, jaudu un pla\u0161as piel\u0101go\u0161anas iesp\u0113jas. \u0160aj\u0101 model\u012b FX ir apvienojis savas jaun\u0101k\u0101s tehnolo\u0123ijas \u012bs\u0101 un praktisk\u0101 konstrukcij\u0101, bet viena no galvenaj\u0101m \u012bpatn\u012bb\u0101m ir 54 cc Power Plenum, kas pasl\u0113pts laidnes aizmugur\u0113j\u0101 da\u013c\u0101. Tube versija ir \u012bpa\u0161i piem\u0113rota med\u012bb\u0101m un univers\u0101lai lieto\u0161anai, pied\u0101v\u0101jot 210 cc saspiest\u0101 gaisa tilpumu, 230 bar uzpildes spiedienu un regul\u0113tu PCP sist\u0113mu. \u0160autene pieejama 4,5 mm (.177), 5,5 mm (.22), 6,35 mm (.25) un 7,62 mm (.30) kalibros, ar ener\u0123iju l\u012bdz 54, 78, 102 vai 124 J atkar\u012bb\u0101 no kalibra un regul\u0113jumiem. Ar 500 mm stobru un tikai 690 mm kop\u0113jo garumu Leopard Compact Tube nodro\u0161ina sp\u0113c\u012bgu veiktsp\u0113ju \u013coti kompakt\u0101 bullpup form\u0101t\u0101.    <\/p>\n<p data-start=\"1060\" data-end=\"2057\">FX Leopard Compact Tube ir apr\u012bkota ar \u0101r\u0113ji regul\u0113jamu AMP MkII regulatoru, kas kontrol\u0113 spiedienu Power Plenum kamer\u0101 un \u013cauj piel\u0101got sist\u0113mu izv\u0113l\u0113tajai mun\u012bcijai. Quick Tune sist\u0113ma dod iesp\u0113ju papildus prec\u012bzi regul\u0113t gaisa pl\u016bsmu, izmantojot \u0101mura sp\u0113ka makro- un mikroregul\u0113\u0161anu. Ap stobru izvietotais PCP rezervu\u0101rs samazina \u0161autenes kop\u0113jo apjomu un uzlabo lieto\u0161anas \u0113rtumu, savuk\u0101rt STX Superior Liner ir optimiz\u0113ts standarta svara lod\u012bt\u0113m un viegl\u0101kiem slug \u0161\u0101vi\u0146iem; gludais 1:18 rievojums ir iespiests no \u0101rpuses, lai samazin\u0101tu berzi un uzlabotu bl\u012bv\u0113jumu ap \u0161\u0101vi\u0146u. \u0160autenei ir 20 MOA Weaver\/Picatinny optikas sliede, pilna garuma Arca-Swiss piederumu sliede, M-LOK ligzdas vis\u0101s pus\u0113s un modul\u0101ra priek\u0161\u0113j\u0101 da\u013ca ar tiltu. Regul\u0113jams divpak\u0101pju spr\u016bds, bez instrumentiem augstum\u0101 regul\u0113jams pleca balsts, m\u012bksts un labi satverams FX UG1 rokturis, k\u0101 ar\u012b abpus\u0113js dro\u0161in\u0101t\u0101js nodro\u0161ina \u0113rtu lieto\u0161anu. Rot\u0113jo\u0161\u0101 aptvere ir pietiekami dzi\u013ca l\u012bdz 13 mm gariem \u0161\u0101vi\u0146iem, tostarp smag\u0101kiem slug, bet \u00bdx20&#8243; v\u012btne stobra gal\u0101 \u013cauj uzst\u0101d\u012bt ska\u0146as moderatoru. Svars ir 3000 g, atkl\u0101to t\u0113m\u0113k\u013cu un optikas komplekt\u0101 nav; komplekt\u0101 ietilpst uzpildes zonde un aptvere.     <\/p>\n","protected":false},"featured_media":191750,"template":"","meta":{"_acf_changed":false},"product_brand":[],"product_cat":[1004,1008],"product_tag":[],"class_list":{"0":"post-191774","1":"product","2":"type-product","3":"status-publish","4":"has-post-thumbnail","6":"product_cat-lidmasinas","7":"product_cat-pcp-hpa","9":"first","10":"instock","11":"taxable","12":"shipping-taxable","13":"purchasable","14":"product-type-simple"},"acf":[],"_links":{"self":[{"href":"https:\/\/kingarms.ee\/lv\/wp-json\/wp\/v2\/product\/191774","targetHints":{"allow":["GET"]}}],"collection":[{"href":"https:\/\/kingarms.ee\/lv\/wp-json\/wp\/v2\/product"}],"about":[{"href":"https:\/\/kingarms.ee\/lv\/wp-json\/wp\/v2\/types\/product"}],"wp:featuredmedia":[{"embeddable":true,"href":"https:\/\/kingarms.ee\/lv\/wp-json\/wp\/v2\/media\/191750"}],"wp:attachment":[{"href":"https:\/\/kingarms.ee\/lv\/wp-json\/wp\/v2\/media?parent=191774"}],"wp:term":[{"taxonomy":"product_brand","embeddable":true,"href":"https:\/\/kingarms.ee\/lv\/wp-json\/wp\/v2\/product_brand?post=191774"},{"taxonomy":"product_cat","embeddable":true,"href":"https:\/\/kingarms.ee\/lv\/wp-json\/wp\/v2\/product_cat?post=191774"},{"taxonomy":"product_tag","embeddable":true,"href":"https:\/\/kingarms.ee\/lv\/wp-json\/wp\/v2\/product_tag?post=191774"}],"curies":[{"name":"wp","href":"https:\/\/api.w.org\/{rel}","templated":true}]}}