{"id":191871,"date":"2026-05-15T00:00:44","date_gmt":"2026-05-14T21:00:44","guid":{"rendered":"https:\/\/kingarms.ee\/product\/macavity-ma2-long\/"},"modified":"2026-05-15T00:00:44","modified_gmt":"2026-05-14T21:00:44","slug":"macavity-ma2-long","status":"publish","type":"product","link":"https:\/\/kingarms.ee\/lv\/product\/macavity-ma2-long\/","title":{"rendered":"Macavity MA2 Long"},"content":{"rendered":"","protected":false},"excerpt":{"rendered":"<p data-start=\"209\" data-end=\"928\">Macavity MA2 Long ir PCP pneimatisk\u0101 \u0161autene, kas pied\u0101v\u0101 augstu efektivit\u0101ti par pieejamu cenu. Modelis ir viegls un \u0113rti p\u0101rn\u0113s\u0101jams, vienlaikus izmantojot uzlabojamas AR stila deta\u013cas, piem\u0113ram, rokturi un regul\u0113jamu laidni. \u0160autene p\u0113c ra\u017eo\u0161anas tiek papildus noregul\u0113ta, t\u0101p\u0113c t\u0101 jau no iepakojuma ir gatava prec\u012bzai \u0161au\u0161anai. Valst\u012bs, kur ties\u012bbu akti \u013cauj pneimatiskos iero\u010dus izmantot ne tikai m\u0113r\u0137a \u0161au\u0161anai, to var lietot ar\u012b maza un vid\u0113ja izm\u0113ra med\u012bjuma med\u012bb\u0101m. Macavity MA2 Long ir pieejama 4,5 mm (.177), 5,5 mm (.22), 6,35 mm (.25) un 7,62 mm (.30) kalibros, ar ener\u0123iju l\u012bdz 20, 40, 60 vai 110 J atkar\u012bb\u0101 no versijas.    <\/p>\n<p data-start=\"930\" data-end=\"1740\">\u0160autenei ir iek\u0161\u0113ji regul\u0113jams regulators, regul\u0113jama \u0101mura atspere, atsevi\u0161\u0137i manometri rezervu\u0101ra un regulatora spiedienam, k\u0101 ar\u012b 267 cc gaisa cilindrs ar uzpildes spiedienu l\u012bdz 250 bar. S\u0101nu sviras uzvilk\u0161ana, regul\u0113jams divpak\u0101pju spr\u016bds un spr\u016bda dro\u0161\u012bbas meh\u0101nisms padara lieto\u0161anu \u0113rtu un kontrol\u0113jamu. 559 mm stobrs ir choked, spriegots, apvalkots un v\u012bt\u0146ots, lai nodro\u0161in\u0101tu stabilu precizit\u0101ti. Weaver\/Picatinny sliedes \u013cauj uzst\u0101d\u012bt optiku un piederumus. AR-15 stila laidnei ir regul\u0113jams garums, AR-15 stila rokturim ir m\u012bksts gumijas \u0101r\u0113jais sl\u0101nis, bet triecienu sl\u0101p\u0113jo\u0161ais gumijas pleca balsts uzlabo komfortu. Komplekt\u0101 ietilpst tr\u012bs polim\u0113ra rot\u0113jo\u0161\u0101s aptveres, uzpildes zonde, O-gredzeni, ska\u0146as moderators un instrumenti; atkl\u0101to t\u0113m\u0113k\u013cu un optikas komplekt\u0101 nav.    <\/p>\n","protected":false},"featured_media":191836,"template":"","meta":{"_acf_changed":false},"product_brand":[],"product_cat":[1004,1008],"product_tag":[],"class_list":{"0":"post-191871","1":"product","2":"type-product","3":"status-publish","4":"has-post-thumbnail","6":"product_cat-lidmasinas","7":"product_cat-pcp-hpa","9":"first","10":"instock","11":"taxable","12":"shipping-taxable","13":"purchasable","14":"product-type-simple"},"acf":[],"_links":{"self":[{"href":"https:\/\/kingarms.ee\/lv\/wp-json\/wp\/v2\/product\/191871","targetHints":{"allow":["GET"]}}],"collection":[{"href":"https:\/\/kingarms.ee\/lv\/wp-json\/wp\/v2\/product"}],"about":[{"href":"https:\/\/kingarms.ee\/lv\/wp-json\/wp\/v2\/types\/product"}],"wp:featuredmedia":[{"embeddable":true,"href":"https:\/\/kingarms.ee\/lv\/wp-json\/wp\/v2\/media\/191836"}],"wp:attachment":[{"href":"https:\/\/kingarms.ee\/lv\/wp-json\/wp\/v2\/media?parent=191871"}],"wp:term":[{"taxonomy":"product_brand","embeddable":true,"href":"https:\/\/kingarms.ee\/lv\/wp-json\/wp\/v2\/product_brand?post=191871"},{"taxonomy":"product_cat","embeddable":true,"href":"https:\/\/kingarms.ee\/lv\/wp-json\/wp\/v2\/product_cat?post=191871"},{"taxonomy":"product_tag","embeddable":true,"href":"https:\/\/kingarms.ee\/lv\/wp-json\/wp\/v2\/product_tag?post=191871"}],"curies":[{"name":"wp","href":"https:\/\/api.w.org\/{rel}","templated":true}]}}