{"id":192078,"date":"2026-05-15T11:32:28","date_gmt":"2026-05-15T08:32:28","guid":{"rendered":"https:\/\/kingarms.ee\/product\/agn-technology-vixen-2-long\/"},"modified":"2026-05-15T11:32:28","modified_gmt":"2026-05-15T08:32:28","slug":"agn-technology-vixen-2-long","status":"publish","type":"product","link":"https:\/\/kingarms.ee\/lv\/product\/agn-technology-vixen-2-long\/","title":{"rendered":"AGN Technology Vixen 2 Long"},"content":{"rendered":"","protected":false},"excerpt":{"rendered":"<p data-start=\"281\" data-end=\"971\">AGN Technology Vixen 2 Long ir jaud\u012bga un modul\u0101ra PCP pneimatisk\u0101 \u0161autene, kas turpina s\u0101kotn\u0113j\u0101 Vixen mode\u013ca t\u012bro taktisko dizainu. Sal\u012bdzinot ar ori\u0123in\u0101lo Vixen, Vixen 2 ir gandr\u012bz divreiz liel\u0101ks power plenum, kas uzlabo veiktsp\u0113ju, vienlaikus saglab\u0101jot \u0161autenes slaido, minim\u0101listisko un moderno izskatu. Konstrukcijas gaisa rezervu\u0101rs ir integr\u0113ts tie\u0161i laidn\u0113, pal\u012bdzot saglab\u0101t stingru, vieglu un labi sabalans\u0113tu uzb\u016bvi. Modelis darbojas ar 300 bar uzpildes spiedienu, tam ir 250 cc gaisa rezervu\u0101rs un regul\u0113ta PCP sist\u0113ma. AGN Technology Vixen 2 Long ir pieejama 4,5 mm (.177) un 5,5 mm (.22) kalibros, ar ener\u0123iju l\u012bdz 32 vai 54 J atkar\u012bb\u0101 no versijas.    <\/p>\n<p data-start=\"973\" data-end=\"1916\">Weaver\/Picatinny sliede seko darb\u012bbas meh\u0101nisma un stobra l\u012bnij\u0101m, \u013caujot t\u012bri un \u0113rti uzst\u0101d\u012bt optiku vai piederumus; aug\u0161\u0113j\u0101 sliede ir piem\u0113rota optiskajam t\u0113m\u0113klim vai kolimatoram. Atjaunin\u0101t\u0101 alum\u012bnija priek\u0161\u0113j\u0101 da\u013ca ir apr\u012bkota ar integr\u0113tu Arca-Swiss adapteri, kas sniedz vair\u0101k iesp\u0113ju stat\u012bva vai bipoda izmanto\u0161anai. Piln\u012bb\u0101 apvalkots stobrs pal\u012bdz samazin\u0101t \u0161\u0101viena ska\u0146u, un papildu moderatoru var uzst\u0101d\u012bt v\u0113l klus\u0101kai darb\u012bbai. Priek\u0161\u0113j\u0101 da\u013ca ar\u012b aizsarg\u0101 stobru no lieto\u0161anas p\u0113d\u0101m un pie\u0161\u0137ir \u0161autenei modern\u0101ku izskatu. P\u0101rstat\u0101m\u0101 s\u0101nu uzvilk\u0161anas svira nodro\u0161ina gludu biatlona stila darb\u012bbu un to var uzst\u0101d\u012bt ab\u0101s pus\u0113s gan labro\u010diem, gan krei\u013ciem. Praktisk\u0101s funkcijas ietver \u0113rti novietotu manu\u0101lo dro\u0161in\u0101t\u0101ju uz tekstur\u0113t\u0101 pistoles roktura, manometru gaisa spiediena kontrolei un abpus\u0113ji lietojamu sint\u0113tisko laidni. \u0160autene sver 2750 g, stobra garums ir 500 mm, kop\u0113jais garums \u2014 997 mm; atkl\u0101to t\u0113m\u0113k\u013cu un optikas komplekt\u0101 nav, komplekt\u0101 ietilpst 2 aptveres, gaisa izlai\u0161anas instruments un uzpildes zonde.      <\/p>\n","protected":false},"featured_media":192055,"template":"","meta":{"_acf_changed":false},"product_brand":[],"product_cat":[1004,1008],"product_tag":[],"class_list":{"0":"post-192078","1":"product","2":"type-product","3":"status-publish","4":"has-post-thumbnail","6":"product_cat-lidmasinas","7":"product_cat-pcp-hpa","9":"first","10":"instock","11":"taxable","12":"shipping-taxable","13":"purchasable","14":"product-type-simple"},"acf":[],"_links":{"self":[{"href":"https:\/\/kingarms.ee\/lv\/wp-json\/wp\/v2\/product\/192078","targetHints":{"allow":["GET"]}}],"collection":[{"href":"https:\/\/kingarms.ee\/lv\/wp-json\/wp\/v2\/product"}],"about":[{"href":"https:\/\/kingarms.ee\/lv\/wp-json\/wp\/v2\/types\/product"}],"wp:featuredmedia":[{"embeddable":true,"href":"https:\/\/kingarms.ee\/lv\/wp-json\/wp\/v2\/media\/192055"}],"wp:attachment":[{"href":"https:\/\/kingarms.ee\/lv\/wp-json\/wp\/v2\/media?parent=192078"}],"wp:term":[{"taxonomy":"product_brand","embeddable":true,"href":"https:\/\/kingarms.ee\/lv\/wp-json\/wp\/v2\/product_brand?post=192078"},{"taxonomy":"product_cat","embeddable":true,"href":"https:\/\/kingarms.ee\/lv\/wp-json\/wp\/v2\/product_cat?post=192078"},{"taxonomy":"product_tag","embeddable":true,"href":"https:\/\/kingarms.ee\/lv\/wp-json\/wp\/v2\/product_tag?post=192078"}],"curies":[{"name":"wp","href":"https:\/\/api.w.org\/{rel}","templated":true}]}}