{"id":192194,"date":"2026-05-15T13:05:35","date_gmt":"2026-05-15T10:05:35","guid":{"rendered":"https:\/\/kingarms.ee\/product\/fx-impact-m4-compact-black\/"},"modified":"2026-05-15T13:05:35","modified_gmt":"2026-05-15T10:05:35","slug":"fx-impact-m4-compact-black","status":"publish","type":"product","link":"https:\/\/kingarms.ee\/lv\/product\/fx-impact-m4-compact-black\/","title":{"rendered":"FX Impact M4 Compact &#8211; Black"},"content":{"rendered":"","protected":false},"excerpt":{"rendered":"<p data-start=\"270\" data-end=\"1179\">FX Impact M4 Compact Black ir ceturt\u0101s paaudzes versija vienai no FX Airguns veiksm\u012bg\u0101kaj\u0101m univers\u0101laj\u0101m PCP platform\u0101m, \u0161oreiz kompakt\u0101k\u0101 izpild\u012bjum\u0101. T\u0101 apvieno \u013coti augstu precizit\u0101ti, modul\u0101ru konstrukciju un pla\u0161as regul\u0113\u0161anas iesp\u0113jas, t\u0101p\u0113c ir piem\u0113rota da\u017e\u0101d\u0101m \u0161au\u0161anas discipl\u012bn\u0101m \u2014 no benchrest l\u012bdz lieto\u0161anai \u0101rpus telp\u0101m. Sal\u012bdzinot ar Impact M3, M4 model\u012b ieviesti gan b\u016btiski, gan smalk\u0101ki uzlabojumi, kas palielina stingr\u012bbu, stabilit\u0101ti un lieto\u0161anas \u0113rtumu. Iepriek\u0161\u0113j\u0101 Dual Regulator sist\u0113ma ir aizst\u0101ta ar vienu sp\u0113c\u012bg\u0101ku un vienm\u0113r\u012bg\u0101ku AMP MKIII regulatoru ar misi\u0146a virzuli, kas nodro\u0161ina lab\u0101ku atk\u0101rtotas piepildes pl\u016bsmu un sp\u0113j iztur\u0113t darba spiedienu l\u012bdz 170 bar, kam\u0113r cilindra uzpildes spiediens ir 250 bar. 300 cc gaisa cilindrs, 75 cc Power Plenum 750 un Superior STX stobra sist\u0113ma nodro\u0161ina labu jaudas rezervi gan diabolo lod\u012bt\u0113m, gan smag\u0101kiem slug tipa \u0161\u0101vi\u0146iem. Pieejamie kalibri ir 4,5 mm (.177), 5,5 mm (.22), 6,35 mm (.25) un 7,62 mm (.30), ar ener\u0123iju l\u012bdz 30, 40, 60 vai 105 J atkar\u012bb\u0101 no versijas.    <\/p>\n<p data-start=\"1181\" data-end=\"2262\">FX Impact M4 Compact Black ir paredz\u0113ta \u0161\u0101v\u0113jam, kur\u0161 v\u0113las prec\u012bzi piel\u0101got ieroci distancei, mun\u012bcijai un savam \u0161au\u0161anas stilam. Regulatoru var regul\u0113t ar skr\u016bvi aiz spr\u016bda meh\u0101nisma spr\u016bda aizsarga iek\u0161pus\u0113, v\u0101rsta atsperes priek\u0161spriegojumu \u2014 ar priek\u0161\u0113jo jaudas regulatoru, bet \u0101mura atsperes priek\u0161spriegojumu \u2014 ar Quick Tune sist\u0113mu, kur\u0101 makroregul\u0113\u0161ana pied\u0101v\u0101 16 liel\u0101kus so\u013cus, bet mikroregul\u0113\u0161ana \u013cauj veikt \u013coti prec\u012bzu iestat\u012b\u0161anu. Jaunais Quick Set Trigger \u013cauj ar vienu skr\u016bvi p\u0101rsl\u0113gties no gar\u0101ka un prognoz\u0113jama spr\u016bda g\u0101jiena uz \u013coti vieglu sporta spr\u016bdu ar t\u012bru p\u0101rtraukuma punktu; papildus regul\u0113jama visa spr\u016bda mezgla poz\u012bcija, abas pak\u0101pes, spr\u016bda m\u0113l\u012btes augstums un pagrieziena le\u0146\u0137is. Pastiprin\u0101t\u0101 aug\u0161\u0113j\u0101 pl\u0101ksne ir biez\u0101ka un apr\u012bkota ar Dovetail sliedi, pa kuru 30 MOA Picatinny sliedi var p\u0101rb\u012bd\u012bt vajadz\u012bgaj\u0101 poz\u012bcij\u0101. S\u0101nos un apak\u0161\u0101 ir papildu Picatinny sliedes piederumiem un bipodam. \u0160autenei ir abpus\u0113ji p\u0101rstat\u0101ma s\u0101nu uzvilk\u0161anas svira, augstum\u0101 regul\u0113jams pleca balsts, ergonomisks AR15 stila UG1 rokturis un atjaunota lielas ietilp\u012bbas aptvere no iztur\u012bg\u0101kiem materi\u0101liem. \u0160autene sver 2800 g, stobra garums ir 500 mm, kop\u0113jais garums \u2014 tikai 640 mm; atkl\u0101to t\u0113m\u0113k\u013cu un optikas komplekt\u0101 nav, komplekt\u0101 ietilpst koferis, uzpildes adapteris un aptvere.     <\/p>\n","protected":false},"featured_media":192171,"template":"","meta":{"_acf_changed":false},"product_brand":[],"product_cat":[1004,1008],"product_tag":[],"class_list":{"0":"post-192194","1":"product","2":"type-product","3":"status-publish","4":"has-post-thumbnail","6":"product_cat-lidmasinas","7":"product_cat-pcp-hpa","9":"first","10":"instock","11":"taxable","12":"shipping-taxable","13":"purchasable","14":"product-type-simple"},"acf":[],"_links":{"self":[{"href":"https:\/\/kingarms.ee\/lv\/wp-json\/wp\/v2\/product\/192194","targetHints":{"allow":["GET"]}}],"collection":[{"href":"https:\/\/kingarms.ee\/lv\/wp-json\/wp\/v2\/product"}],"about":[{"href":"https:\/\/kingarms.ee\/lv\/wp-json\/wp\/v2\/types\/product"}],"wp:featuredmedia":[{"embeddable":true,"href":"https:\/\/kingarms.ee\/lv\/wp-json\/wp\/v2\/media\/192171"}],"wp:attachment":[{"href":"https:\/\/kingarms.ee\/lv\/wp-json\/wp\/v2\/media?parent=192194"}],"wp:term":[{"taxonomy":"product_brand","embeddable":true,"href":"https:\/\/kingarms.ee\/lv\/wp-json\/wp\/v2\/product_brand?post=192194"},{"taxonomy":"product_cat","embeddable":true,"href":"https:\/\/kingarms.ee\/lv\/wp-json\/wp\/v2\/product_cat?post=192194"},{"taxonomy":"product_tag","embeddable":true,"href":"https:\/\/kingarms.ee\/lv\/wp-json\/wp\/v2\/product_tag?post=192194"}],"curies":[{"name":"wp","href":"https:\/\/api.w.org\/{rel}","templated":true}]}}