{"id":192343,"date":"2026-05-15T14:55:14","date_gmt":"2026-05-15T11:55:14","guid":{"rendered":"https:\/\/kingarms.ee\/product\/agn-technology-uragan-3-700-walnut\/"},"modified":"2026-05-15T14:55:14","modified_gmt":"2026-05-15T11:55:14","slug":"agn-technology-uragan-3-700-walnut","status":"publish","type":"product","link":"https:\/\/kingarms.ee\/lv\/product\/agn-technology-uragan-3-700-walnut\/","title":{"rendered":"AGN Technology Uragan 3 700 Walnut"},"content":{"rendered":"","protected":false},"excerpt":{"rendered":"<p data-start=\"307\" data-end=\"1183\">AGN Technology Uragan 3 700 Walnut ir n\u0101kam\u0101 Uragan pneimatisko \u0161aute\u0146u s\u0113rijas att\u012bst\u012bbas versija, kas balst\u012bta uz jau \u013coti veiksm\u012bgo Uragan 2 platformu. Atjaunin\u0101jumi v\u0113rsti uz liel\u0101ku uzticam\u012bbu, vienk\u0101r\u0161\u0101ku regul\u0101ro apkopi un \u0113rt\u0101ku ikdienas lieto\u0161anu. Modelim ir pagarin\u0101ta aug\u0161\u0113j\u0101 Weaver\/Picatinny mont\u0101\u017eas sliede, p\u0101rveidots un palielin\u0101ts spr\u016bda aizsargs, uzlabots bloks un uztv\u0113r\u0113js, k\u0101 ar\u012b optimiz\u0113ta v\u0101rsta sist\u0113ma un power plenum, kas uzlabo gaisa izmanto\u0161anas efektivit\u0101ti un \u0161\u0101vienu stabilit\u0101ti. Liel\u0101ks un p\u0101rstr\u0101d\u0101ts spiediena regulators nodro\u0161ina vienm\u0113r\u012bg\u0101ku darb\u012bbu, uzlabot\u0101 \u0101mura sist\u0113ma \u013cauj veikt prec\u012bz\u0101kus regul\u0113jumus, bet v\u0101rsta mezglu tagad var no\u0146emt bez piln\u012bgas \u0161autenes izjauk\u0161anas. P\u0101rveidotais spr\u016bda un \u0161au\u0161anas meh\u0101nisms nov\u0113r\u0161 ar\u012b iepriek\u0161\u0113jo \u201cping\u201d ska\u0146as probl\u0113mu; Uragan 3 laidne der Uragan 2 modelim, bet Uragan 2 laidne neder Uragan 3 modelim.    <\/p>\n<p data-start=\"1185\" data-end=\"2090\">Uragan 3 700 Walnut saglab\u0101 vair\u0101kas iepriek\u0161\u0113jo Uragan mode\u013cu p\u0101rbaud\u012bt\u0101s \u012bpa\u0161\u012bbas: ska\u0146u sl\u0101p\u0113jo\u0161u stobra apvalku, M14x1.25 v\u012btni stobra gal\u0101, 530 cc PCP rezervu\u0101ru, 300 bar uzpildes spiedienu, aizsarg\u0101jo\u0161u priek\u0161\u0113jo da\u013cu ar KeyMod ligzd\u0101m, Weaver\/Picatinny piederumu sliedi un 20 MOA Weaver\/Picatinny optikas sliedi liel\u0101k\u0101m distanc\u0113m. \u0160autenei ir kreisaj\u0101 pus\u0113 novietots manometrs, CZ stobrs, uzpildes ports ar putek\u013cu aizb\u0101zni, valrieksta koka thumbhole laidne, vertik\u0101li regul\u0113jams gumijas pleca balsts un p\u0101rstat\u0101ma biatlona stila s\u0101nu uzvilk\u0161anas svira. Divpak\u0101pju spr\u016bds ir regul\u0113jams, savuk\u0101rt abpus\u0113js sl\u012bdo\u0161ais dro\u0161in\u0101t\u0101js padara modeli \u0113rtu gan labro\u010diem, gan krei\u013ciem. \u0160autene pieejama 4,5 mm (.177), 5,5 mm (.22), 6,35 mm (.25) un 7,62 mm (.30) kalibros, ar aptveres ietilp\u012bbu atkar\u012bb\u0101 no kalibra 15, 12, 10 vai 9 \u0161\u0101vieni. Svars ir 3700 g, stobra garums 700 mm un kop\u0113jais garums 997 mm; atkl\u0101to t\u0113m\u0113k\u013cu un optikas komplekt\u0101 nav, komplekt\u0101 ietilpst 2 aptveres, uzpildes zonde, m\u012bksts futr\u0101lis un instrumenti.    <\/p>\n","protected":false},"featured_media":192325,"template":"","meta":{"_acf_changed":false},"product_brand":[],"product_cat":[1004,1008],"product_tag":[],"class_list":{"0":"post-192343","1":"product","2":"type-product","3":"status-publish","4":"has-post-thumbnail","6":"product_cat-lidmasinas","7":"product_cat-pcp-hpa","9":"first","10":"instock","11":"taxable","12":"shipping-taxable","13":"purchasable","14":"product-type-simple"},"acf":[],"_links":{"self":[{"href":"https:\/\/kingarms.ee\/lv\/wp-json\/wp\/v2\/product\/192343","targetHints":{"allow":["GET"]}}],"collection":[{"href":"https:\/\/kingarms.ee\/lv\/wp-json\/wp\/v2\/product"}],"about":[{"href":"https:\/\/kingarms.ee\/lv\/wp-json\/wp\/v2\/types\/product"}],"wp:featuredmedia":[{"embeddable":true,"href":"https:\/\/kingarms.ee\/lv\/wp-json\/wp\/v2\/media\/192325"}],"wp:attachment":[{"href":"https:\/\/kingarms.ee\/lv\/wp-json\/wp\/v2\/media?parent=192343"}],"wp:term":[{"taxonomy":"product_brand","embeddable":true,"href":"https:\/\/kingarms.ee\/lv\/wp-json\/wp\/v2\/product_brand?post=192343"},{"taxonomy":"product_cat","embeddable":true,"href":"https:\/\/kingarms.ee\/lv\/wp-json\/wp\/v2\/product_cat?post=192343"},{"taxonomy":"product_tag","embeddable":true,"href":"https:\/\/kingarms.ee\/lv\/wp-json\/wp\/v2\/product_tag?post=192343"}],"curies":[{"name":"wp","href":"https:\/\/api.w.org\/{rel}","templated":true}]}}