{"id":192392,"date":"2026-05-15T23:09:43","date_gmt":"2026-05-15T20:09:43","guid":{"rendered":"https:\/\/kingarms.ee\/product\/fx-leopard-compact-bottle\/"},"modified":"2026-05-15T23:09:43","modified_gmt":"2026-05-15T20:09:43","slug":"fx-leopard-compact-bottle","status":"publish","type":"product","link":"https:\/\/kingarms.ee\/lv\/product\/fx-leopard-compact-bottle\/","title":{"rendered":"FX Leopard Compact Bottle"},"content":{"rendered":"","protected":false},"excerpt":{"rendered":"<p data-start=\"373\" data-end=\"1181\">FX Leopard Compact Bottle ir kompakta bullpup tipa PCP pneimatisk\u0101 \u0161autene, kas \u012bs\u0101 un jaud\u012bg\u0101 platform\u0101 apvieno precizit\u0101ti, jaudu un pla\u0161as piel\u0101go\u0161anas iesp\u0113jas. Model\u012b izmantotas jaun\u0101k\u0101s FX tehnolo\u0123ijas, tostarp 54 cc Power Plenum, kas pasl\u0113pts laidnes aizmugur\u0113j\u0101 da\u013c\u0101 un darbojas k\u0101 gaisa buferis starp regulatoru un v\u0101rstu. Compact Bottle versija ir vislab\u0101k piem\u0113rota \u0161au\u0161anai liel\u0101s distanc\u0113s un benchrest discipl\u012bnai, jo papildus 210 cc PCP rezervu\u0101ram ap stobru tai ir ar\u012b 300 cc oglek\u013ca \u0161\u0137iedras balons. Kop\u0113j\u0101 saspiest\u0101 gaisa ietilp\u012bba ir 510 cc, kas samazina nepiecie\u0161am\u012bbu p\u0113c bie\u017eas uzpildes. \u0160autene darbojas ar 250 bar uzpildes spiedienu, izmanto regul\u0113tu PCP sist\u0113mu un ir pieejama 4,5 mm (.177), 5,5 mm (.22), 6,35 mm (.25) un 7,62 mm (.30) kalibros, ar ener\u0123iju l\u012bdz 54, 78, 102 vai 124 J atkar\u012bb\u0101 no kalibra un regul\u0113jumiem.    <\/p>\n<p data-start=\"1183\" data-end=\"2194\">FX Leopard Compact Bottle ir apr\u012bkota ar \u0101r\u0113ji regul\u0113jamu AMP MkII regulatoru, kas kontrol\u0113 spiedienu Power Plenum kamer\u0101 un \u013cauj piel\u0101got sist\u0113mu izv\u0113l\u0113tajai mun\u012bcijai. Quick Tune sist\u0113ma dod iesp\u0113ju papildus prec\u012bzi regul\u0113t gaisa pl\u016bsmu, izmantojot \u0101mura sp\u0113ka makro- un mikroregul\u0113\u0161anu. STX Superior Liner ir optimiz\u0113ts standarta svara lod\u012bt\u0113m un viegl\u0101kiem slug \u0161\u0101vi\u0146iem; gludais 1:18 rievojums ir iespiests no \u0101rpuses, lai samazin\u0101tu berzi un uzlabotu bl\u012bv\u0113jumu ap mun\u012bciju. \u0160autenei ir 20 MOA Weaver\/Picatinny optikas sliede, Weaver\/Picatinny piederumu sliede, regul\u0113jams divpak\u0101pju spr\u016bds, bez instrumentiem augstum\u0101 regul\u0113jams pleca balsts, m\u012bksts un labi satverams FX UG1 rokturis, k\u0101 ar\u012b abpus\u0113js dro\u0161in\u0101t\u0101js. Rot\u0113jo\u0161\u0101 aptvere ir pietiekami dzi\u013ca l\u012bdz 13 mm gariem \u0161\u0101vi\u0146iem, tostarp smagiem slug, bet \u00bdx20&#8243; v\u012btne stobra gal\u0101 \u013cauj uzst\u0101d\u012bt ska\u0146as moderatoru. Svars ir 3460 g, stobra garums 500 mm un kop\u0113jais garums tikai 690 mm; atkl\u0101to t\u0113m\u0113k\u013cu un optikas komplekt\u0101 nav, komplekt\u0101 ietilpst uzpildes zonde un aptvere.   <\/p>\n","protected":false},"featured_media":192351,"template":"","meta":{"_acf_changed":false},"product_brand":[],"product_cat":[1004,1008],"product_tag":[],"class_list":{"0":"post-192392","1":"product","2":"type-product","3":"status-publish","4":"has-post-thumbnail","6":"product_cat-lidmasinas","7":"product_cat-pcp-hpa","9":"first","10":"instock","11":"taxable","12":"shipping-taxable","13":"purchasable","14":"product-type-simple"},"acf":[],"_links":{"self":[{"href":"https:\/\/kingarms.ee\/lv\/wp-json\/wp\/v2\/product\/192392","targetHints":{"allow":["GET"]}}],"collection":[{"href":"https:\/\/kingarms.ee\/lv\/wp-json\/wp\/v2\/product"}],"about":[{"href":"https:\/\/kingarms.ee\/lv\/wp-json\/wp\/v2\/types\/product"}],"wp:featuredmedia":[{"embeddable":true,"href":"https:\/\/kingarms.ee\/lv\/wp-json\/wp\/v2\/media\/192351"}],"wp:attachment":[{"href":"https:\/\/kingarms.ee\/lv\/wp-json\/wp\/v2\/media?parent=192392"}],"wp:term":[{"taxonomy":"product_brand","embeddable":true,"href":"https:\/\/kingarms.ee\/lv\/wp-json\/wp\/v2\/product_brand?post=192392"},{"taxonomy":"product_cat","embeddable":true,"href":"https:\/\/kingarms.ee\/lv\/wp-json\/wp\/v2\/product_cat?post=192392"},{"taxonomy":"product_tag","embeddable":true,"href":"https:\/\/kingarms.ee\/lv\/wp-json\/wp\/v2\/product_tag?post=192392"}],"curies":[{"name":"wp","href":"https:\/\/api.w.org\/{rel}","templated":true}]}}