{"id":192423,"date":"2026-05-15T23:18:50","date_gmt":"2026-05-15T20:18:50","guid":{"rendered":"https:\/\/kingarms.ee\/product\/agn-technology-manul\/"},"modified":"2026-05-15T23:18:50","modified_gmt":"2026-05-15T20:18:50","slug":"agn-technology-manul","status":"publish","type":"product","link":"https:\/\/kingarms.ee\/lv\/product\/agn-technology-manul\/","title":{"rendered":"AGN Technology Manul"},"content":{"rendered":"","protected":false},"excerpt":{"rendered":"<p data-start=\"188\" data-end=\"941\">AGN Technology Manul ir kompakts PCP pneimatiskais pistole ar s\u0101nu uzvilk\u0161anas sviru un \u0113rtu, rok\u0101 labi j\u016btamu konstrukciju. S\u0101nu svira atrodas meh\u0101nisma kreisaj\u0101 pus\u0113, un pirms aptveres uzpild\u012b\u0161anas t\u0101 piln\u012bb\u0101 j\u0101atvelk atpaka\u013c; p\u0113c tam aptveri, kas nedaudz atg\u0101dina revolvera cilindru, var pagriezt un ievietot taj\u0101 \u0161\u0101vi\u0146us. Manul pieejams 4,5 mm un 5,5 mm kalibros, ar attiec\u012bgi 7 vai 6 \u0161\u0101vi\u0146u aptveres ietilp\u012bbu. P\u0113c aptveres uzpild\u012b\u0161anas s\u0101nu svira j\u0101pastumj uz priek\u0161u, un pistole ir gatava \u0161\u0101vienam. Gaiss tiek padots no 50 cc PCP cilindra, kas atrodas zem priek\u0161\u0113j\u0101s da\u013cas; maksim\u0101lais uzpildes spiediens ir 250 bar, un to var p\u0101rbaud\u012bt ar manometru cilindra priek\u0161pus\u0113. Kop\u0113jais garums ir 317 mm, stobra garums \u2014 190 mm, bet ener\u0123ija atkar\u012bb\u0101 no versijas sasniedz l\u012bdz 12 vai 16 J.     <\/p>\n<p data-start=\"943\" data-end=\"1551\">AGN Technology Manul ir apr\u012bkots ar aizmugur\u0113jo t\u0113m\u0113kli un regul\u0113jamu priek\u0161\u0113jo t\u0113m\u0113kli praktiskai m\u0113r\u0137\u0113\u0161anai, k\u0101 ar\u012b ar Weaver\/Picatinny sliedi, uz kuras var uzst\u0101d\u012bt, piem\u0113ram, kolimatoru \u0101tr\u0101kai m\u0113r\u0137a ieg\u016b\u0161anai. Rokturis ir izgatavots no triecieniztur\u012bga sint\u0113tiska materi\u0101la un piem\u0113rots abpus\u0113jai lieto\u0161anai. Raupja tekst\u016bra ab\u0101s pus\u0113s un rievotas virsmas priek\u0161\u0101 un aizmugur\u0113 nodro\u0161ina dro\u0161u satv\u0113rienu, ar\u012b darbinot s\u0101nu sviru. Pistole sver 750 g, sist\u0113ma nav regul\u0113ta, un komplekt\u0101 ietilpst uzpildes zonde, aptvere, O-gredzeni, viena \u0161\u0101viena paliktnis un instrumenti.   <\/p>\n","protected":false},"featured_media":192399,"template":"","meta":{"_acf_changed":false},"product_brand":[],"product_cat":[1004,1008],"product_tag":[],"class_list":{"0":"post-192423","1":"product","2":"type-product","3":"status-publish","4":"has-post-thumbnail","6":"product_cat-lidmasinas","7":"product_cat-pcp-hpa","9":"first","10":"instock","11":"taxable","12":"shipping-taxable","13":"purchasable","14":"product-type-simple"},"acf":[],"_links":{"self":[{"href":"https:\/\/kingarms.ee\/lv\/wp-json\/wp\/v2\/product\/192423","targetHints":{"allow":["GET"]}}],"collection":[{"href":"https:\/\/kingarms.ee\/lv\/wp-json\/wp\/v2\/product"}],"about":[{"href":"https:\/\/kingarms.ee\/lv\/wp-json\/wp\/v2\/types\/product"}],"wp:featuredmedia":[{"embeddable":true,"href":"https:\/\/kingarms.ee\/lv\/wp-json\/wp\/v2\/media\/192399"}],"wp:attachment":[{"href":"https:\/\/kingarms.ee\/lv\/wp-json\/wp\/v2\/media?parent=192423"}],"wp:term":[{"taxonomy":"product_brand","embeddable":true,"href":"https:\/\/kingarms.ee\/lv\/wp-json\/wp\/v2\/product_brand?post=192423"},{"taxonomy":"product_cat","embeddable":true,"href":"https:\/\/kingarms.ee\/lv\/wp-json\/wp\/v2\/product_cat?post=192423"},{"taxonomy":"product_tag","embeddable":true,"href":"https:\/\/kingarms.ee\/lv\/wp-json\/wp\/v2\/product_tag?post=192423"}],"curies":[{"name":"wp","href":"https:\/\/api.w.org\/{rel}","templated":true}]}}