{"id":192448,"date":"2026-05-15T23:29:56","date_gmt":"2026-05-15T20:29:56","guid":{"rendered":"https:\/\/kingarms.ee\/product\/snowpeak-pp750l\/"},"modified":"2026-05-15T23:29:56","modified_gmt":"2026-05-15T20:29:56","slug":"snowpeak-pp750l","status":"publish","type":"product","link":"https:\/\/kingarms.ee\/lv\/product\/snowpeak-pp750l\/","title":{"rendered":"Snowpeak PP750L"},"content":{"rendered":"","protected":false},"excerpt":{"rendered":"<p data-start=\"246\" data-end=\"913\">Snowpeak PP750L ir uzlabota PP750 mode\u013ca versija \u2014 PCP pneimatisk\u0101 pistole, kuru ar izvelkamo laidni var p\u0101rveidot par kompaktu karab\u012bni. T\u0101pat k\u0101 iepriek\u0161\u0113jais modelis, t\u0101 saglab\u0101 p\u0101rveidojamu konstrukciju, ta\u010du PP750L laidni tagad var ar\u012b nolaist zem\u0101k, lai t\u0101 lab\u0101k atbilstu \u0161\u0101v\u0113ja izv\u0113l\u0113tajai poz\u012bcijai. Laidni var izvilkt tr\u012bs poz\u012bcij\u0101s, piln\u012bb\u0101 no\u0146emt un regul\u0113t augstum\u0101. V\u0113l viens b\u016btisks uzlabojums ir komplekt\u0101 iek\u013cautais ska\u0146as moderators, kuru no\u0146emot atkl\u0101jas \u00bd\u2033 UNF v\u012btne stobra gal\u0101 citu piederumu uzst\u0101d\u012b\u0161anai. Modelis izmanto regul\u0113tu PCP sist\u0113mu, kas pal\u012bdz nodro\u0161in\u0101t vienm\u0113r\u012bgu \u0161\u0101viena jaudu, un ir pieejams 4,5 mm (.177) un 5,5 mm (.22) kalibros, ar ener\u0123iju l\u012bdz 18 vai 26 J.   <\/p>\n<p data-start=\"915\" data-end=\"1663\">Snowpeak PP750L ir apr\u012bkota ar 66 cc gaisa cilindru ar uzpildes spiedienu l\u012bdz 250 bar, bet aptveres ietilp\u012bba atkar\u012bb\u0101 no kalibra ir 9 vai 7 \u0161\u0101vieni. Pistolei ir standarta atkl\u0101tie t\u0113m\u0113k\u013ci, 11 mm Dovetail sliede t\u0113m\u0113k\u013cu vai piederumu uzst\u0101d\u012b\u0161anai un manu\u0101lais dro\u0161in\u0101t\u0101js, kas integr\u0113ts spr\u016bd\u0101. Spr\u016bda sp\u0113ku var regul\u0113t robe\u017e\u0101s no 900 l\u012bdz 2250 gramiem, \u013caujot piel\u0101got saj\u016btu \u0161\u0101v\u0113ja v\u0113lm\u0113m. Koka roktura pane\u013ci pie\u0161\u0137ir modelim klasisk\u0101ku izskatu, savuk\u0101rt koka un alum\u012bnija konstrukcija saglab\u0101 praktiskumu un iztur\u012bbu. Svars ar moderatoru ir 1590 g, stobra garums \u2014 277 mm, bet kop\u0113jais garums ar 130 mm moderatoru ir 575\u2013817 mm. Komplekt\u0101 ietilpst uzpildes zonde, aptvere, ska\u0146as moderators, viena \u0161\u0101viena paliktnis, rezerves O-gredzeni un instrumenti.     <\/p>\n","protected":false},"featured_media":192431,"template":"","meta":{"_acf_changed":false},"product_brand":[],"product_cat":[1004,1008],"product_tag":[],"class_list":{"0":"post-192448","1":"product","2":"type-product","3":"status-publish","4":"has-post-thumbnail","6":"product_cat-lidmasinas","7":"product_cat-pcp-hpa","9":"first","10":"instock","11":"taxable","12":"shipping-taxable","13":"purchasable","14":"product-type-simple"},"acf":[],"_links":{"self":[{"href":"https:\/\/kingarms.ee\/lv\/wp-json\/wp\/v2\/product\/192448","targetHints":{"allow":["GET"]}}],"collection":[{"href":"https:\/\/kingarms.ee\/lv\/wp-json\/wp\/v2\/product"}],"about":[{"href":"https:\/\/kingarms.ee\/lv\/wp-json\/wp\/v2\/types\/product"}],"wp:featuredmedia":[{"embeddable":true,"href":"https:\/\/kingarms.ee\/lv\/wp-json\/wp\/v2\/media\/192431"}],"wp:attachment":[{"href":"https:\/\/kingarms.ee\/lv\/wp-json\/wp\/v2\/media?parent=192448"}],"wp:term":[{"taxonomy":"product_brand","embeddable":true,"href":"https:\/\/kingarms.ee\/lv\/wp-json\/wp\/v2\/product_brand?post=192448"},{"taxonomy":"product_cat","embeddable":true,"href":"https:\/\/kingarms.ee\/lv\/wp-json\/wp\/v2\/product_cat?post=192448"},{"taxonomy":"product_tag","embeddable":true,"href":"https:\/\/kingarms.ee\/lv\/wp-json\/wp\/v2\/product_tag?post=192448"}],"curies":[{"name":"wp","href":"https:\/\/api.w.org\/{rel}","templated":true}]}}