{"id":192478,"date":"2026-05-15T23:40:17","date_gmt":"2026-05-15T20:40:17","guid":{"rendered":"https:\/\/kingarms.ee\/product\/snowpeak-pp20\/"},"modified":"2026-05-15T23:40:17","modified_gmt":"2026-05-15T20:40:17","slug":"snowpeak-pp20","status":"publish","type":"product","link":"https:\/\/kingarms.ee\/lv\/product\/snowpeak-pp20\/","title":{"rendered":"Snowpeak PP20"},"content":{"rendered":"","protected":false},"excerpt":{"rendered":"<p data-start=\"238\" data-end=\"742\">Artemis PP20 ir piem\u0113rota s\u0101kuma izv\u0113le \u0161\u0101v\u0113jam, kur\u0161 v\u0113las izm\u0113\u0123in\u0101t 10 metru sporta \u0161au\u0161anas discipl\u012bnu. \u0160\u012b PCP pneimatisk\u0101 pistole ir paredz\u0113ta prec\u012bzai match tipa m\u0113r\u0137a \u0161au\u0161anai un pied\u0101v\u0101 pamata funkcijas, kas vajadz\u012bgas 10M \u0161\u0101v\u0113jam treni\u0146u s\u0101kum\u0101. Pistolei ir match rokturis no di\u017esk\u0101bar\u017ea koka ar tekstur\u0113tu apdari, kas nodro\u0161ina dro\u0161u un kontrol\u0113tu satv\u0113rienu. Rokturis paredz\u0113ts labro\u010diem, un S, M un L izm\u0113ri ir iek\u013cauti vien\u0101 risin\u0101jum\u0101. Modelis ir 4,5 mm (.177) kalibr\u0101, ar 7,5 J ener\u0123iju, 240 mm stobra garumu un 425 mm kop\u0113jo garumu.    <\/p>\n<p data-start=\"744\" data-end=\"1222\">Artemis PP20 izmanto regul\u0113tu PCP sist\u0113mu, kas pal\u012bdz nodro\u0161in\u0101t vienm\u0113r\u012bgu spiedienu katram \u0161\u0101vienam. Manometrs gaisa rezervu\u0101ra priek\u0161pus\u0113 ir viegli nolas\u0101ms, t\u0101p\u0113c spiediena kontrole ir \u0113rta. Piln\u012bb\u0101 regul\u0113jams match spr\u016bds \u013cauj iestat\u012bt spr\u016bda sp\u0113ku robe\u017e\u0101s no 1,5 l\u012bdz 2 lbf jeb aptuveni 0,68\u20130,91 kg. Pistolei ir autom\u0101tiskais dro\u0161in\u0101t\u0101js un piln\u012bb\u0101 regul\u0113jams aizmugur\u0113jais t\u0113m\u0113klis. T\u0113m\u0113\u0161anas l\u012bnijas garums ir 357\u2013372 mm, bet svars \u2014 1100 g. Komplekt\u0101 ietilpst 2 adapteri, koferis un O-gredzeni.     <\/p>\n","protected":false},"featured_media":192455,"template":"","meta":{"_acf_changed":false},"product_brand":[],"product_cat":[1004,1008],"product_tag":[],"class_list":{"0":"post-192478","1":"product","2":"type-product","3":"status-publish","4":"has-post-thumbnail","6":"product_cat-lidmasinas","7":"product_cat-pcp-hpa","9":"first","10":"instock","11":"taxable","12":"shipping-taxable","13":"purchasable","14":"product-type-simple"},"acf":[],"_links":{"self":[{"href":"https:\/\/kingarms.ee\/lv\/wp-json\/wp\/v2\/product\/192478","targetHints":{"allow":["GET"]}}],"collection":[{"href":"https:\/\/kingarms.ee\/lv\/wp-json\/wp\/v2\/product"}],"about":[{"href":"https:\/\/kingarms.ee\/lv\/wp-json\/wp\/v2\/types\/product"}],"wp:featuredmedia":[{"embeddable":true,"href":"https:\/\/kingarms.ee\/lv\/wp-json\/wp\/v2\/media\/192455"}],"wp:attachment":[{"href":"https:\/\/kingarms.ee\/lv\/wp-json\/wp\/v2\/media?parent=192478"}],"wp:term":[{"taxonomy":"product_brand","embeddable":true,"href":"https:\/\/kingarms.ee\/lv\/wp-json\/wp\/v2\/product_brand?post=192478"},{"taxonomy":"product_cat","embeddable":true,"href":"https:\/\/kingarms.ee\/lv\/wp-json\/wp\/v2\/product_cat?post=192478"},{"taxonomy":"product_tag","embeddable":true,"href":"https:\/\/kingarms.ee\/lv\/wp-json\/wp\/v2\/product_tag?post=192478"}],"curies":[{"name":"wp","href":"https:\/\/api.w.org\/{rel}","templated":true}]}}