{"id":192491,"date":"2026-05-15T23:58:43","date_gmt":"2026-05-15T20:58:43","guid":{"rendered":"https:\/\/kingarms.ee\/product\/hammerli-ap20-pro\/"},"modified":"2026-05-15T23:58:43","modified_gmt":"2026-05-15T20:58:43","slug":"hammerli-ap20-pro","status":"publish","type":"product","link":"https:\/\/kingarms.ee\/lv\/product\/hammerli-ap20-pro\/","title":{"rendered":"H\u00e4mmerli AP20 Pro"},"content":{"rendered":"","protected":false},"excerpt":{"rendered":"<p data-start=\"250\" data-end=\"854\">H\u00e4mmerli AP20 Pro ir cenas zi\u0146\u0101 p\u0101rdom\u0101ta PCP match klases pneimatisk\u0101 pistole, kas paredz\u0113ta 10 metru sporta \u0161au\u0161anai un veidota uz Walther modul\u0101r\u0101s sist\u0113mas b\u0101zes. Taj\u0101 izmantotas ar\u012b augst\u0101k\u0101s klases LP400 komponentes, kas nodro\u0161ina iztur\u012bgu un sacens\u012bb\u0101m piem\u0113rotu darb\u012bbu. Pistole darbojas ar 200 bar saspiest\u0101 gaisa sist\u0113mu, t\u0101s ener\u0123ija ir l\u012bdz 7,5 J, un ar vienu uzpildi iesp\u0113jams veikt vair\u0101k nek\u0101 180 \u0161\u0101vienu. \u0160auraj\u0101 alum\u012bnija cilindr\u0101 ir integr\u0113ts manometrs \u0101trai spiediena p\u0101rbaudei. Modelis ir 4,5 mm (.177) kalibr\u0101, ar 250 mm stobra garumu, 415 mm kop\u0113jo garumu un 366\u2013375 mm t\u0113m\u0113\u0161anas l\u012bniju.    <\/p>\n<p data-start=\"856\" data-end=\"1602\">H\u00e4mmerli AP20 Pro ir apr\u012bkota ar 3D regul\u0113jamu valrieksta koka memory rokturi, kas \u013cauj piel\u0101got satv\u0113rienu \u0161\u0101v\u0113ja rokai. Regul\u0113jamam divpak\u0101pju match spr\u016bdam ir aptuveni 500 g spr\u016bda sp\u0113ks, savuk\u0101rt t\u0113m\u0113k\u013ci ir piln\u012bb\u0101 piel\u0101gojami: aizmugur\u0113jo t\u0113m\u0113kli var vienm\u0113r\u012bgi regul\u0113t platum\u0101 un augstum\u0101, pagrie\u017eamais priek\u0161\u0113jais t\u0113m\u0113klis pied\u0101v\u0101 tr\u012bs main\u0101mus atveres platumus, un t\u0113m\u0113k\u013cu sist\u0113mu var regul\u0113t ar\u012b garenvirzien\u0101 prec\u012bzai kalibr\u0113\u0161anai. Komplekt\u0101 ir se\u0161i da\u017e\u0101du kr\u0101su main\u0101mi stobra apvalki personaliz\u0101cijai. Aptuveni 980 g nelielais svars nodro\u0161ina \u0113rtu vad\u0101m\u012bbu un labu balansu. Modelim nav aptveres, tas paredz\u0113ts viena \u0161\u0101viena lieto\u0161anai; komplekt\u0101 ietilpst koferis, uzpildes zonde un instrumenti. Modeli iesaka ar\u012b V\u0101cijas \u0160au\u0161anas feder\u0101cija DSB.     <\/p>\n","protected":false},"featured_media":192486,"template":"","meta":{"_acf_changed":false},"product_brand":[],"product_cat":[1004,1008],"product_tag":[],"class_list":{"0":"post-192491","1":"product","2":"type-product","3":"status-publish","4":"has-post-thumbnail","6":"product_cat-lidmasinas","7":"product_cat-pcp-hpa","9":"first","10":"instock","11":"taxable","12":"shipping-taxable","13":"purchasable","14":"product-type-simple"},"acf":[],"_links":{"self":[{"href":"https:\/\/kingarms.ee\/lv\/wp-json\/wp\/v2\/product\/192491","targetHints":{"allow":["GET"]}}],"collection":[{"href":"https:\/\/kingarms.ee\/lv\/wp-json\/wp\/v2\/product"}],"about":[{"href":"https:\/\/kingarms.ee\/lv\/wp-json\/wp\/v2\/types\/product"}],"wp:featuredmedia":[{"embeddable":true,"href":"https:\/\/kingarms.ee\/lv\/wp-json\/wp\/v2\/media\/192486"}],"wp:attachment":[{"href":"https:\/\/kingarms.ee\/lv\/wp-json\/wp\/v2\/media?parent=192491"}],"wp:term":[{"taxonomy":"product_brand","embeddable":true,"href":"https:\/\/kingarms.ee\/lv\/wp-json\/wp\/v2\/product_brand?post=192491"},{"taxonomy":"product_cat","embeddable":true,"href":"https:\/\/kingarms.ee\/lv\/wp-json\/wp\/v2\/product_cat?post=192491"},{"taxonomy":"product_tag","embeddable":true,"href":"https:\/\/kingarms.ee\/lv\/wp-json\/wp\/v2\/product_tag?post=192491"}],"curies":[{"name":"wp","href":"https:\/\/api.w.org\/{rel}","templated":true}]}}