{"id":192527,"date":"2026-05-16T00:08:53","date_gmt":"2026-05-15T21:08:53","guid":{"rendered":"https:\/\/kingarms.ee\/product\/snowpeak-pp30\/"},"modified":"2026-05-16T00:08:53","modified_gmt":"2026-05-15T21:08:53","slug":"snowpeak-pp30","status":"publish","type":"product","link":"https:\/\/kingarms.ee\/lv\/product\/snowpeak-pp30\/","title":{"rendered":"Snowpeak PP30"},"content":{"rendered":"","protected":false},"excerpt":{"rendered":"<p data-start=\"271\" data-end=\"906\">Snowpeak PP30 ir pilnv\u0113rt\u012bga PCP match klases pneimatisk\u0101 pistole, kas paredz\u0113ta 10 metru m\u0113r\u0137a \u0161au\u0161anas discipl\u012bnai un tiek pied\u0101v\u0101ta par \u013coti pievilc\u012bgu cenu. Pistole ir viegla \u2014 tikai 906 g, t\u0101p\u0113c to ir \u0113rti tur\u0113t prec\u012bzas \u0161au\u0161anas un ilg\u0101ku treni\u0146u laik\u0101. Modelis ir 4,5 mm (.177) kalibr\u0101, ar 7,5 J ener\u0123iju, 260 mm stobra garumu, 404 mm kop\u0113jo garumu un 354 mm t\u0113m\u0113\u0161anas l\u012bniju. Regul\u0113t\u0101 PCP sist\u0113ma pal\u012bdz nodro\u0161in\u0101t vienm\u0113r\u012bgu jaudu katram \u0161\u0101vienam, bet piln\u012bb\u0101 uzpild\u012bts gaisa cilindrs ar maksim\u0101lo 250 bar spiedienu nodro\u0161ina aptuveni 100 \u0161\u0101vienus. Gaisa cilindra priek\u0161pus\u0113 ieb\u016bv\u0113tais manometrs skaidri r\u0101da pa\u0161reiz\u0113jo uzpildes spiedienu.    <\/p>\n<p data-start=\"908\" data-end=\"1687\">Snowpeak PP30 ir apr\u012bkota ar regul\u0113jamu koka match rokturi ar raupju tekst\u016bru, kas nodro\u0161ina dro\u0161u un stabilu satv\u0113rienu. Spr\u016bda sist\u0113mai ir pla\u0161as regul\u0113\u0161anas iesp\u0113jas: var piel\u0101got pirmo pak\u0101pi, otro pak\u0101pi, kop\u0113jo spr\u016bda sp\u0113ku robe\u017e\u0101s no 0,045 l\u012bdz 0,91 kg, spr\u016bda stopu jeb p\u0101rg\u0101jienu un spr\u016bda m\u0113l\u012btes garenisko poz\u012bciju, lai to piel\u0101gotu \u0161\u0101v\u0113ja pirksta garumam. Pieejama ar\u012b saus\u0101 \u0161\u0101viena funkcija treni\u0146iem. Aizmugur\u0113jo t\u0113m\u0113kli var prec\u012bzi regul\u0113t gan horizont\u0101li, gan vertik\u0101li ar regul\u0113\u0161anas rite\u0146iem, turkl\u0101t regul\u0113jams ir ar\u012b t\u0113m\u0113k\u013ca spraugas platums. Modelim nav aptveres, tas paredz\u0113ts viena \u0161\u0101viena lieto\u0161anai. Labro\u010du M izm\u0113ra rokturis, melni sudrabain\u0101 apdare un iztur\u012bgs transport\u0113\u0161anas koferis padara PP30 par labu izv\u0113li gan ies\u0101c\u0113jiem, gan pieredz\u0113ju\u0161iem 10M \u0161\u0101v\u0113jiem. Komplekt\u0101 ietilpst koferis, uzpildes adapteris un O-gredzeni.      <\/p>\n","protected":false},"featured_media":192498,"template":"","meta":{"_acf_changed":false},"product_brand":[],"product_cat":[1004,1008],"product_tag":[],"class_list":{"0":"post-192527","1":"product","2":"type-product","3":"status-publish","4":"has-post-thumbnail","6":"product_cat-lidmasinas","7":"product_cat-pcp-hpa","9":"first","10":"instock","11":"taxable","12":"shipping-taxable","13":"purchasable","14":"product-type-simple"},"acf":[],"_links":{"self":[{"href":"https:\/\/kingarms.ee\/lv\/wp-json\/wp\/v2\/product\/192527","targetHints":{"allow":["GET"]}}],"collection":[{"href":"https:\/\/kingarms.ee\/lv\/wp-json\/wp\/v2\/product"}],"about":[{"href":"https:\/\/kingarms.ee\/lv\/wp-json\/wp\/v2\/types\/product"}],"wp:featuredmedia":[{"embeddable":true,"href":"https:\/\/kingarms.ee\/lv\/wp-json\/wp\/v2\/media\/192498"}],"wp:attachment":[{"href":"https:\/\/kingarms.ee\/lv\/wp-json\/wp\/v2\/media?parent=192527"}],"wp:term":[{"taxonomy":"product_brand","embeddable":true,"href":"https:\/\/kingarms.ee\/lv\/wp-json\/wp\/v2\/product_brand?post=192527"},{"taxonomy":"product_cat","embeddable":true,"href":"https:\/\/kingarms.ee\/lv\/wp-json\/wp\/v2\/product_cat?post=192527"},{"taxonomy":"product_tag","embeddable":true,"href":"https:\/\/kingarms.ee\/lv\/wp-json\/wp\/v2\/product_tag?post=192527"}],"curies":[{"name":"wp","href":"https:\/\/api.w.org\/{rel}","templated":true}]}}