{"id":192539,"date":"2026-05-16T00:24:35","date_gmt":"2026-05-15T21:24:35","guid":{"rendered":"https:\/\/kingarms.ee\/product\/walther-lp500-m-meister-manufaktur-blue\/"},"modified":"2026-05-16T00:24:35","modified_gmt":"2026-05-15T21:24:35","slug":"walther-lp500-m-meister-manufaktur-blue","status":"publish","type":"product","link":"https:\/\/kingarms.ee\/lv\/product\/walther-lp500-m-meister-manufaktur-blue\/","title":{"rendered":"Walther LP500-M Meister Manufaktur Blue"},"content":{"rendered":"","protected":false},"excerpt":{"rendered":"<p data-start=\"258\" data-end=\"901\">Walther LP500-M Meister Manufaktur Blue, zin\u0101ma ar\u012b k\u0101 LP500 Finest Craftsmanship, ir augst\u0101k\u0101s klases PCP match pneimatisk\u0101 pistole un cien\u012bgs Walther LP400 mode\u013cu p\u0113ctecis. LP500 s\u0113rija standarta komplekt\u0101cij\u0101 ir apr\u012bkota ar match stobru ar kompensatoru, absorberu, saus\u0101 \u0161\u0101viena re\u017e\u012bmu, saddle breech sist\u0113mu, alum\u012bnija cilindru, pagrie\u017eamu t\u0113m\u0113kli, 10 g INLINE atsvaru, 3D mar\u0137\u0113jumu, k\u0101 ar\u012b bezpak\u0101pju regul\u0113jamu aizmugur\u0113jo t\u0113m\u0113kli p\u0113c platuma un dzi\u013cuma kop\u0101 ar pagrie\u017eamu priek\u0161\u0113jo t\u0113m\u0113kli. Modelis darbojas ar 200 bar PCP sist\u0113mu, ir 4,5 mm (.177) kalibr\u0101, ar 7,5 J ener\u0123iju, 221 mm stobra garumu, 420 mm kop\u0113jo garumu un 340\u2013400 mm regul\u0113jamu t\u0113m\u0113\u0161anas l\u012bniju.  <\/p>\n<p data-start=\"903\" data-end=\"1618\">Walther LP500-M Meister Manufaktur Blue ir veidota \u013coti prec\u012bzai individu\u0101lai piel\u0101go\u0161anai, jo match \u0161au\u0161an\u0101 pat neliela roktura, balansa vai spr\u016bda saj\u016btas izmai\u0146a var ietekm\u0113t rezult\u0101tu. 5D rokturis \u013cauj bezpak\u0101pju veid\u0101 regul\u0113t satv\u0113riena apjomu, lai pistoli var\u0113tu prec\u012bzi piel\u0101got \u0161\u0101v\u0113ja rokai; M un L izm\u0113ri ir iek\u013cauti vien\u0101 risin\u0101jum\u0101. Meister Manufaktur Blue versijai ir GOLD stobrs ar alum\u012bnija stobra apvalku, stabilizators, Vario spr\u016bds ar \u013coti pla\u0161\u0101m regul\u0113\u0161anas iesp\u0113j\u0101m un X-Change spr\u016bda modulis ar meh\u0101nisko spr\u016bdu, kuru iesp\u0113jams nomain\u012bt pret elektronisko. Pistole sver 950 g, tai ir melni zila apdare, un konstrukcij\u0101 izmantots alum\u012bnijs un sint\u0113tiskie materi\u0101li. Komplekt\u0101 ietilpst koferis, t\u012br\u012b\u0161anas komplekts, uzpildes adapteris un instrumenti.    <\/p>\n","protected":false},"featured_media":192534,"template":"","meta":{"_acf_changed":false},"product_brand":[],"product_cat":[1004,1008],"product_tag":[],"class_list":{"0":"post-192539","1":"product","2":"type-product","3":"status-publish","4":"has-post-thumbnail","6":"product_cat-lidmasinas","7":"product_cat-pcp-hpa","9":"first","10":"instock","11":"taxable","12":"shipping-taxable","13":"purchasable","14":"product-type-simple"},"acf":[],"_links":{"self":[{"href":"https:\/\/kingarms.ee\/lv\/wp-json\/wp\/v2\/product\/192539","targetHints":{"allow":["GET"]}}],"collection":[{"href":"https:\/\/kingarms.ee\/lv\/wp-json\/wp\/v2\/product"}],"about":[{"href":"https:\/\/kingarms.ee\/lv\/wp-json\/wp\/v2\/types\/product"}],"wp:featuredmedia":[{"embeddable":true,"href":"https:\/\/kingarms.ee\/lv\/wp-json\/wp\/v2\/media\/192534"}],"wp:attachment":[{"href":"https:\/\/kingarms.ee\/lv\/wp-json\/wp\/v2\/media?parent=192539"}],"wp:term":[{"taxonomy":"product_brand","embeddable":true,"href":"https:\/\/kingarms.ee\/lv\/wp-json\/wp\/v2\/product_brand?post=192539"},{"taxonomy":"product_cat","embeddable":true,"href":"https:\/\/kingarms.ee\/lv\/wp-json\/wp\/v2\/product_cat?post=192539"},{"taxonomy":"product_tag","embeddable":true,"href":"https:\/\/kingarms.ee\/lv\/wp-json\/wp\/v2\/product_tag?post=192539"}],"curies":[{"name":"wp","href":"https:\/\/api.w.org\/{rel}","templated":true}]}}