{"id":192551,"date":"2026-05-16T00:30:05","date_gmt":"2026-05-15T21:30:05","guid":{"rendered":"https:\/\/kingarms.ee\/product\/walther-lp500-expert\/"},"modified":"2026-05-16T00:30:05","modified_gmt":"2026-05-15T21:30:05","slug":"walther-lp500-expert","status":"publish","type":"product","link":"https:\/\/kingarms.ee\/lv\/product\/walther-lp500-expert\/","title":{"rendered":"Walther LP500 Expert"},"content":{"rendered":"","protected":false},"excerpt":{"rendered":"<p data-start=\"246\" data-end=\"831\">Walther LP500 Expert ir Walther LP400 mode\u013cu p\u0113ctecis un pieder LP500 s\u0113rijas prec\u012bzaj\u0101m PCP match pneimatiskaj\u0101m pistol\u0113m 10 metru sporta \u0161au\u0161anai. LP500 s\u0113rijas standarta apr\u012bkojum\u0101 ietilpst match stobrs ar kompensatoru, Linear absorber, saus\u0101 \u0161\u0101viena re\u017e\u012bms, saddle breech sist\u0113ma, alum\u012bnija cilindrs, pagrie\u017eams t\u0113m\u0113klis, 10 g INLINE atsvars, 3D mar\u0137\u0113jums, k\u0101 ar\u012b bezpak\u0101pju regul\u0113jams aizmugur\u0113jais t\u0113m\u0113klis p\u0113c platuma un dzi\u013cuma kop\u0101 ar pagrie\u017eamu priek\u0161\u0113jo t\u0113m\u0113kli. Modelis darbojas ar 200 bar PCP sist\u0113mu, ir 4,5 mm (.177) kalibr\u0101, ar 7,5 J ener\u0123iju, 221 mm stobra garumu, 420 mm kop\u0113jo garumu un 340\u2013400 mm regul\u0113jamu t\u0113m\u0113\u0161anas l\u012bniju.  <\/p>\n<p data-start=\"833\" data-end=\"1446\">LP500 Expert ir paredz\u0113ta \u0161\u0101v\u0113jam, kuram nepiecie\u0161ama stabila, prec\u012bza un labi regul\u0113jama sacens\u012bbu pistole. Roktura poz\u012bcija match \u0161au\u0161an\u0101 ir \u013coti svar\u012bga katrai rezult\u0101ta desmitda\u013cai, t\u0101p\u0113c \u0161im modelim ir parasts 3D rokturis, kas pal\u012bdz pan\u0101kt atk\u0101rtojamu un stabilu satv\u0113rienu. Expert versijai ir SILVER stobrs ar alum\u012bnija stobra apvalku, Chrome kr\u0101su dizains, Stabilizer g\u0101zes porti un X-Change spr\u016bda modulis ar meh\u0101nisko spr\u016bdu, kuru iesp\u0113jams nomain\u012bt pret elektronisko. Pistole sver 910 g, tai ir koka rokturis\/laidnes risin\u0101jums, un t\u0101 piem\u0113rota gan labro\u010diem, gan krei\u013ciem. Komplekt\u0101 ietilpst koferis, cilindrs, uzpildes zonde un instrumenti.    <\/p>\n","protected":false},"featured_media":192546,"template":"","meta":{"_acf_changed":false},"product_brand":[],"product_cat":[1004,1008],"product_tag":[],"class_list":{"0":"post-192551","1":"product","2":"type-product","3":"status-publish","4":"has-post-thumbnail","6":"product_cat-lidmasinas","7":"product_cat-pcp-hpa","9":"first","10":"instock","11":"taxable","12":"shipping-taxable","13":"purchasable","14":"product-type-simple"},"acf":[],"_links":{"self":[{"href":"https:\/\/kingarms.ee\/lv\/wp-json\/wp\/v2\/product\/192551","targetHints":{"allow":["GET"]}}],"collection":[{"href":"https:\/\/kingarms.ee\/lv\/wp-json\/wp\/v2\/product"}],"about":[{"href":"https:\/\/kingarms.ee\/lv\/wp-json\/wp\/v2\/types\/product"}],"wp:featuredmedia":[{"embeddable":true,"href":"https:\/\/kingarms.ee\/lv\/wp-json\/wp\/v2\/media\/192546"}],"wp:attachment":[{"href":"https:\/\/kingarms.ee\/lv\/wp-json\/wp\/v2\/media?parent=192551"}],"wp:term":[{"taxonomy":"product_brand","embeddable":true,"href":"https:\/\/kingarms.ee\/lv\/wp-json\/wp\/v2\/product_brand?post=192551"},{"taxonomy":"product_cat","embeddable":true,"href":"https:\/\/kingarms.ee\/lv\/wp-json\/wp\/v2\/product_cat?post=192551"},{"taxonomy":"product_tag","embeddable":true,"href":"https:\/\/kingarms.ee\/lv\/wp-json\/wp\/v2\/product_tag?post=192551"}],"curies":[{"name":"wp","href":"https:\/\/api.w.org\/{rel}","templated":true}]}}