{"id":192588,"date":"2026-05-16T11:52:52","date_gmt":"2026-05-16T08:52:52","guid":{"rendered":"https:\/\/kingarms.ee\/product\/walther-lp500-expert-electronic\/"},"modified":"2026-05-16T11:52:52","modified_gmt":"2026-05-16T08:52:52","slug":"walther-lp500-expert-electronic","status":"publish","type":"product","link":"https:\/\/kingarms.ee\/lv\/product\/walther-lp500-expert-electronic\/","title":{"rendered":"Walther LP500 Expert Electronic"},"content":{"rendered":"","protected":false},"excerpt":{"rendered":"<p data-start=\"275\" data-end=\"1014\">Walther LP500-E Expert ir LP500 Expert mode\u013ca elektronisk\u0101 versija un Walther LP400 mode\u013cu p\u0113ctecis. T\u0101 pieder LP500 s\u0113rijas prec\u012bzaj\u0101m PCP match pneimatiskaj\u0101m pistol\u0113m 10 metru sporta \u0161au\u0161anai un ir paredz\u0113ta \u0161\u0101v\u0113jam, kuram nepiecie\u0161ama stabilit\u0101te, smalka regul\u0113\u0161ana un sacens\u012bbu l\u012bme\u0146a atk\u0101rtojam\u012bba. LP500 s\u0113rijas standarta apr\u012bkojum\u0101 ietilpst match stobrs ar kompensatoru, absorbers, saus\u0101 \u0161\u0101viena re\u017e\u012bms, saddle breech sist\u0113ma, alum\u012bnija cilindrs, pagrie\u017eams t\u0113m\u0113klis, 10 g INLINE atsvars, 3D mar\u0137\u0113jums, k\u0101 ar\u012b bezpak\u0101pju regul\u0113jams aizmugur\u0113jais t\u0113m\u0113klis p\u0113c platuma un dzi\u013cuma kop\u0101 ar pagrie\u017eamu priek\u0161\u0113jo t\u0113m\u0113kli. Modelis darbojas ar 200 bar PCP sist\u0113mu, ir 4,5 mm (.177) kalibr\u0101, ar 7,5 J ener\u0123iju, 221 mm stobra garumu, 420 mm kop\u0113jo garumu un 340\u2013400 mm regul\u0113jamu t\u0113m\u0113\u0161anas l\u012bniju.   <\/p>\n<p data-start=\"1016\" data-end=\"1709\">LP500-E Expert ir veidota prec\u012bzai satv\u0113riena kontrolei un t\u012brai spr\u016bda darb\u012bbai, jo match \u0161au\u0161an\u0101 pat \u013coti mazas nianses var ietekm\u0113t rezult\u0101tu. Modelim ir parasts 3D rokturis, kas pal\u012bdz pan\u0101kt stabilu un atk\u0101rtojamu satv\u0113rienu; \u0161\u012b versija paredz\u0113ta labro\u010diem un apr\u012bkota ar M izm\u0113ra rokturi. LP500-E Expert versijai ir GOLD stobrs ar alum\u012bnija stobra apvalku, stabilizators un X-Change spr\u016bda modulis ar regul\u0113jamu elektronisko spr\u016bdu. Elektroniskais spr\u016bds nodro\u0161ina \u013coti vienm\u0113r\u012bgu un paredzamu darb\u012bbu, kas ir \u012bpa\u0161i piem\u0113rota pras\u012bgai 10 metru sacens\u012bbu \u0161au\u0161anai. Pistole sver 950 g, tai ir koka rokturis, un komplekt\u0101 ietilpst koferis, t\u012br\u012b\u0161anas komplekts, uzpildes zonde, baro\u0161anas adapteris, instrumenti un USB kabelis.    <\/p>\n","protected":false},"featured_media":192583,"template":"","meta":{"_acf_changed":false},"product_brand":[],"product_cat":[1004,1008],"product_tag":[],"class_list":{"0":"post-192588","1":"product","2":"type-product","3":"status-publish","4":"has-post-thumbnail","6":"product_cat-lidmasinas","7":"product_cat-pcp-hpa","9":"first","10":"instock","11":"taxable","12":"shipping-taxable","13":"purchasable","14":"product-type-simple"},"acf":[],"_links":{"self":[{"href":"https:\/\/kingarms.ee\/lv\/wp-json\/wp\/v2\/product\/192588","targetHints":{"allow":["GET"]}}],"collection":[{"href":"https:\/\/kingarms.ee\/lv\/wp-json\/wp\/v2\/product"}],"about":[{"href":"https:\/\/kingarms.ee\/lv\/wp-json\/wp\/v2\/types\/product"}],"wp:featuredmedia":[{"embeddable":true,"href":"https:\/\/kingarms.ee\/lv\/wp-json\/wp\/v2\/media\/192583"}],"wp:attachment":[{"href":"https:\/\/kingarms.ee\/lv\/wp-json\/wp\/v2\/media?parent=192588"}],"wp:term":[{"taxonomy":"product_brand","embeddable":true,"href":"https:\/\/kingarms.ee\/lv\/wp-json\/wp\/v2\/product_brand?post=192588"},{"taxonomy":"product_cat","embeddable":true,"href":"https:\/\/kingarms.ee\/lv\/wp-json\/wp\/v2\/product_cat?post=192588"},{"taxonomy":"product_tag","embeddable":true,"href":"https:\/\/kingarms.ee\/lv\/wp-json\/wp\/v2\/product_tag?post=192588"}],"curies":[{"name":"wp","href":"https:\/\/api.w.org\/{rel}","templated":true}]}}