{"id":192600,"date":"2026-05-16T12:01:27","date_gmt":"2026-05-16T09:01:27","guid":{"rendered":"https:\/\/kingarms.ee\/product\/walther-lp500\/"},"modified":"2026-05-16T12:01:27","modified_gmt":"2026-05-16T09:01:27","slug":"walther-lp500","status":"publish","type":"product","link":"https:\/\/kingarms.ee\/lv\/product\/walther-lp500\/","title":{"rendered":"Walther LP500"},"content":{"rendered":"","protected":false},"excerpt":{"rendered":"<p data-start=\"268\" data-end=\"882\">Walther LP500 ir LP500 s\u0113rijas b\u0101zes modelis, ko Walther izstr\u0101d\u0101jis, lai pied\u0101v\u0101tu augstu kvalit\u0101ti par draudz\u012bg\u0101ku cenu. \u0160\u012b PCP match pneimatisk\u0101 pistole paredz\u0113ta 10 metru sporta \u0161au\u0161anai un ir 4,5 mm (.177) kalibr\u0101. T\u0101 izmanto melnu alum\u012bnija gaisa cilindru ar 200 bar uzpildes spiedienu, kas nodro\u0161ina aptuveni 100\u2013150 \u0161\u0101vienus ar vienu uzpildi. Modelim ir match stobrs ar kompensatoru un alum\u012bnija \u0101r\u0113jo stobru, 7,5 J ener\u0123ija, 221 mm stobra garums, 420 mm kop\u0113jais garums un 351 mm t\u0113m\u0113\u0161anas l\u012bnija. Saddle breech konstrukcija atvieglo lod\u012b\u0161u iel\u0101di, saus\u0101 \u0161\u0101viena re\u017e\u012bms \u013cauj tren\u0113t spr\u016bda darb\u012bbu bez \u0161\u0101viena, bet nelielais 855 g svars nodro\u0161ina \u0113rtu vad\u0101m\u012bbu.   <\/p>\n<p data-start=\"884\" data-end=\"1466\">Walther LP500 ir apr\u012bkota ar anatomiski veidotu 3D rokturi, kuru var piel\u0101got \u0161\u0101v\u0113ja rokas izm\u0113ram; modelis ir piem\u0113rots abpus\u0113jai lieto\u0161anai. Aizmugur\u0113j\u0101 t\u0113m\u0113k\u013ca platumu un dzi\u013cumu var regul\u0113t, bet tr\u012bspus\u0113jais priek\u0161\u0113jais t\u0113m\u0113klis pied\u0101v\u0101 tr\u012bs izv\u0113lamus platumus \u2014 3,8, 4,4 un 4,7 mm, kurus izv\u0113las, pagrie\u017eot t\u0113m\u0113kli. Alum\u012bnija divpak\u0101pju master spr\u016bda m\u0113l\u012bte un X-Change main\u0101m\u0101 spr\u016bda grupa \u013cauj izv\u0113l\u0113ties starp meh\u0101nisko un elektronisko spr\u016bdu; komplekt\u0101 iek\u013cauts meh\u0101niskais spr\u016bds. Komplekt\u0101 ietilpst koferis, t\u012br\u012b\u0161anas komplekts, uzpildes adapteris un instrumenti.   <\/p>\n","protected":false},"featured_media":192595,"template":"","meta":{"_acf_changed":false},"product_brand":[],"product_cat":[1004,1008],"product_tag":[],"class_list":{"0":"post-192600","1":"product","2":"type-product","3":"status-publish","4":"has-post-thumbnail","6":"product_cat-lidmasinas","7":"product_cat-pcp-hpa","9":"first","10":"instock","11":"taxable","12":"shipping-taxable","13":"purchasable","14":"product-type-simple"},"acf":[],"_links":{"self":[{"href":"https:\/\/kingarms.ee\/lv\/wp-json\/wp\/v2\/product\/192600","targetHints":{"allow":["GET"]}}],"collection":[{"href":"https:\/\/kingarms.ee\/lv\/wp-json\/wp\/v2\/product"}],"about":[{"href":"https:\/\/kingarms.ee\/lv\/wp-json\/wp\/v2\/types\/product"}],"wp:featuredmedia":[{"embeddable":true,"href":"https:\/\/kingarms.ee\/lv\/wp-json\/wp\/v2\/media\/192595"}],"wp:attachment":[{"href":"https:\/\/kingarms.ee\/lv\/wp-json\/wp\/v2\/media?parent=192600"}],"wp:term":[{"taxonomy":"product_brand","embeddable":true,"href":"https:\/\/kingarms.ee\/lv\/wp-json\/wp\/v2\/product_brand?post=192600"},{"taxonomy":"product_cat","embeddable":true,"href":"https:\/\/kingarms.ee\/lv\/wp-json\/wp\/v2\/product_cat?post=192600"},{"taxonomy":"product_tag","embeddable":true,"href":"https:\/\/kingarms.ee\/lv\/wp-json\/wp\/v2\/product_tag?post=192600"}],"curies":[{"name":"wp","href":"https:\/\/api.w.org\/{rel}","templated":true}]}}